{"id":42047,"date":"2023-11-05T09:34:00","date_gmt":"2024-07-17T18:17:59","guid":{"rendered":"https:\/\/pikasworld.ch\/product\/servietten-streifen-aqua-20-st\/"},"modified":"2024-11-08T13:45:50","modified_gmt":"2024-11-08T12:45:50","slug":"servietten-streifen-aqua-20-st","status":"publish","type":"product","link":"https:\/\/camaleoparty.ch\/de\/produkt\/servietten-streifen-aqua-20-st\/","title":{"rendered":"Servietten Streifen aqua, 20 St."},"content":{"rendered":"<p>? Tauchen Sie mit diesen tollen Papierservietten mit Aqua-Streifen in eine festliche Stimmung ein! Perfekt, um einen Geburtstagstisch mit dem Thema Ozean oder Einhorn zu vervollst\u00e4ndigen, verleihen diese Servietten Ihrer Dekoration einen frischen und fantasievollen Touch. ?<\/p>\n<p>\u2728 In Paris entworfen und in Europa hergestellt, werden sie mit FSC-Papier gestaltet, mit pflanzlicher Tinte gef\u00e4rbt und sind vollst\u00e4ndig recycelbar. Eine umweltfreundliche und schicke Wahl f\u00fcr Ihre Partys!<\/p>\n<p><strong>Produktinfos:<\/strong><\/p>\n<ul>\n<li>3 Schichten f\u00fcr bessere Absorption<\/li>\n<li>Inhalt: 20 Handt\u00fccher<\/li>\n<li>Zusammensetzung: FSC-Papier, Zellulosefolie, pflanzliche Druckfarben<\/li>\n<li>Abmessungen Verpackung: 2 x 16,5 x 16,5 cm<\/li>\n<li>Gewicht : 100 g<\/li>\n<li>Herkunft: EU<\/li>\n<li>Entwurf: Paris<\/li>\n<\/ul>\n<p>Ob f\u00fcr einen Geburtstag, ein Picknick oder eine andere Feier, diese Papierservietten mit Aqua-Streifen sind die perfekte Wahl f\u00fcr einen farbenfrohen und umweltbewussten Tisch. Sorgen Sie mit diesen trendigen und umweltfreundlichen Servietten f\u00fcr Aufsehen! ?<\/p>\n","protected":false},"excerpt":{"rendered":"<p>Ob f\u00fcr einen Geburtstag, ein Picknick oder eine andere Feier, diese Papierservietten mit Aqua-Streifen sind die perfekte Wahl f\u00fcr einen farbenfrohen und umweltbewussten Tisch. Sorgen Sie mit diesen trendigen und umweltfreundlichen Servietten f\u00fcr Aufsehen! ?<\/p>\n<p>&nbsp;<\/p>\n","protected":false},"featured_media":36177,"comment_status":"open","ping_status":"closed","template":"","meta":[],"product_cat":[1285,1206,161,147],"product_tag":[],"class_list":{"0":"post-42047","1":"product","2":"type-product","3":"status-publish","4":"has-post-thumbnail","6":"product_brand-mylittleday-de","7":"product_cat-menthe-de","8":"product_cat-farbe-gruen","9":"product_cat-servietten","10":"product_cat-verjaardags-en-feesttafelversieringen","12":"first","13":"instock","14":"taxable","15":"shipping-taxable","16":"purchasable","17":"product-type-simple"},"_links":{"self":[{"href":"https:\/\/camaleoparty.ch\/de\/wp-json\/wp\/v2\/product\/42047","targetHints":{"allow":["GET"]}}],"collection":[{"href":"https:\/\/camaleoparty.ch\/de\/wp-json\/wp\/v2\/product"}],"about":[{"href":"https:\/\/camaleoparty.ch\/de\/wp-json\/wp\/v2\/types\/product"}],"replies":[{"embeddable":true,"href":"https:\/\/camaleoparty.ch\/de\/wp-json\/wp\/v2\/comments?post=42047"}],"wp:featuredmedia":[{"embeddable":true,"href":"https:\/\/camaleoparty.ch\/de\/wp-json\/wp\/v2\/media\/36177"}],"wp:attachment":[{"href":"https:\/\/camaleoparty.ch\/de\/wp-json\/wp\/v2\/media?parent=42047"}],"wp:term":[{"taxonomy":"product_cat","embeddable":true,"href":"https:\/\/camaleoparty.ch\/de\/wp-json\/wp\/v2\/product_cat?post=42047"},{"taxonomy":"product_tag","embeddable":true,"href":"https:\/\/camaleoparty.ch\/de\/wp-json\/wp\/v2\/product_tag?post=42047"}],"curies":[{"name":"wp","href":"https:\/\/api.w.org\/{rel}","templated":true}]}}