{"id":42034,"date":"2023-09-13T14:05:09","date_gmt":"2024-07-17T16:15:52","guid":{"rendered":"https:\/\/pikasworld.ch\/product\/halloween-suessigkeitseimer-kuerbis\/"},"modified":"2024-11-08T13:52:31","modified_gmt":"2024-11-08T12:52:31","slug":"halloween-suessigkeitseimer-kuerbis","status":"publish","type":"product","link":"https:\/\/camaleoparty.ch\/de\/produkt\/halloween-suessigkeitseimer-kuerbis\/","title":{"rendered":"Halloween-S\u00fc\u00dfigkeitseimer &#8211; K\u00fcrbis"},"content":{"rendered":"<p>Halloween-S\u00fc\u00dfigkeitseimer-Set, erh\u00e4ltlich in zwei Modellen, bunt gemischt, H\u00f6he ca. 13,5 cm.<\/p>\n","protected":false},"excerpt":{"rendered":"<p>Halloween-S\u00fc\u00dfigkeitseimer-Set, erh\u00e4ltlich in zwei Modellen, bunt gemischt, H\u00f6he ca. 13,5 cm.<\/p>\n","protected":false},"featured_media":35039,"comment_status":"open","ping_status":"closed","template":"","meta":[],"product_cat":[258],"product_tag":[],"class_list":{"0":"post-42034","1":"product","2":"type-product","3":"status-publish","4":"has-post-thumbnail","6":"product_cat-halloween-de-2","8":"first","9":"instock","10":"taxable","11":"shipping-taxable","12":"purchasable","13":"product-type-simple"},"_links":{"self":[{"href":"https:\/\/camaleoparty.ch\/de\/wp-json\/wp\/v2\/product\/42034","targetHints":{"allow":["GET"]}}],"collection":[{"href":"https:\/\/camaleoparty.ch\/de\/wp-json\/wp\/v2\/product"}],"about":[{"href":"https:\/\/camaleoparty.ch\/de\/wp-json\/wp\/v2\/types\/product"}],"replies":[{"embeddable":true,"href":"https:\/\/camaleoparty.ch\/de\/wp-json\/wp\/v2\/comments?post=42034"}],"wp:featuredmedia":[{"embeddable":true,"href":"https:\/\/camaleoparty.ch\/de\/wp-json\/wp\/v2\/media\/35039"}],"wp:attachment":[{"href":"https:\/\/camaleoparty.ch\/de\/wp-json\/wp\/v2\/media?parent=42034"}],"wp:term":[{"taxonomy":"product_cat","embeddable":true,"href":"https:\/\/camaleoparty.ch\/de\/wp-json\/wp\/v2\/product_cat?post=42034"},{"taxonomy":"product_tag","embeddable":true,"href":"https:\/\/camaleoparty.ch\/de\/wp-json\/wp\/v2\/product_tag?post=42034"}],"curies":[{"name":"wp","href":"https:\/\/api.w.org\/{rel}","templated":true}]}}