{"id":42031,"date":"2023-09-13T10:58:42","date_gmt":"2024-07-17T16:10:43","guid":{"rendered":"https:\/\/pikasworld.ch\/product\/schwimmkerze-auge\/"},"modified":"2024-11-08T13:52:35","modified_gmt":"2024-11-08T12:52:35","slug":"schwimmkerze-auge","status":"publish","type":"product","link":"https:\/\/camaleoparty.ch\/de\/produkt\/schwimmkerze-auge\/","title":{"rendered":"Schwimmkerze Auge"},"content":{"rendered":"<p>? Verleihen Sie Ihrer n\u00e4chsten Party mit dieser Schwimmkerze in Form eines Auges einen Hauch von Geheimnis und Spa\u00df! Mit einer Gr\u00f6\u00dfe von 4 cm eignet sie sich perfekt, um eine einzigartige und faszinierende Atmosph\u00e4re zu schaffen. ?<\/p>\n<p>Tauchen Sie sie ins Wasser und beobachten Sie, wie sie schwimmt und dabei ein bet\u00f6rendes Leuchten verbreitet. Ideal f\u00fcr Halloween, eine Themenparty oder einfach, um Ihre G\u00e4ste zu \u00fcberraschen, ist diese Kerze das perfekte Accessoire, um Ihre Dekoration aufzupeppen.<\/p>\n<p>Gr\u00f6\u00dfe: 4 cm<\/p>\n<p>Lassen Sie sich von dieser Schwimmkerze in Form eines Auges hypnotisieren und machen Sie Ihre Party zu einem unvergesslichen Ereignis!<\/p>\n","protected":false},"excerpt":{"rendered":"<p>Lassen Sie sich von dieser Schwimmkerze in Form eines Auges hypnotisieren und machen Sie Ihre Party zu einem unvergesslichen Ereignis!<\/p>\n","protected":false},"featured_media":35027,"comment_status":"open","ping_status":"closed","template":"","meta":[],"product_cat":[258,1079,1081,167],"product_tag":[],"class_list":{"0":"post-42031","1":"product","2":"type-product","3":"status-publish","4":"has-post-thumbnail","6":"product_brand-partydeco-de","7":"product_cat-halloween-de-2","8":"product_cat-halloween-raum-und-ausendekoration","9":"product_cat-halloween-tischdekoration","10":"product_cat-kerzen","12":"first","13":"instock","14":"sale","15":"featured","16":"taxable","17":"shipping-taxable","18":"purchasable","19":"product-type-simple"},"_links":{"self":[{"href":"https:\/\/camaleoparty.ch\/de\/wp-json\/wp\/v2\/product\/42031","targetHints":{"allow":["GET"]}}],"collection":[{"href":"https:\/\/camaleoparty.ch\/de\/wp-json\/wp\/v2\/product"}],"about":[{"href":"https:\/\/camaleoparty.ch\/de\/wp-json\/wp\/v2\/types\/product"}],"replies":[{"embeddable":true,"href":"https:\/\/camaleoparty.ch\/de\/wp-json\/wp\/v2\/comments?post=42031"}],"wp:featuredmedia":[{"embeddable":true,"href":"https:\/\/camaleoparty.ch\/de\/wp-json\/wp\/v2\/media\/35027"}],"wp:attachment":[{"href":"https:\/\/camaleoparty.ch\/de\/wp-json\/wp\/v2\/media?parent=42031"}],"wp:term":[{"taxonomy":"product_cat","embeddable":true,"href":"https:\/\/camaleoparty.ch\/de\/wp-json\/wp\/v2\/product_cat?post=42031"},{"taxonomy":"product_tag","embeddable":true,"href":"https:\/\/camaleoparty.ch\/de\/wp-json\/wp\/v2\/product_tag?post=42031"}],"curies":[{"name":"wp","href":"https:\/\/api.w.org\/{rel}","templated":true}]}}