{"id":42030,"date":"2023-09-13T07:17:13","date_gmt":"2024-07-17T16:09:46","guid":{"rendered":"https:\/\/pikasworld.ch\/product\/hexenhut-mit-goldenen-sternen\/"},"modified":"2024-11-08T13:52:40","modified_gmt":"2024-11-08T12:52:40","slug":"hexenhut-mit-goldenen-sternen","status":"publish","type":"product","link":"https:\/\/camaleoparty.ch\/de\/produkt\/hexenhut-mit-goldenen-sternen\/","title":{"rendered":"Hexenhut mit goldenen Sternen"},"content":{"rendered":"<p>M\u00f6chte sich Ihre Tochter an Halloween als Hexe verkleiden?<\/p>\n<p>Hier ist ein h\u00fcbscher Hexenhut mit goldenen Sternen und Monden.<\/p>\n<p>Er wird perfekt sein, um S\u00fc\u00dfigkeiten zu holen!<\/p>\n<p>Sie kann die S\u00fc\u00dfigkeiten, die sie bekommen hat, in die Katzentaschen stecken \ud83d\ude09<\/p>\n<p>Durchmesser der Kopf\u00f6ffnung 19 cm, Durchmesser des Randes 42 cm, H\u00f6he 32 cm.<\/p>\n","protected":false},"excerpt":{"rendered":"<p>M\u00f6chte sich Ihre Tochter an Halloween als Hexe verkleiden? Hier ist ein h\u00fcbscher Hexenhut mit goldenen Sternen und Monden. Er wird perfekt sein, um S\u00fc\u00dfigkeiten zu holen! Sie kann die S\u00fc\u00dfigkeiten, die sie bekommen hat, in die Katzentaschen stecken \ud83d\ude09 Durchmesser der Kopf\u00f6ffnung 19 cm, Durchmesser des Randes 42 cm, H\u00f6he 32 cm.<\/p>\n","protected":false},"featured_media":35011,"comment_status":"open","ping_status":"closed","template":"","meta":[],"product_cat":[258,1079,1078,1039,136,582,853],"product_tag":[],"class_list":{"0":"post-42030","1":"product","2":"type-product","3":"status-publish","4":"has-post-thumbnail","6":"product_brand-partydeco-de","7":"product_cat-halloween-de-2","8":"product_cat-halloween-raum-und-ausendekoration","9":"product_cat-halloween-kleine-geschenke-accessoires","10":"product_cat-kinder-madchen","11":"product_cat-kostueme","12":"product_cat-magier","13":"product_cat-zubehor","15":"first","16":"instock","17":"taxable","18":"shipping-taxable","19":"purchasable","20":"product-type-simple"},"_links":{"self":[{"href":"https:\/\/camaleoparty.ch\/de\/wp-json\/wp\/v2\/product\/42030","targetHints":{"allow":["GET"]}}],"collection":[{"href":"https:\/\/camaleoparty.ch\/de\/wp-json\/wp\/v2\/product"}],"about":[{"href":"https:\/\/camaleoparty.ch\/de\/wp-json\/wp\/v2\/types\/product"}],"replies":[{"embeddable":true,"href":"https:\/\/camaleoparty.ch\/de\/wp-json\/wp\/v2\/comments?post=42030"}],"wp:featuredmedia":[{"embeddable":true,"href":"https:\/\/camaleoparty.ch\/de\/wp-json\/wp\/v2\/media\/35011"}],"wp:attachment":[{"href":"https:\/\/camaleoparty.ch\/de\/wp-json\/wp\/v2\/media?parent=42030"}],"wp:term":[{"taxonomy":"product_cat","embeddable":true,"href":"https:\/\/camaleoparty.ch\/de\/wp-json\/wp\/v2\/product_cat?post=42030"},{"taxonomy":"product_tag","embeddable":true,"href":"https:\/\/camaleoparty.ch\/de\/wp-json\/wp\/v2\/product_tag?post=42030"}],"curies":[{"name":"wp","href":"https:\/\/api.w.org\/{rel}","templated":true}]}}