{"id":42028,"date":"2023-09-12T23:09:00","date_gmt":"2024-07-17T16:09:17","guid":{"rendered":"https:\/\/pikasworld.ch\/product\/seidenpapierdekoration-kuerbisse\/"},"modified":"2024-11-08T13:52:43","modified_gmt":"2024-11-08T12:52:43","slug":"seidenpapierdekoration-kuerbisse","status":"publish","type":"product","link":"https:\/\/camaleoparty.ch\/de\/produkt\/seidenpapierdekoration-kuerbisse\/","title":{"rendered":"Seidenpapierdekoration K\u00fcrbisse"},"content":{"rendered":"<p>3 Wundersch\u00f6ne Bienennistk\u00fcrbisse aus Seidenpapier f\u00fcr eine h\u00fcbsche Halloween-Partydekoration<\/p>\n<p>3 Farben sortiert rosa, orange und koralle<\/p>\n<p>Abmessung: 24cm<\/p>\n","protected":false},"excerpt":{"rendered":"<p>3 Wundersch\u00f6ne Bienennistk\u00fcrbisse aus Seidenpapier f\u00fcr eine h\u00fcbsche Halloween-Partydekoration 3 Farben sortiert rosa, orange und koralle Abmessung: 24cm<\/p>\n","protected":false},"featured_media":35007,"comment_status":"open","ping_status":"closed","template":"","meta":[],"product_cat":[258,1079,1204,169,598],"product_tag":[],"class_list":{"0":"post-42028","1":"product","2":"type-product","3":"status-publish","4":"has-post-thumbnail","6":"product_brand-partydeco-de","7":"product_cat-halloween-de-2","8":"product_cat-halloween-raum-und-ausendekoration","9":"product_cat-rosa","10":"product_cat-wabenball","11":"product_cat-waldgebiet","13":"first","14":"instock","15":"taxable","16":"shipping-taxable","17":"purchasable","18":"product-type-simple"},"_links":{"self":[{"href":"https:\/\/camaleoparty.ch\/de\/wp-json\/wp\/v2\/product\/42028","targetHints":{"allow":["GET"]}}],"collection":[{"href":"https:\/\/camaleoparty.ch\/de\/wp-json\/wp\/v2\/product"}],"about":[{"href":"https:\/\/camaleoparty.ch\/de\/wp-json\/wp\/v2\/types\/product"}],"replies":[{"embeddable":true,"href":"https:\/\/camaleoparty.ch\/de\/wp-json\/wp\/v2\/comments?post=42028"}],"wp:featuredmedia":[{"embeddable":true,"href":"https:\/\/camaleoparty.ch\/de\/wp-json\/wp\/v2\/media\/35007"}],"wp:attachment":[{"href":"https:\/\/camaleoparty.ch\/de\/wp-json\/wp\/v2\/media?parent=42028"}],"wp:term":[{"taxonomy":"product_cat","embeddable":true,"href":"https:\/\/camaleoparty.ch\/de\/wp-json\/wp\/v2\/product_cat?post=42028"},{"taxonomy":"product_tag","embeddable":true,"href":"https:\/\/camaleoparty.ch\/de\/wp-json\/wp\/v2\/product_tag?post=42028"}],"curies":[{"name":"wp","href":"https:\/\/api.w.org\/{rel}","templated":true}]}}