{"id":42026,"date":"2023-09-13T14:26:14","date_gmt":"2024-07-17T16:08:04","guid":{"rendered":"https:\/\/pikasworld.ch\/product\/teller-schaedel\/"},"modified":"2024-11-08T13:52:29","modified_gmt":"2024-11-08T12:52:29","slug":"teller-schaedel","status":"publish","type":"product","link":"https:\/\/camaleoparty.ch\/de\/produkt\/teller-schaedel\/","title":{"rendered":"Teller Sch\u00e4del"},"content":{"rendered":"<p>Gestalten Sie einen sch\u00f6nen Halloween-Tisch mit diesen entz\u00fcckenden Papptellern in Form eines Totensch\u00e4dels, die ideal sind, um Ihre Halloween-Partytafel zum Leben zu erwecken.<\/p>\n<p>Sie k\u00f6nnen ihn mit unserer Halloween-Auswahl kombinieren.<\/p>\n<p>Durchmesser ca. 18 x 27 cm.<\/p>\n<p>1 pqt. \/ 6 Stk.<\/p>\n","protected":false},"excerpt":{"rendered":"<p>Gestalten Sie einen sch\u00f6nen Halloween-Tisch mit diesen entz\u00fcckenden Papptellern in Form eines Totensch\u00e4dels, die ideal sind, um Ihre Halloween-Partytafel zum Leben zu erwecken. Sie k\u00f6nnen ihn mit unserer Halloween-Auswahl kombinieren. Durchmesser ca. 18 x 27 cm. 1 pqt. \/ 6 Stk.<\/p>\n","protected":false},"featured_media":35048,"comment_status":"open","ping_status":"closed","template":"","meta":[],"product_cat":[258,1081,149,147],"product_tag":[],"class_list":{"0":"post-42026","1":"product","2":"type-product","3":"status-publish","4":"has-post-thumbnail","6":"product_brand-partydeco-de","7":"product_cat-halloween-de-2","8":"product_cat-halloween-tischdekoration","9":"product_cat-teller","10":"product_cat-verjaardags-en-feesttafelversieringen","12":"first","13":"instock","14":"taxable","15":"shipping-taxable","16":"purchasable","17":"product-type-simple"},"_links":{"self":[{"href":"https:\/\/camaleoparty.ch\/de\/wp-json\/wp\/v2\/product\/42026","targetHints":{"allow":["GET"]}}],"collection":[{"href":"https:\/\/camaleoparty.ch\/de\/wp-json\/wp\/v2\/product"}],"about":[{"href":"https:\/\/camaleoparty.ch\/de\/wp-json\/wp\/v2\/types\/product"}],"replies":[{"embeddable":true,"href":"https:\/\/camaleoparty.ch\/de\/wp-json\/wp\/v2\/comments?post=42026"}],"wp:featuredmedia":[{"embeddable":true,"href":"https:\/\/camaleoparty.ch\/de\/wp-json\/wp\/v2\/media\/35048"}],"wp:attachment":[{"href":"https:\/\/camaleoparty.ch\/de\/wp-json\/wp\/v2\/media?parent=42026"}],"wp:term":[{"taxonomy":"product_cat","embeddable":true,"href":"https:\/\/camaleoparty.ch\/de\/wp-json\/wp\/v2\/product_cat?post=42026"},{"taxonomy":"product_tag","embeddable":true,"href":"https:\/\/camaleoparty.ch\/de\/wp-json\/wp\/v2\/product_tag?post=42026"}],"curies":[{"name":"wp","href":"https:\/\/api.w.org\/{rel}","templated":true}]}}