{"id":42020,"date":"2023-10-07T13:47:00","date_gmt":"2024-07-17T16:05:13","guid":{"rendered":"https:\/\/pikasworld.ch\/product\/4-tischsets-aus-spinnennetzen\/"},"modified":"2024-11-08T13:51:13","modified_gmt":"2024-11-08T12:51:13","slug":"4-tischsets-aus-spinnennetzen","status":"publish","type":"product","link":"https:\/\/camaleoparty.ch\/de\/produkt\/4-tischsets-aus-spinnennetzen\/","title":{"rendered":"4 Tischsets aus Spinnennetzen"},"content":{"rendered":"<h5><\/h5>\n<p>Verwandeln Sie Ihre Halloween-Party im Handumdrehen, indem Sie diese Tischsets im Spinnennetz-Design zu Ihrem Geschirr hinzuf\u00fcgen.<\/p>\n<p>Mit ihrem eleganten Design sind diese Tischsets die perfekte Erg\u00e4nzung zu Ihrer Halloween-Tischdekoration und k\u00f6nnen Jahr f\u00fcr Jahr genossen werden.<\/p>\n<p>Schaffen Sie eine gruselige Atmosph\u00e4re und kombinieren Sie dieses Geschirr mit Halloween-Dekorationen aus unserer neuen Kollektion &#8218;Pick Your Poison&#8216;, die eine spektakul\u00e4r furchteinfl\u00f6\u00dfende schwarz-violette Dekoration in den Mittelpunkt stellt.<\/p>\n<p>Jedes Set enth\u00e4lt :<\/p>\n<p>4 x Tischsets aus Spinnennetz mit den Ma\u00dfen 30 cm (H) x 30 cm (B).<\/p>\n<p>Die Verpackung ist recycelbar und FSC-zertifiziert.<\/p>\n","protected":false},"excerpt":{"rendered":"<p>Mit ihrem eleganten Design sind diese Tischsets die perfekte Erg\u00e4nzung zu Ihrer Halloween-Tischdekoration und k\u00f6nnen Jahr f\u00fcr Jahr genossen werden.<\/p>\n","protected":false},"featured_media":35463,"comment_status":"open","ping_status":"closed","template":"","meta":[],"product_cat":[258,1081,388],"product_tag":[],"class_list":{"0":"post-42020","1":"product","2":"type-product","3":"status-publish","4":"has-post-thumbnail","6":"product_brand-gingerray-de","7":"product_cat-halloween-de-2","8":"product_cat-halloween-tischdekoration","9":"product_cat-tischdecken-und-laeufer","11":"first","12":"instock","13":"taxable","14":"shipping-taxable","15":"purchasable","16":"product-type-simple"},"_links":{"self":[{"href":"https:\/\/camaleoparty.ch\/de\/wp-json\/wp\/v2\/product\/42020","targetHints":{"allow":["GET"]}}],"collection":[{"href":"https:\/\/camaleoparty.ch\/de\/wp-json\/wp\/v2\/product"}],"about":[{"href":"https:\/\/camaleoparty.ch\/de\/wp-json\/wp\/v2\/types\/product"}],"replies":[{"embeddable":true,"href":"https:\/\/camaleoparty.ch\/de\/wp-json\/wp\/v2\/comments?post=42020"}],"wp:featuredmedia":[{"embeddable":true,"href":"https:\/\/camaleoparty.ch\/de\/wp-json\/wp\/v2\/media\/35463"}],"wp:attachment":[{"href":"https:\/\/camaleoparty.ch\/de\/wp-json\/wp\/v2\/media?parent=42020"}],"wp:term":[{"taxonomy":"product_cat","embeddable":true,"href":"https:\/\/camaleoparty.ch\/de\/wp-json\/wp\/v2\/product_cat?post=42020"},{"taxonomy":"product_tag","embeddable":true,"href":"https:\/\/camaleoparty.ch\/de\/wp-json\/wp\/v2\/product_tag?post=42020"}],"curies":[{"name":"wp","href":"https:\/\/api.w.org\/{rel}","templated":true}]}}