{"id":42018,"date":"2023-10-07T14:17:54","date_gmt":"2024-07-17T16:04:49","guid":{"rendered":"https:\/\/pikasworld.ch\/product\/halloween-tuerdekorationen\/"},"modified":"2024-11-08T13:51:12","modified_gmt":"2024-11-08T12:51:12","slug":"halloween-tuerdekorationen","status":"publish","type":"product","link":"https:\/\/camaleoparty.ch\/de\/produkt\/halloween-tuerdekorationen\/","title":{"rendered":"Halloween-T\u00fcrdekorationen"},"content":{"rendered":"<p>Begr\u00fc\u00dfen Sie die Kinder, die bei Ihnen zu Hause von T\u00fcr zu T\u00fcr gehen, mit unserer Halloween-T\u00fcrdekoration.<\/p>\n<p>Gestalten Sie zu Halloween ein Spukhaus. Diese Sticker werden Ihre G\u00e4ste garantiert \u00fcberraschen.<\/p>\n<p>Kombinieren Sie diese gruseligen Halloween-Fenstersticker mit anderen Dekorationen und Accessoires aus unserer Boa Crew-Kollektion.<\/p>\n<p>Jede Packung enth\u00e4lt: 2 x T\u00fcraufkleberb\u00f6gen mit dem Gesicht des Vampirs, Flederm\u00e4usen, Spinnen mit ihren Netzen und Blutspritzern.<\/p>\n<p>Die Verpackung ist recycelbar.<\/p>\n","protected":false},"excerpt":{"rendered":"<p>Diese Halloween-T\u00fcrdekorationen enthalten 2 B\u00f6gen mit T\u00fcraufklebern mit einem Vampirgesicht, Flederm\u00e4usen, Spinnen mit Netz und Blutstropfen.<\/p>\n","protected":false},"featured_media":35467,"comment_status":"open","ping_status":"closed","template":"","meta":[],"product_cat":[258,1079],"product_tag":[],"class_list":{"0":"post-42018","1":"product","2":"type-product","3":"status-publish","4":"has-post-thumbnail","6":"product_brand-gingerray-de","7":"product_cat-halloween-de-2","8":"product_cat-halloween-raum-und-ausendekoration","10":"first","11":"instock","12":"taxable","13":"shipping-taxable","14":"purchasable","15":"product-type-simple"},"_links":{"self":[{"href":"https:\/\/camaleoparty.ch\/de\/wp-json\/wp\/v2\/product\/42018","targetHints":{"allow":["GET"]}}],"collection":[{"href":"https:\/\/camaleoparty.ch\/de\/wp-json\/wp\/v2\/product"}],"about":[{"href":"https:\/\/camaleoparty.ch\/de\/wp-json\/wp\/v2\/types\/product"}],"replies":[{"embeddable":true,"href":"https:\/\/camaleoparty.ch\/de\/wp-json\/wp\/v2\/comments?post=42018"}],"wp:featuredmedia":[{"embeddable":true,"href":"https:\/\/camaleoparty.ch\/de\/wp-json\/wp\/v2\/media\/35467"}],"wp:attachment":[{"href":"https:\/\/camaleoparty.ch\/de\/wp-json\/wp\/v2\/media?parent=42018"}],"wp:term":[{"taxonomy":"product_cat","embeddable":true,"href":"https:\/\/camaleoparty.ch\/de\/wp-json\/wp\/v2\/product_cat?post=42018"},{"taxonomy":"product_tag","embeddable":true,"href":"https:\/\/camaleoparty.ch\/de\/wp-json\/wp\/v2\/product_tag?post=42018"}],"curies":[{"name":"wp","href":"https:\/\/api.w.org\/{rel}","templated":true}]}}