{"id":42017,"date":"2023-10-07T14:45:55","date_gmt":"2024-07-17T16:03:45","guid":{"rendered":"https:\/\/pikasworld.ch\/product\/halloween-dekoration-mit-haengenden-fledermaeusen\/"},"modified":"2024-11-08T13:51:07","modified_gmt":"2024-11-08T12:51:07","slug":"halloween-dekoration-mit-haengenden-fledermaeusen","status":"publish","type":"product","link":"https:\/\/camaleoparty.ch\/de\/produkt\/halloween-dekoration-mit-haengenden-fledermaeusen\/","title":{"rendered":"Halloween-Dekoration mit h\u00e4ngenden Flederm\u00e4usen."},"content":{"rendered":"<p>H\u00e4ngen Sie diese Halloween-Deko mit Flederm\u00e4usen an diesem Halloween bei sich zu Hause auf &#8211; sie wird garantiert jedem, der sie sieht, eine G\u00e4nsehaut bescheren!<\/p>\n<p>Diese umweltfreundliche und elegante Halloween-Dekoration kann in oder vor Ihrem Haus aufgeh\u00e4ngt werden und gef\u00e4llt Menschen aller Altersgruppen.<\/p>\n<p>Schaffen Sie eine gruselige Atmosph\u00e4re und kombinieren Sie diese Dekoration mit passender Halloween-Partydekoration aus unserer Halloween-Kollektion &#8218;Nacht des Schreckens&#8216;.<\/p>\n<p>Jede Packung enth\u00e4lt :<\/p>\n<p>&#8211; 10 x aufgeh\u00e4ngte Flederm\u00e4use aus schwarzem Karton in verschiedenen Gr\u00f6\u00dfen: 4 x kleine Flederm\u00e4use (29 cm), 3 x mittelgro\u00dfe Flederm\u00e4use (43 cm), 3 x gro\u00dfe Flederm\u00e4use (52 cm)<\/p>\n<p>&#8211; 5 m schwarze Juteschnur<\/p>\n<p>&#8211; Inklusive 10 x Klebepads f\u00fcr eine einfache Montage.<\/p>\n<p>Die Verpackung ist recycelbar und FSC-zertifiziert.<\/p>\n","protected":false},"excerpt":{"rendered":"<p>H\u00e4ngen Sie diese Flederm\u00e4use an Halloween bei sich zu Hause auf &#8211; es ist die perfekte Halloween-Deko, die garantiert jedem, der sie sieht, eine G\u00e4nsehaut beschert! Jede Packung enth\u00e4lt 10 Halloween-H\u00e4ngeflederm\u00e4use.<\/p>\n","protected":false},"featured_media":35475,"comment_status":"open","ping_status":"closed","template":"","meta":[],"product_cat":[258],"product_tag":[],"class_list":{"0":"post-42017","1":"product","2":"type-product","3":"status-publish","4":"has-post-thumbnail","6":"product_brand-gingerray-de","7":"product_cat-halloween-de-2","9":"first","10":"instock","11":"taxable","12":"shipping-taxable","13":"purchasable","14":"product-type-simple"},"_links":{"self":[{"href":"https:\/\/camaleoparty.ch\/de\/wp-json\/wp\/v2\/product\/42017","targetHints":{"allow":["GET"]}}],"collection":[{"href":"https:\/\/camaleoparty.ch\/de\/wp-json\/wp\/v2\/product"}],"about":[{"href":"https:\/\/camaleoparty.ch\/de\/wp-json\/wp\/v2\/types\/product"}],"replies":[{"embeddable":true,"href":"https:\/\/camaleoparty.ch\/de\/wp-json\/wp\/v2\/comments?post=42017"}],"wp:featuredmedia":[{"embeddable":true,"href":"https:\/\/camaleoparty.ch\/de\/wp-json\/wp\/v2\/media\/35475"}],"wp:attachment":[{"href":"https:\/\/camaleoparty.ch\/de\/wp-json\/wp\/v2\/media?parent=42017"}],"wp:term":[{"taxonomy":"product_cat","embeddable":true,"href":"https:\/\/camaleoparty.ch\/de\/wp-json\/wp\/v2\/product_cat?post=42017"},{"taxonomy":"product_tag","embeddable":true,"href":"https:\/\/camaleoparty.ch\/de\/wp-json\/wp\/v2\/product_tag?post=42017"}],"curies":[{"name":"wp","href":"https:\/\/api.w.org\/{rel}","templated":true}]}}