{"id":42014,"date":"2023-09-25T15:30:00","date_gmt":"2024-07-16T21:02:28","guid":{"rendered":"https:\/\/pikasworld.ch\/product\/12-make-up-stifte\/"},"modified":"2024-11-08T13:51:39","modified_gmt":"2024-11-08T12:51:39","slug":"12-make-up-stifte","status":"publish","type":"product","link":"https:\/\/camaleoparty.ch\/de\/produkt\/12-make-up-stifte\/","title":{"rendered":"12 Make-up-Stifte"},"content":{"rendered":"<div class=\"product__name\">\n<h1><\/h1>\n<\/div>\n<div class=\"product__description\">\n<div class=\"product__description__text\">Make-up-Stifte, Set enth\u00e4lt 12 St\u00fcck in den Farben Schwarz, Wei\u00df, Rot, Gelb, Dunkelgr\u00fcn, Blau, Hellblau, Orange, Rosa, Lila, Braun, Grau.<br \/>\n(1 Pkg. \/ 12 Stk.)<\/div>\n<\/div>\n","protected":false},"excerpt":{"rendered":"<div class=\"product__name\">\n<p><span style=\"font-size: 16px;\">Make-up-Stifte, Set enth\u00e4lt 12 St\u00fcck in den Farben Schwarz, Wei\u00df, Rot, Gelb, Dunkelgr\u00fcn, Blau, Hellblau, Orange, Rosa, Lila, Braun, Grau.<\/span><\/p>\n<\/div>\n<div class=\"product__description\">\n<div class=\"product__description__text\">(1 Pkg. \/ 12 Stk.)<\/div>\n<\/div>\n","protected":false},"featured_media":35351,"comment_status":"open","ping_status":"closed","template":"","meta":[],"product_cat":[132,724,1213,1211,1206,1078,136,1208,225,1204,1207,1209,235],"product_tag":[],"class_list":{"0":"post-42014","1":"product","2":"type-product","3":"status-publish","4":"has-post-thumbnail","6":"product_brand-partydeco-de","7":"product_cat-animationen","8":"product_cat-aufbau","9":"product_cat-farbe-blau","10":"product_cat-farbe-gelb","11":"product_cat-farbe-gruen","12":"product_cat-halloween-kleine-geschenke-accessoires","13":"product_cat-kostueme","14":"product_cat-farbe-orange","15":"product_cat-piraten","16":"product_cat-rosa","17":"product_cat-farbe-rot","18":"product_cat-schwarze-farbe","19":"product_cat-superheld","21":"first","22":"instock","23":"taxable","24":"shipping-taxable","25":"purchasable","26":"product-type-simple"},"_links":{"self":[{"href":"https:\/\/camaleoparty.ch\/de\/wp-json\/wp\/v2\/product\/42014","targetHints":{"allow":["GET"]}}],"collection":[{"href":"https:\/\/camaleoparty.ch\/de\/wp-json\/wp\/v2\/product"}],"about":[{"href":"https:\/\/camaleoparty.ch\/de\/wp-json\/wp\/v2\/types\/product"}],"replies":[{"embeddable":true,"href":"https:\/\/camaleoparty.ch\/de\/wp-json\/wp\/v2\/comments?post=42014"}],"wp:featuredmedia":[{"embeddable":true,"href":"https:\/\/camaleoparty.ch\/de\/wp-json\/wp\/v2\/media\/35351"}],"wp:attachment":[{"href":"https:\/\/camaleoparty.ch\/de\/wp-json\/wp\/v2\/media?parent=42014"}],"wp:term":[{"taxonomy":"product_cat","embeddable":true,"href":"https:\/\/camaleoparty.ch\/de\/wp-json\/wp\/v2\/product_cat?post=42014"},{"taxonomy":"product_tag","embeddable":true,"href":"https:\/\/camaleoparty.ch\/de\/wp-json\/wp\/v2\/product_tag?post=42014"}],"curies":[{"name":"wp","href":"https:\/\/api.w.org\/{rel}","templated":true}]}}