{"id":42005,"date":"2023-12-13T02:26:10","date_gmt":"2024-07-16T19:02:58","guid":{"rendered":"https:\/\/pikasworld.ch\/product\/gaestebuch-aus-gruenem-samt\/"},"modified":"2024-11-08T13:43:01","modified_gmt":"2024-11-08T12:43:01","slug":"gaestebuch-aus-gruenem-samt","status":"publish","type":"product","link":"https:\/\/camaleoparty.ch\/de\/produkt\/gaestebuch-aus-gruenem-samt\/","title":{"rendered":"G\u00e4stebuch aus gr\u00fcnem Samt"},"content":{"rendered":"<p>Das G\u00e4stebuch aus gr\u00fcnem Samt, veredelt mit einer eleganten Schrift aus ros\u00e9goldenem Blattgold, bietet eine pr\u00e4chtige M\u00f6glichkeit, die wertvollen Erinnerungen an Ihren besonderen Tag zu bewahren. Mit einer Gr\u00f6\u00dfe von 21 cm x 21 cm und 32 leeren Seiten kann es auf dem eigenen Tisch, umgeben von anderen botanischen Dekorationen, zur Geltung kommen und Ihrer Veranstaltung eine unverwechselbare Note verleihen.<\/p>\n","protected":false},"excerpt":{"rendered":"<p>G\u00e4stebuch aus gr\u00fcnem Samt, 21 cm x 21 cm, Schrift in rosa Blattgold, perfekt, um besondere W\u00fcnsche festzuhalten. Eine elegante Erg\u00e4nzung zu Ihrer botanischen Dekoration.<\/p>\n","protected":false},"featured_media":37411,"comment_status":"open","ping_status":"closed","template":"","meta":[],"product_cat":[185,403,854,191,199,181],"product_tag":[],"class_list":{"0":"post-42005","1":"product","2":"type-product","3":"status-publish","4":"has-post-thumbnail","6":"product_cat-baby-shower-de","7":"product_cat-gaestebuch","8":"product_cat-gaestebuch-de","9":"product_cat-hochzeit","10":"product_cat-papierwaren","11":"product_cat-saisonal","13":"first","14":"instock","15":"sale","16":"taxable","17":"shipping-taxable","18":"purchasable","19":"product-type-simple"},"_links":{"self":[{"href":"https:\/\/camaleoparty.ch\/de\/wp-json\/wp\/v2\/product\/42005","targetHints":{"allow":["GET"]}}],"collection":[{"href":"https:\/\/camaleoparty.ch\/de\/wp-json\/wp\/v2\/product"}],"about":[{"href":"https:\/\/camaleoparty.ch\/de\/wp-json\/wp\/v2\/types\/product"}],"replies":[{"embeddable":true,"href":"https:\/\/camaleoparty.ch\/de\/wp-json\/wp\/v2\/comments?post=42005"}],"wp:featuredmedia":[{"embeddable":true,"href":"https:\/\/camaleoparty.ch\/de\/wp-json\/wp\/v2\/media\/37411"}],"wp:attachment":[{"href":"https:\/\/camaleoparty.ch\/de\/wp-json\/wp\/v2\/media?parent=42005"}],"wp:term":[{"taxonomy":"product_cat","embeddable":true,"href":"https:\/\/camaleoparty.ch\/de\/wp-json\/wp\/v2\/product_cat?post=42005"},{"taxonomy":"product_tag","embeddable":true,"href":"https:\/\/camaleoparty.ch\/de\/wp-json\/wp\/v2\/product_tag?post=42005"}],"curies":[{"name":"wp","href":"https:\/\/api.w.org\/{rel}","templated":true}]}}