{"id":42004,"date":"2023-12-13T02:01:25","date_gmt":"2024-07-16T19:02:08","guid":{"rendered":"https:\/\/pikasworld.ch\/product\/gaestebuch-baby-mit-abakus\/"},"modified":"2024-11-08T13:43:05","modified_gmt":"2024-11-08T12:43:05","slug":"gaestebuch-baby-mit-abakus","status":"publish","type":"product","link":"https:\/\/camaleoparty.ch\/de\/produkt\/gaestebuch-baby-mit-abakus\/","title":{"rendered":"G\u00e4stebuch Baby mit Abakus"},"content":{"rendered":"<p><font style=\"font-family: futura-pt, sans-serif;font-size: 16px;font-style: normal;font-weight: 400;letter-spacing: 1px;text-align: left;text-indent: 0px;text-transform: none;text-decoration: none;vertical-align: inherit\"><font style=\"vertical-align: inherit\">Dieses h\u00f6lzerne G\u00e4stebuch mit Abakus f\u00fcr Baby Shower ist die perfekte Erg\u00e4nzung f\u00fcr Ihre Baby Shower-Feierlichkeiten. <\/font><\/font><\/p>\n<p><font style=\"font-family: futura-pt, sans-serif;font-size: 16px;font-style: normal;font-weight: 400;letter-spacing: 1px;text-align: left;text-indent: 0px;text-transform: none;text-decoration: none;vertical-align: inherit\"><font style=\"vertical-align: inherit\">Sein einzigartiges Design macht es zu einem Erinnerungsst\u00fcck, das man in Ehren halten sollte, und es wird nach der Ankunft Ihres Kleinkindes wundersch\u00f6n im Babyzimmer aussehen. <\/font><font style=\"vertical-align: inherit\">Au\u00dferdem wird es in jedem Thema unglaublich aussehen und das perfekte Geschenk sein. <\/font><\/font><\/p>\n<p><font style=\"font-family: futura-pt, sans-serif;font-size: 16px;font-style: normal;font-weight: 400;letter-spacing: 1px;text-align: left;text-indent: 0px;text-transform: none;text-decoration: none;vertical-align: inherit\"><font style=\"vertical-align: inherit\">Kombinieren Sie dieses elegante G\u00e4stebuch mit Babyparty-Dekorationen und Ballons aus unserer beliebten Botanical Baby-Reihe. <\/font><\/font><\/p>\n<p><font style=\"font-family: futura-pt, sans-serif;font-size: 16px;font-style: normal;font-weight: 400;letter-spacing: 1px;text-align: left;text-indent: 0px;text-transform: none;text-decoration: none;vertical-align: inherit\"><font style=\"vertical-align: inherit\">Jedes Paket enth\u00e4lt <\/font><\/font><br \/>\n<font style=\"font-family: futura-pt, sans-serif;font-size: 16px;font-style: normal;font-weight: 400;letter-spacing: 1px;text-align: left;text-indent: 0px;text-transform: none;text-decoration: none;vertical-align: inherit\"><font style=\"vertical-align: inherit\">1 x Alternatives G\u00e4stebuch mit den Ma\u00dfen 30 cm (H) x 40 cm (B). <\/font><font style=\"vertical-align: inherit\">Die erste Reihe hat 5 Scheiben, die zweite Reihe hat 4 Scheiben, die dritte Reihe hat 4 Scheiben und die unterste Reihe hat 5 Scheiben. <\/font><font style=\"vertical-align: inherit\">Wir empfehlen Ihnen, zum Schreiben einen d\u00fcnnen Permanentmarker zu verwenden.<\/font><\/font><\/p>\n","protected":false},"excerpt":{"rendered":"<p><font style=\"font-family: futura-pt, sans-serif;font-size: 16px;font-style: normal;font-weight: 400;letter-spacing: 1px;text-align: start;text-indent: 0px;text-transform: none;text-decoration: none;vertical-align: inherit\">Dieses h\u00f6lzerne Baby Shower G\u00e4stebuch mit Abakus ist die perfekte Erg\u00e4nzung f\u00fcr Ihre Baby Shower Feiern.<span class=\"Apple-converted-space\">&nbsp;<\/span><\/font><font style=\"font-family: futura-pt, sans-serif;font-size: 16px;font-style: normal;font-weight: 400;letter-spacing: 1px;text-align: start;text-indent: 0px;text-transform: none;text-decoration: none;vertical-align: inherit\">Jede Packung enth\u00e4lt 1 x alternatives G\u00e4stebuch mit den Ma\u00dfen 30 cm (H) x 40 cm (B).<\/font><\/p>\n","protected":false},"featured_media":37400,"comment_status":"open","ping_status":"closed","template":"","meta":[],"product_cat":[185,403,854,385,199,181],"product_tag":[],"class_list":{"0":"post-42004","1":"product","2":"type-product","3":"status-publish","4":"has-post-thumbnail","6":"product_cat-baby-shower-de","7":"product_cat-gaestebuch","8":"product_cat-gaestebuch-de","9":"product_cat-gender-reveal-party-de","10":"product_cat-papierwaren","11":"product_cat-saisonal","13":"first","14":"instock","15":"taxable","16":"shipping-taxable","17":"purchasable","18":"product-type-simple"},"_links":{"self":[{"href":"https:\/\/camaleoparty.ch\/de\/wp-json\/wp\/v2\/product\/42004","targetHints":{"allow":["GET"]}}],"collection":[{"href":"https:\/\/camaleoparty.ch\/de\/wp-json\/wp\/v2\/product"}],"about":[{"href":"https:\/\/camaleoparty.ch\/de\/wp-json\/wp\/v2\/types\/product"}],"replies":[{"embeddable":true,"href":"https:\/\/camaleoparty.ch\/de\/wp-json\/wp\/v2\/comments?post=42004"}],"wp:featuredmedia":[{"embeddable":true,"href":"https:\/\/camaleoparty.ch\/de\/wp-json\/wp\/v2\/media\/37400"}],"wp:attachment":[{"href":"https:\/\/camaleoparty.ch\/de\/wp-json\/wp\/v2\/media?parent=42004"}],"wp:term":[{"taxonomy":"product_cat","embeddable":true,"href":"https:\/\/camaleoparty.ch\/de\/wp-json\/wp\/v2\/product_cat?post=42004"},{"taxonomy":"product_tag","embeddable":true,"href":"https:\/\/camaleoparty.ch\/de\/wp-json\/wp\/v2\/product_tag?post=42004"}],"curies":[{"name":"wp","href":"https:\/\/api.w.org\/{rel}","templated":true}]}}