{"id":42002,"date":"2023-12-13T14:38:13","date_gmt":"2024-07-16T18:59:42","guid":{"rendered":"https:\/\/pikasworld.ch\/product\/baby-shower-box-mit-55-oh-baby-dekorationen\/"},"modified":"2024-11-08T13:42:47","modified_gmt":"2024-11-08T12:42:47","slug":"baby-shower-box-mit-55-oh-baby-dekorationen","status":"publish","type":"product","link":"https:\/\/camaleoparty.ch\/de\/produkt\/baby-shower-box-mit-55-oh-baby-dekorationen\/","title":{"rendered":"Baby Shower Box mit 55 &#8222;Oh Baby&#8220;-Dekorationen"},"content":{"rendered":"<p style=\"margin: 0px;padding: 0px;border: 0px;font-size: 16px;font-family: futura-pt, sans-serif;font-weight: 400;vertical-align: initial;text-transform: none;border-radius: 0px;font-style: normal;letter-spacing: 1px;text-align: left;text-indent: 0px;text-decoration: none\"><font style=\"vertical-align: inherit\"><font style=\"vertical-align: inherit\">Die Organisation einer Babyparty war mit unserer Party In A Box noch nie so einfach. Das wei\u00df-goldene Design wird allen Ihren G\u00e4sten gefallen und sie werden von den sch\u00f6nen, passenden St\u00fccken begeistert sein, die das Licht mit unseren goldenen Details einfangen. Mit allem, was Sie brauchen, ist es wirklich m\u00fcheloser Partyglamour, und das alles in einer einzigen Schachtel&nbsp;!<\/font><\/font><\/p>\n<p><span style=\"font-family: futura-pt, sans-serif;font-size: 16px;font-style: normal;font-weight: 400;letter-spacing: 1px;text-align: left;text-indent: 0px;text-transform: none;text-decoration: none;float: none\"> <\/span><\/p>\n<p style=\"margin: 0px;padding: 0px;border: 0px;font-size: 16px;font-family: futura-pt, sans-serif;font-weight: 400;vertical-align: initial;text-transform: none;border-radius: 0px;font-style: normal;letter-spacing: 1px;text-align: left;text-indent: 0px;text-decoration: none\"><font style=\"vertical-align: inherit\"><font style=\"vertical-align: inherit\">Die Organisation einer Babyparty war mit unserer Party In A Box noch nie so einfach. Das wei\u00df-goldene Design wird allen Ihren G\u00e4sten gefallen und sie werden von den sch\u00f6nen, passenden St\u00fccken begeistert sein, die das Licht mit unseren goldenen Details einfangen. Mit allem, was Sie brauchen, ist es wirklich m\u00fcheloser Partyglamour, und das alles in einer einzigen Schachtel&nbsp;!<\/font><\/font><\/p>\n<p><span style=\"font-family: futura-pt, sans-serif;font-size: 16px;font-style: normal;font-weight: 400;letter-spacing: 1px;text-align: left;text-indent: 0px;text-transform: none;text-decoration: none;float: none\"> <\/span><\/p>\n<p style=\"margin: 0px;padding: 0px;border: 0px;font-size: 16px;font-family: futura-pt, sans-serif;font-weight: 400;vertical-align: initial;text-transform: none;border-radius: 0px;font-style: normal;letter-spacing: 1px;text-align: left;text-indent: 0px;text-decoration: none\">\n<font style=\"vertical-align: inherit\"><font style=\"vertical-align: inherit\">Nehmen Sie eine Box, um Ihre Party alles in einem zu dekorieren&nbsp;! Das Blattgold-Design wird mit Blattgold-Tellern, Servietten, lustigen Gl\u00e4sern, Tipp-Karten, Konfettiballons, einem Schal f\u00fcr werdende M\u00fctter und einem goldenen Banner f\u00fcr eine Babyparty geliefert. Feiern k\u00f6nnte nicht einfacher sein! Wenn Sie zus\u00e4tzliche Extras w\u00fcnschen, werfen Sie einen Blick auf unser Oh Baby! Sortiment f\u00fcr weitere <\/font><\/font><u style=\"margin: 0px;padding: 0px;border: 0px;font-size: inherit;font-family: inherit;font-weight: inherit;vertical-align: initial;color: inherit;text-transform: none;border-radius: 0px\"><a href=\"https:\/\/www.gingerray.eu\/baby\/baby-shower\" target=\"_blank\" style=\"margin: 0px;padding: 0px;border: 0px;font-size: inherit;font-family: inherit;font-weight: inherit;vertical-align: initial;color: inherit;text-transform: none;border-radius: 0px;background-color: transparent;text-decoration: none;cursor: pointer\" rel=\"noopener\"><font style=\"vertical-align: inherit\"><font style=\"vertical-align: inherit\">goldene Baby Shower Dekoration<\/font><\/font><\/a><\/u><\/p>\n<p><span style=\"font-family: futura-pt, sans-serif;font-size: 16px;font-style: normal;font-weight: 400;letter-spacing: 1px;text-align: left;text-indent: 0px;text-transform: none;text-decoration: none;float: none\"> <\/span><\/p>\n<p style=\"margin: 0px;padding: 0px;border: 0px;font-size: 16px;font-family: futura-pt, sans-serif;font-weight: 400;vertical-align: initial;text-transform: none;border-radius: 0px;font-style: normal;letter-spacing: 1px;text-align: left;text-indent: 0px;text-decoration: none\">\n<font style=\"vertical-align: inherit\"><font style=\"vertical-align: inherit\">Jede Packung enth\u00e4lt 12 Teller \u00e0 25 cm (L), 12 Servietten \u00e0 33 cm (L), 12 x 16,5 cm (L) lustige Brillen, 12 x 15,5 cm (H) Tipp-Karten, 5 x 12 Inch (L). Konfettiballons, 1 G\u00fcrtel von 75 cm (L), 1 Girlande von 1,5 m (L).<\/font><\/font><\/p>\n","protected":false},"excerpt":{"rendered":"<p><span style=\"font-family: futura-pt, sans-serif;font-size: 16px;font-style: normal;font-weight: 400;letter-spacing: 1px;text-align: start;text-indent: 0px;text-transform: none;text-decoration: none;float: none\">Diese goldene Babyparty in einer Schachtel enth\u00e4lt alles, was Sie brauchen, um eine perfekte Babyparty zu veranstalten. Enth\u00e4lt: Teller, Servietten, lustige Gl\u00e4ser, Tippkarten, Konfettiballons, Sch\u00e4rpe und Luftschlangen.<\/span><\/p>\n","protected":false},"featured_media":37463,"comment_status":"open","ping_status":"closed","template":"","meta":[],"product_cat":[185,851,385,181],"product_tag":[],"class_list":{"0":"post-42002","1":"product","2":"type-product","3":"status-publish","4":"has-post-thumbnail","6":"product_cat-baby-shower-de","7":"product_cat-eine-party-box","8":"product_cat-gender-reveal-party-de","9":"product_cat-saisonal","11":"first","12":"instock","13":"taxable","14":"shipping-taxable","15":"purchasable","16":"product-type-simple"},"_links":{"self":[{"href":"https:\/\/camaleoparty.ch\/de\/wp-json\/wp\/v2\/product\/42002","targetHints":{"allow":["GET"]}}],"collection":[{"href":"https:\/\/camaleoparty.ch\/de\/wp-json\/wp\/v2\/product"}],"about":[{"href":"https:\/\/camaleoparty.ch\/de\/wp-json\/wp\/v2\/types\/product"}],"replies":[{"embeddable":true,"href":"https:\/\/camaleoparty.ch\/de\/wp-json\/wp\/v2\/comments?post=42002"}],"wp:featuredmedia":[{"embeddable":true,"href":"https:\/\/camaleoparty.ch\/de\/wp-json\/wp\/v2\/media\/37463"}],"wp:attachment":[{"href":"https:\/\/camaleoparty.ch\/de\/wp-json\/wp\/v2\/media?parent=42002"}],"wp:term":[{"taxonomy":"product_cat","embeddable":true,"href":"https:\/\/camaleoparty.ch\/de\/wp-json\/wp\/v2\/product_cat?post=42002"},{"taxonomy":"product_tag","embeddable":true,"href":"https:\/\/camaleoparty.ch\/de\/wp-json\/wp\/v2\/product_tag?post=42002"}],"curies":[{"name":"wp","href":"https:\/\/api.w.org\/{rel}","templated":true}]}}