{"id":42001,"date":"2023-12-13T03:06:09","date_gmt":"2024-07-16T18:58:39","guid":{"rendered":"https:\/\/pikasworld.ch\/product\/goldene-tipps-fuer-babys-ein-spiel-fuer-die-baby-shower\/"},"modified":"2024-11-08T13:42:56","modified_gmt":"2024-11-08T12:42:56","slug":"goldene-tipps-fuer-babys-ein-spiel-fuer-die-baby-shower","status":"publish","type":"product","link":"https:\/\/camaleoparty.ch\/de\/produkt\/goldene-tipps-fuer-babys-ein-spiel-fuer-die-baby-shower\/","title":{"rendered":"Goldene Tipps f\u00fcr Babys: Ein Spiel f\u00fcr die Baby Shower"},"content":{"rendered":"<p style=\"margin: 0px;padding: 0px;border: 0px;font-size: 16px;font-family: futura-pt, sans-serif;font-weight: 400;vertical-align: initial;text-transform: none;border-radius: 0px;font-style: normal;letter-spacing: 1px;text-align: left;text-indent: 0px;text-decoration: none\"><font style=\"vertical-align: inherit\"><font style=\"vertical-align: inherit\">Ein lustiges Spiel f\u00fcr eine Babyparty. Diese Tippkarten sind wundersch\u00f6n mit dem neutralen rosafarbenen Blattgold und der Wolkenform.<\/font><\/font><\/p>\n<p><span style=\"font-family: futura-pt, sans-serif;font-size: 16px;font-style: normal;font-weight: 400;letter-spacing: 1px;text-align: left;text-indent: 0px;text-transform: none;text-decoration: none;float: none\"> <\/span><\/p>\n<p style=\"margin: 0px;padding: 0px;border: 0px;font-size: 16px;font-family: futura-pt, sans-serif;font-weight: 400;vertical-align: initial;text-transform: none;border-radius: 0px;font-style: normal;letter-spacing: 1px;text-align: left;text-indent: 0px;text-decoration: none\"><font style=\"vertical-align: inherit\"><font style=\"vertical-align: inherit\">Bitten Sie Ihre G\u00e4ste der Baby Shower, die Tippkarten mit ihren besten Ratschl\u00e4gen f\u00fcr die Ankunft Ihres wundersch\u00f6nen Babys auszuf\u00fcllen. <\/font><font style=\"vertical-align: inherit\">Ein sch\u00f6nes Andenken, an das sich die werdenden Eltern erinnern k\u00f6nnen.<\/font><\/font><\/p>\n<p><span style=\"font-family: futura-pt, sans-serif;font-size: 16px;font-style: normal;font-weight: 400;letter-spacing: 1px;text-align: left;text-indent: 0px;text-transform: none;text-decoration: none;float: none\"> <\/span><\/p>\n<p style=\"margin: 0px;padding: 0px;border: 0px;font-size: 16px;font-family: futura-pt, sans-serif;font-weight: 400;vertical-align: initial;text-transform: none;border-radius: 0px;font-style: normal;letter-spacing: 1px;text-align: left;text-indent: 0px;text-decoration: none\"><font style=\"vertical-align: inherit\"><font style=\"vertical-align: inherit\">Jede Packung enth\u00e4lt 10 Karten mit Tipps f\u00fcr Eltern zur Babyparty mit den Ma\u00dfen: 17 cm (L) x 16 cm (H)<\/font><\/font><\/p>\n","protected":false},"excerpt":{"rendered":"<p><font style=\"font-family: futura-pt, sans-serif;font-size: 16px;font-style: normal;font-weight: 400;letter-spacing: 1px;text-align: start;text-indent: 0px;text-transform: none;text-decoration: none;vertical-align: inherit\">Viel Spa\u00df mit diesen Ratgeberkarten f\u00fcr die Babyparty.<span class=\"Apple-converted-space\">&nbsp;<\/span><\/font><font style=\"font-family: futura-pt, sans-serif;font-size: 16px;font-style: normal;font-weight: 400;letter-spacing: 1px;text-align: start;text-indent: 0px;text-transform: none;text-decoration: none;vertical-align: inherit\">Jede Packung enth\u00e4lt 10 Karten mit Ratschl\u00e4gen f\u00fcr Eltern f\u00fcr eine Babyparty mit den Ma\u00dfen: 17 cm (L) x 16 cm (H).<\/font><\/p>\n","protected":false},"featured_media":37425,"comment_status":"open","ping_status":"closed","template":"","meta":[],"product_cat":[132,185,403,854,385,199,181],"product_tag":[],"class_list":{"0":"post-42001","1":"product","2":"type-product","3":"status-publish","4":"has-post-thumbnail","6":"product_cat-animationen","7":"product_cat-baby-shower-de","8":"product_cat-gaestebuch","9":"product_cat-gaestebuch-de","10":"product_cat-gender-reveal-party-de","11":"product_cat-papierwaren","12":"product_cat-saisonal","14":"first","15":"instock","16":"taxable","17":"shipping-taxable","18":"purchasable","19":"product-type-simple"},"_links":{"self":[{"href":"https:\/\/camaleoparty.ch\/de\/wp-json\/wp\/v2\/product\/42001","targetHints":{"allow":["GET"]}}],"collection":[{"href":"https:\/\/camaleoparty.ch\/de\/wp-json\/wp\/v2\/product"}],"about":[{"href":"https:\/\/camaleoparty.ch\/de\/wp-json\/wp\/v2\/types\/product"}],"replies":[{"embeddable":true,"href":"https:\/\/camaleoparty.ch\/de\/wp-json\/wp\/v2\/comments?post=42001"}],"wp:featuredmedia":[{"embeddable":true,"href":"https:\/\/camaleoparty.ch\/de\/wp-json\/wp\/v2\/media\/37425"}],"wp:attachment":[{"href":"https:\/\/camaleoparty.ch\/de\/wp-json\/wp\/v2\/media?parent=42001"}],"wp:term":[{"taxonomy":"product_cat","embeddable":true,"href":"https:\/\/camaleoparty.ch\/de\/wp-json\/wp\/v2\/product_cat?post=42001"},{"taxonomy":"product_tag","embeddable":true,"href":"https:\/\/camaleoparty.ch\/de\/wp-json\/wp\/v2\/product_tag?post=42001"}],"curies":[{"name":"wp","href":"https:\/\/api.w.org\/{rel}","templated":true}]}}