{"id":41998,"date":"2023-11-19T03:51:22","date_gmt":"2024-07-16T16:01:37","guid":{"rendered":"https:\/\/pikasworld.ch\/product\/gaestebuch-aus-holz-hello-baby-wolke\/"},"modified":"2024-11-08T13:44:49","modified_gmt":"2024-11-08T12:44:49","slug":"gaestebuch-aus-holz-hello-baby-wolke","status":"publish","type":"product","link":"https:\/\/camaleoparty.ch\/de\/produkt\/gaestebuch-aus-holz-hello-baby-wolke\/","title":{"rendered":"G\u00e4stebuch aus Holz &#8211; &#8222;Hello Baby&#8220; Wolke"},"content":{"rendered":"<p><font style=\"font-family: futura-pt, sans-serif;font-size: 16px;font-style: normal;font-weight: 400;letter-spacing: 1px;text-align: left;text-indent: 0px;text-transform: none;text-decoration: none;vertical-align: inherit\"><font style=\"vertical-align: inherit\">Bewahren Sie alle Ihre Erinnerungen und Nachrichten von Ihren Lieben in diesem wundersch\u00f6nen h\u00f6lzernen G\u00e4stebuch f\u00fcr eine Babyparty auf. <\/font><\/font><\/p>\n<p><font style=\"font-family: futura-pt, sans-serif;font-size: 16px;font-style: normal;font-weight: 400;letter-spacing: 1px;text-align: left;text-indent: 0px;text-transform: none;text-decoration: none;vertical-align: inherit\"><font style=\"vertical-align: inherit\">Das niedliche Design ist neutral und eignet sich perfekt als G\u00e4stebuch f\u00fcr eine Babyparty oder eine Taufe. Es kann auch ein wunderbares Erinnerungsbuch an Ihre Schwangerschaft und die ersten Momente mit Ihrem Baby sein, oder sogar ein Fotoalbum! <\/font><\/font><\/p>\n<p><font style=\"font-family: futura-pt, sans-serif;font-size: 16px;font-style: normal;font-weight: 400;letter-spacing: 1px;text-align: left;text-indent: 0px;text-transform: none;text-decoration: none;vertical-align: inherit\"><font style=\"vertical-align: inherit\">Kombinieren Sie dieses Baby-Erinnerungsbuch mit Babyparty-Dekorationen aus unserer Hello Baby-Kollektion, die neutrale Babyparty-Dekorationen umfasst, die wirklich Geschenke mit Holz- und Korbelementen sind. <\/font><\/font><\/p>\n<p><font style=\"font-family: futura-pt, sans-serif;font-size: 16px;font-style: normal;font-weight: 400;letter-spacing: 1px;text-align: left;text-indent: 0px;text-transform: none;text-decoration: none;vertical-align: inherit\"><font style=\"vertical-align: inherit\">Jede Packung enth\u00e4lt : <\/font><\/font><br \/>\n<font style=\"font-family: futura-pt, sans-serif;font-size: 16px;font-style: normal;font-weight: 400;letter-spacing: 1px;text-align: left;text-indent: 0px;text-transform: none;text-decoration: none;vertical-align: inherit\"><font style=\"vertical-align: inherit\">1 x Baby Shower G\u00e4stebuch aus Holz mit den Ma\u00dfen 17 cm (H) x 26 cm (B) mit Leseb\u00e4ndchen, mit 32 leeren Seiten.<\/font><\/font><\/p>\n","protected":false},"excerpt":{"rendered":"<p><font style=\"font-family: futura-pt, sans-serif;font-size: 16px;font-style: normal;font-weight: 400;letter-spacing: 1px;text-align: start;text-indent: 0px;text-transform: none;text-decoration: none;vertical-align: inherit\">Bewahren Sie alle Ihre Erinnerungen und Nachrichten von Ihren Lieben in diesem wundersch\u00f6nen h\u00f6lzernen G\u00e4stebuch f\u00fcr eine Babyparty auf.<span class=\"Apple-converted-space\">&nbsp;<\/span><\/font><font style=\"font-family: futura-pt, sans-serif;font-size: 16px;font-style: normal;font-weight: 400;letter-spacing: 1px;text-align: start;text-indent: 0px;text-transform: none;text-decoration: none;vertical-align: inherit\">Jede Packung enth\u00e4lt 1 G\u00e4stebuch aus Holz f\u00fcr die Babyparty oder Taufe mit den Ma\u00dfen 17 cm (H) x 26 cm (B) und einem eleganten wei\u00dfen Band mit einer L\u00e4nge von 70 cm.<\/font><\/p>\n","protected":false},"featured_media":36689,"comment_status":"open","ping_status":"closed","template":"","meta":[],"product_cat":[185,854,403,385,181],"product_tag":[],"class_list":{"0":"post-41998","1":"product","2":"type-product","3":"status-publish","4":"has-post-thumbnail","6":"product_brand-gingerray-de","7":"product_cat-baby-shower-de","8":"product_cat-gaestebuch-de","9":"product_cat-gaestebuch","10":"product_cat-gender-reveal-party-de","11":"product_cat-saisonal","13":"first","14":"instock","15":"taxable","16":"shipping-taxable","17":"purchasable","18":"product-type-simple"},"_links":{"self":[{"href":"https:\/\/camaleoparty.ch\/de\/wp-json\/wp\/v2\/product\/41998","targetHints":{"allow":["GET"]}}],"collection":[{"href":"https:\/\/camaleoparty.ch\/de\/wp-json\/wp\/v2\/product"}],"about":[{"href":"https:\/\/camaleoparty.ch\/de\/wp-json\/wp\/v2\/types\/product"}],"replies":[{"embeddable":true,"href":"https:\/\/camaleoparty.ch\/de\/wp-json\/wp\/v2\/comments?post=41998"}],"wp:featuredmedia":[{"embeddable":true,"href":"https:\/\/camaleoparty.ch\/de\/wp-json\/wp\/v2\/media\/36689"}],"wp:attachment":[{"href":"https:\/\/camaleoparty.ch\/de\/wp-json\/wp\/v2\/media?parent=41998"}],"wp:term":[{"taxonomy":"product_cat","embeddable":true,"href":"https:\/\/camaleoparty.ch\/de\/wp-json\/wp\/v2\/product_cat?post=41998"},{"taxonomy":"product_tag","embeddable":true,"href":"https:\/\/camaleoparty.ch\/de\/wp-json\/wp\/v2\/product_tag?post=41998"}],"curies":[{"name":"wp","href":"https:\/\/api.w.org\/{rel}","templated":true}]}}