{"id":41982,"date":"2024-01-24T19:45:00","date_gmt":"2024-01-24T18:45:00","guid":{"rendered":"https:\/\/pikasworld.ch\/product\/mini-rennwagen-minze\/"},"modified":"2024-11-08T13:38:39","modified_gmt":"2024-11-08T12:38:39","slug":"mini-rennwagen-minze","status":"publish","type":"product","link":"https:\/\/camaleoparty.ch\/de\/produkt\/mini-rennwagen-minze\/","title":{"rendered":"Mini-Rennwagen &#8211; Minze"},"content":{"rendered":"<div><b style=\"font-weight: bold\">Dimensions :<\/b><span class=\"Apple-converted-space\">&nbsp;<\/span>7.5 x 4.5 x 6 cm<\/div>\n<div><b style=\"font-weight: bold\">Herkunft :<\/b><span class=\"Apple-converted-space\">&nbsp;<\/span>Frankreich<\/div>\n<div><b style=\"font-weight: bold\">Warnhinweis:<span class=\"Apple-converted-space\">&nbsp;<\/span><\/b>Laborgepr\u00fcftes Spielzeug, das garantiert, dass es der Richtlinie 2009\/48\/EG f\u00fcr ein Kind ab 2 Jahren entspricht.<span class=\"Apple-converted-space\">&nbsp;<\/span><\/div>\n<div id=\"en_savoir_plus\" class=\"catalogue-fiche-descriptif collapse in\" aria-expanded=\"true\">Mini-Rennwagen aus lackiertem Holz. Sind Sie bereit f\u00fcr tolle Eink\u00e4ufe? Franz\u00f6sische Herstellung.<\/div>\n","protected":false},"excerpt":{"rendered":"<p>Dimensions :&nbsp;7.5 x 4.5 x 6 cm Herkunft :&nbsp;Frankreich Warnhinweis:&nbsp;Laborgepr\u00fcftes Spielzeug, das garantiert, dass es der Richtlinie 2009\/48\/EG f\u00fcr ein Kind ab 2 Jahren entspricht.&nbsp; Mini-Rennwagen aus lackiertem Holz. Sind Sie bereit f\u00fcr tolle Eink\u00e4ufe? Franz\u00f6sische Herstellung.<\/p>\n","protected":false},"featured_media":37843,"comment_status":"open","ping_status":"closed","template":"","meta":[],"product_cat":[183,366,1206,370,1285,593],"product_tag":[],"class_list":{"0":"post-41982","1":"product","2":"type-product","3":"status-publish","4":"has-post-thumbnail","6":"product_cat-geburtstag","7":"product_cat-geschenk-ecke","8":"product_cat-farbe-gruen","9":"product_cat-kinder","10":"product_cat-menthe-de","11":"product_cat-transport","13":"first","14":"instock","15":"taxable","16":"shipping-taxable","17":"purchasable","18":"product-type-simple"},"_links":{"self":[{"href":"https:\/\/camaleoparty.ch\/de\/wp-json\/wp\/v2\/product\/41982","targetHints":{"allow":["GET"]}}],"collection":[{"href":"https:\/\/camaleoparty.ch\/de\/wp-json\/wp\/v2\/product"}],"about":[{"href":"https:\/\/camaleoparty.ch\/de\/wp-json\/wp\/v2\/types\/product"}],"replies":[{"embeddable":true,"href":"https:\/\/camaleoparty.ch\/de\/wp-json\/wp\/v2\/comments?post=41982"}],"wp:featuredmedia":[{"embeddable":true,"href":"https:\/\/camaleoparty.ch\/de\/wp-json\/wp\/v2\/media\/37843"}],"wp:attachment":[{"href":"https:\/\/camaleoparty.ch\/de\/wp-json\/wp\/v2\/media?parent=41982"}],"wp:term":[{"taxonomy":"product_cat","embeddable":true,"href":"https:\/\/camaleoparty.ch\/de\/wp-json\/wp\/v2\/product_cat?post=41982"},{"taxonomy":"product_tag","embeddable":true,"href":"https:\/\/camaleoparty.ch\/de\/wp-json\/wp\/v2\/product_tag?post=41982"}],"curies":[{"name":"wp","href":"https:\/\/api.w.org\/{rel}","templated":true}]}}