{"id":41981,"date":"2024-01-24T20:00:42","date_gmt":"2024-01-24T19:00:42","guid":{"rendered":"https:\/\/pikasworld.ch\/product\/neuwertiges-mini-rallyeauto\/"},"modified":"2024-11-08T13:38:36","modified_gmt":"2024-11-08T12:38:36","slug":"neuwertiges-mini-rallyeauto","status":"publish","type":"product","link":"https:\/\/camaleoparty.ch\/de\/produkt\/neuwertiges-mini-rallyeauto\/","title":{"rendered":"Neuwertiges Mini-Rallyeauto"},"content":{"rendered":"<h2 class=\"catalogue-fiche-accroche mt0\">Eher W\u00fcstend\u00fcnen oder weite Steppen? Schmusetuch als Copilot, Ihr Kleines ist bereit, am Steuer unseres Holzautos die n\u00e4chste Kuscheltierrallye zu starten.<\/h2>\n<div class=\"cb\"><\/div>\n<div><b style=\"font-weight: bold\">Punkte Forts :<\/b><br \/>\n&#8211; Einzigartiges Design.<span class=\"Apple-converted-space\">&nbsp;<\/span><br \/>\n&#8211; Spielzeug aus Massivholz, langlebig.<br \/>\n&#8211; Einzigartige handwerkliche Tauchlackierung.<br \/>\n&#8211; Entwicklung der Motorik und der Vorstellungskraft.<br \/>\n&#8211; Entwicklung der Feinmotorik.<br \/>\n&#8211; Herstellung in Frankreich im Jura.<br \/>\n&#8211; Leichtes Greifen.<\/div>\n","protected":false},"excerpt":{"rendered":"<p>Eher W\u00fcstend\u00fcnen oder weite Steppen? Schmusetuch als Copilot, Ihr Kleines ist bereit, am Steuer unseres Holzautos die n\u00e4chste Kuscheltierrallye zu starten. Punkte Forts : &#8211; Einzigartiges Design.&nbsp; &#8211; Spielzeug aus Massivholz, langlebig. &#8211; Einzigartige handwerkliche Tauchlackierung. &#8211; Entwicklung der Motorik und der Vorstellungskraft. &#8211; Entwicklung der Feinmotorik. &#8211; Herstellung in Frankreich im Jura. &#8211; Leichtes [&hellip;]<\/p>\n","protected":false},"featured_media":37846,"comment_status":"open","ping_status":"closed","template":"","meta":[],"product_cat":[183,366,370,593],"product_tag":[],"class_list":{"0":"post-41981","1":"product","2":"type-product","3":"status-publish","4":"has-post-thumbnail","6":"product_cat-geburtstag","7":"product_cat-geschenk-ecke","8":"product_cat-kinder","9":"product_cat-transport","11":"first","12":"instock","13":"taxable","14":"shipping-taxable","15":"purchasable","16":"product-type-simple"},"_links":{"self":[{"href":"https:\/\/camaleoparty.ch\/de\/wp-json\/wp\/v2\/product\/41981","targetHints":{"allow":["GET"]}}],"collection":[{"href":"https:\/\/camaleoparty.ch\/de\/wp-json\/wp\/v2\/product"}],"about":[{"href":"https:\/\/camaleoparty.ch\/de\/wp-json\/wp\/v2\/types\/product"}],"replies":[{"embeddable":true,"href":"https:\/\/camaleoparty.ch\/de\/wp-json\/wp\/v2\/comments?post=41981"}],"wp:featuredmedia":[{"embeddable":true,"href":"https:\/\/camaleoparty.ch\/de\/wp-json\/wp\/v2\/media\/37846"}],"wp:attachment":[{"href":"https:\/\/camaleoparty.ch\/de\/wp-json\/wp\/v2\/media?parent=41981"}],"wp:term":[{"taxonomy":"product_cat","embeddable":true,"href":"https:\/\/camaleoparty.ch\/de\/wp-json\/wp\/v2\/product_cat?post=41981"},{"taxonomy":"product_tag","embeddable":true,"href":"https:\/\/camaleoparty.ch\/de\/wp-json\/wp\/v2\/product_tag?post=41981"}],"curies":[{"name":"wp","href":"https:\/\/api.w.org\/{rel}","templated":true}]}}