{"id":41978,"date":"2022-01-25T06:51:00","date_gmt":"2024-07-15T10:39:24","guid":{"rendered":"https:\/\/pikasworld.ch\/product\/20-papierservietten-ritter\/"},"modified":"2024-11-08T13:54:21","modified_gmt":"2024-11-08T12:54:21","slug":"20-papierservietten-ritter","status":"publish","type":"product","link":"https:\/\/camaleoparty.ch\/de\/produkt\/20-papierservietten-ritter\/","title":{"rendered":"20 Papierservietten &#8211; Ritter"},"content":{"rendered":"<p>Burg, Drache, Schild, Schwert &#8211; es ist an der Zeit, Helm und R\u00fcstung anzuziehen und loszuziehen, um die Prinzessin, die K\u00f6nigin und den K\u00f6nig zu befreien!<br \/>\nOrganisieren Sie einen <a href=\"\/?product_cat=chevalier\"><strong>Rittergeburtstag?<\/strong><\/a> Oder eine Game-of-Thrones-Party?<br \/>\nDas Rittergeschirr d\u00fcrfte Fans mittelalterlicher Geschichten in den Wahnsinn treiben.<br \/>\nZu kombinieren mit Bechern, Tellern, Kerzen und Luftballons f\u00fcr!<br \/>\nDiese Handt\u00fccher werden in Frankreich mit Liebe entworfen und in Europa auf verantwortungsvolle Weise hergestellt.<\/p>\n<p>20 Ritter-Servietten<br \/>\nHergestellt in Europa<br \/>\nAus europ\u00e4ischem FSC-Papier, mit pflanzlicher Tinte gef\u00e4rbt<br \/>\nRecycelbar<br \/>\nMa\u00dfe: 16,5 x 16,5 gefaltet, 33 x 33cm ge\u00f6ffnet<\/p>\n<p>&nbsp;<\/p>\n","protected":false},"excerpt":{"rendered":"<p>Organisieren Sie einen <a href=\"https:\/\/camaleoparty.ch\/categorie-produit\/themes\/chevalier\/\"><strong>Rittergeburtstag<\/strong><\/a>? Oder eine Game-of-Thrones-Party? Das Rittergeschirr d\u00fcrfte Fans mittelalterlicher Geschichten in den Wahnsinn treiben. Zu kombinieren mit Bechern, Tellern, Kerzen und Luftballons f\u00fcr!<\/p>\n","protected":false},"featured_media":33818,"comment_status":"open","ping_status":"closed","template":"","meta":[],"product_cat":[1168,161,147],"product_tag":[],"class_list":{"0":"post-41978","1":"product","2":"type-product","3":"status-publish","4":"has-post-thumbnail","6":"product_brand-mylittleday-de","7":"product_cat-pferde-und-reiter","8":"product_cat-servietten","9":"product_cat-verjaardags-en-feesttafelversieringen","11":"first","12":"instock","13":"taxable","14":"shipping-taxable","15":"purchasable","16":"product-type-simple"},"_links":{"self":[{"href":"https:\/\/camaleoparty.ch\/de\/wp-json\/wp\/v2\/product\/41978","targetHints":{"allow":["GET"]}}],"collection":[{"href":"https:\/\/camaleoparty.ch\/de\/wp-json\/wp\/v2\/product"}],"about":[{"href":"https:\/\/camaleoparty.ch\/de\/wp-json\/wp\/v2\/types\/product"}],"replies":[{"embeddable":true,"href":"https:\/\/camaleoparty.ch\/de\/wp-json\/wp\/v2\/comments?post=41978"}],"wp:featuredmedia":[{"embeddable":true,"href":"https:\/\/camaleoparty.ch\/de\/wp-json\/wp\/v2\/media\/33818"}],"wp:attachment":[{"href":"https:\/\/camaleoparty.ch\/de\/wp-json\/wp\/v2\/media?parent=41978"}],"wp:term":[{"taxonomy":"product_cat","embeddable":true,"href":"https:\/\/camaleoparty.ch\/de\/wp-json\/wp\/v2\/product_cat?post=41978"},{"taxonomy":"product_tag","embeddable":true,"href":"https:\/\/camaleoparty.ch\/de\/wp-json\/wp\/v2\/product_tag?post=41978"}],"curies":[{"name":"wp","href":"https:\/\/api.w.org\/{rel}","templated":true}]}}