{"id":41968,"date":"2023-09-10T16:22:17","date_gmt":"2024-07-15T10:29:58","guid":{"rendered":"https:\/\/pikasworld.ch\/product\/kuchendekorationen-fussball\/"},"modified":"2024-11-08T13:53:06","modified_gmt":"2024-11-08T12:53:06","slug":"kuchendekorationen-fussball","status":"publish","type":"product","link":"https:\/\/camaleoparty.ch\/de\/produkt\/kuchendekorationen-fussball\/","title":{"rendered":"Kuchendekorationen Fu\u00dfball"},"content":{"rendered":"<p>Tortendekorationen Fu\u00dfball, gemischte Muster und Farben, Set bestehend aus 2 Dekorationen auf St\u00f6cken &#8211; Tasse und Flagge mit dem Wort Goal!, H\u00f6he ca. 15,5 bis ca. 20 cm.<\/p>\n","protected":false},"excerpt":{"rendered":"<p>Tortendekorationen Fu\u00dfball, gemischte Muster und Farben, Set bestehend aus 2 Dekorationen auf St\u00f6cken &#8211; Tasse und Flagge mit dem Wort Goal!, H\u00f6he ca. 15,5 bis ca. 20 cm.<\/p>\n","protected":false},"featured_media":34900,"comment_status":"open","ping_status":"closed","template":"","meta":[],"product_cat":[151,648,183],"product_tag":[],"class_list":{"0":"post-41968","1":"product","2":"type-product","3":"status-publish","4":"has-post-thumbnail","6":"product_cat-cake-toppers-de","7":"product_cat-fussball","8":"product_cat-geburtstag","10":"first","11":"instock","12":"taxable","13":"shipping-taxable","14":"purchasable","15":"product-type-simple"},"_links":{"self":[{"href":"https:\/\/camaleoparty.ch\/de\/wp-json\/wp\/v2\/product\/41968","targetHints":{"allow":["GET"]}}],"collection":[{"href":"https:\/\/camaleoparty.ch\/de\/wp-json\/wp\/v2\/product"}],"about":[{"href":"https:\/\/camaleoparty.ch\/de\/wp-json\/wp\/v2\/types\/product"}],"replies":[{"embeddable":true,"href":"https:\/\/camaleoparty.ch\/de\/wp-json\/wp\/v2\/comments?post=41968"}],"wp:featuredmedia":[{"embeddable":true,"href":"https:\/\/camaleoparty.ch\/de\/wp-json\/wp\/v2\/media\/34900"}],"wp:attachment":[{"href":"https:\/\/camaleoparty.ch\/de\/wp-json\/wp\/v2\/media?parent=41968"}],"wp:term":[{"taxonomy":"product_cat","embeddable":true,"href":"https:\/\/camaleoparty.ch\/de\/wp-json\/wp\/v2\/product_cat?post=41968"},{"taxonomy":"product_tag","embeddable":true,"href":"https:\/\/camaleoparty.ch\/de\/wp-json\/wp\/v2\/product_tag?post=41968"}],"curies":[{"name":"wp","href":"https:\/\/api.w.org\/{rel}","templated":true}]}}