{"id":41964,"date":"2023-09-11T17:31:10","date_gmt":"2024-07-15T10:25:16","guid":{"rendered":"https:\/\/pikasworld.ch\/product\/ballongirlande-halloween\/"},"modified":"2024-11-08T13:52:52","modified_gmt":"2024-11-08T12:52:52","slug":"ballongirlande-halloween","status":"publish","type":"product","link":"https:\/\/camaleoparty.ch\/de\/produkt\/ballongirlande-halloween\/","title":{"rendered":"Ballongirlande &#8211; Halloween"},"content":{"rendered":"<p>Gestalten Sie eine fabelhafte T\u00fcrdekoration, um Ihre Besucher mit unserem Halloween-Ballonset zu beeindrucken.<\/p>\n<p>Das Paket enth\u00e4lt:<br \/>\nLatexballons (88 Stck.),<br \/>\nBallons ein Modellierer (3 Stck.),<br \/>\nLuftballons aus Alufolie (7 Stck.),<br \/>\nFlederm\u00e4use aus Papier (7 Stk.),<br \/>\nSchaumstoffklebeband (20 Stck.),<br \/>\nPapierstrohhalm (1 Stck.),<br \/>\n5m Band f\u00fcr Girlanden .<br \/>\nMa\u00dfe in x cm ca.<\/p>\n","protected":false},"excerpt":{"rendered":"<p>Gestalten Sie eine fabelhafte T\u00fcrdekoration, um Ihre Besucher mit unserem Halloween-Ballonset zu beeindrucken. Das Paket enth\u00e4lt: Latexballons (88 Stck.), Ballons ein Modellierer (3 Stck.), Luftballons aus Alufolie (7 Stck.), Flederm\u00e4use aus Papier (7 Stk.), Schaumstoffklebeband (20 Stck.), Papierstrohhalm (1 Stck.), 5m Band f\u00fcr Girlanden . Ma\u00dfe in x cm ca.<\/p>\n","protected":false},"featured_media":34963,"comment_status":"open","ping_status":"closed","template":"","meta":[],"product_cat":[411,258],"product_tag":[],"class_list":{"0":"post-41964","1":"product","2":"type-product","3":"status-publish","4":"has-post-thumbnail","6":"product_brand-partydeco-de","7":"product_cat-ballongirlande","8":"product_cat-halloween-de-2","10":"first","11":"instock","12":"taxable","13":"shipping-taxable","14":"purchasable","15":"product-type-simple"},"_links":{"self":[{"href":"https:\/\/camaleoparty.ch\/de\/wp-json\/wp\/v2\/product\/41964","targetHints":{"allow":["GET"]}}],"collection":[{"href":"https:\/\/camaleoparty.ch\/de\/wp-json\/wp\/v2\/product"}],"about":[{"href":"https:\/\/camaleoparty.ch\/de\/wp-json\/wp\/v2\/types\/product"}],"replies":[{"embeddable":true,"href":"https:\/\/camaleoparty.ch\/de\/wp-json\/wp\/v2\/comments?post=41964"}],"wp:featuredmedia":[{"embeddable":true,"href":"https:\/\/camaleoparty.ch\/de\/wp-json\/wp\/v2\/media\/34963"}],"wp:attachment":[{"href":"https:\/\/camaleoparty.ch\/de\/wp-json\/wp\/v2\/media?parent=41964"}],"wp:term":[{"taxonomy":"product_cat","embeddable":true,"href":"https:\/\/camaleoparty.ch\/de\/wp-json\/wp\/v2\/product_cat?post=41964"},{"taxonomy":"product_tag","embeddable":true,"href":"https:\/\/camaleoparty.ch\/de\/wp-json\/wp\/v2\/product_tag?post=41964"}],"curies":[{"name":"wp","href":"https:\/\/api.w.org\/{rel}","templated":true}]}}