{"id":41957,"date":"2023-09-20T15:47:42","date_gmt":"2024-07-15T08:12:33","guid":{"rendered":"https:\/\/pikasworld.ch\/product\/geister-haengedekorationen\/"},"modified":"2024-11-08T13:51:56","modified_gmt":"2024-11-08T12:51:56","slug":"geister-haengedekorationen","status":"publish","type":"product","link":"https:\/\/camaleoparty.ch\/de\/produkt\/geister-haengedekorationen\/","title":{"rendered":"Geister-H\u00e4ngedekorationen"},"content":{"rendered":"<p>Diese seltsamen, durchscheinenden Geisterdekorationen mit M\u00fcndern und Augen aus silbern schimmerndem, holographischem Aluminium sehen spektakul\u00e4r gruselig aus, wenn sie an T\u00fcren oder \u00fcberall dort h\u00e4ngen, wo das Licht sie einf\u00e4ngt. Jeder hat eine leuchtend orangefarbene Kordel, die sie leicht aufh\u00e4ngen l\u00e4sst und fantastisch aussieht. Packung mit 10 St\u00fcck in 3 Gr\u00f6\u00dfen.<\/p>\n","protected":false},"excerpt":{"rendered":"<p>Diese seltsamen, durchscheinenden Geisterdekorationen mit schimmernden M\u00fcndern und Augen aus silbernem, holographischem Aluminium werden spektakul\u00e4r gruselig aussehen.<\/p>\n","protected":false},"featured_media":35214,"comment_status":"open","ping_status":"closed","template":"","meta":[],"product_cat":[163,258,1079,181],"product_tag":[],"class_list":{"0":"post-41957","1":"product","2":"type-product","3":"status-publish","4":"has-post-thumbnail","6":"product_cat-dekoration","7":"product_cat-halloween-de-2","8":"product_cat-halloween-raum-und-ausendekoration","9":"product_cat-saisonal","11":"first","12":"instock","13":"taxable","14":"shipping-taxable","15":"purchasable","16":"product-type-simple"},"_links":{"self":[{"href":"https:\/\/camaleoparty.ch\/de\/wp-json\/wp\/v2\/product\/41957","targetHints":{"allow":["GET"]}}],"collection":[{"href":"https:\/\/camaleoparty.ch\/de\/wp-json\/wp\/v2\/product"}],"about":[{"href":"https:\/\/camaleoparty.ch\/de\/wp-json\/wp\/v2\/types\/product"}],"replies":[{"embeddable":true,"href":"https:\/\/camaleoparty.ch\/de\/wp-json\/wp\/v2\/comments?post=41957"}],"wp:featuredmedia":[{"embeddable":true,"href":"https:\/\/camaleoparty.ch\/de\/wp-json\/wp\/v2\/media\/35214"}],"wp:attachment":[{"href":"https:\/\/camaleoparty.ch\/de\/wp-json\/wp\/v2\/media?parent=41957"}],"wp:term":[{"taxonomy":"product_cat","embeddable":true,"href":"https:\/\/camaleoparty.ch\/de\/wp-json\/wp\/v2\/product_cat?post=41957"},{"taxonomy":"product_tag","embeddable":true,"href":"https:\/\/camaleoparty.ch\/de\/wp-json\/wp\/v2\/product_tag?post=41957"}],"curies":[{"name":"wp","href":"https:\/\/api.w.org\/{rel}","templated":true}]}}