{"id":41951,"date":"2023-12-14T23:47:48","date_gmt":"2024-07-15T00:08:25","guid":{"rendered":"https:\/\/pikasworld.ch\/product\/party-kit-happy-birthday-dickhead\/"},"modified":"2024-11-08T13:42:36","modified_gmt":"2024-11-08T12:42:36","slug":"party-kit-happy-birthday-dickhead","status":"publish","type":"product","link":"https:\/\/camaleoparty.ch\/de\/produkt\/party-kit-happy-birthday-dickhead\/","title":{"rendered":"Party Kit Happy Birthday Dickhead"},"content":{"rendered":"<p>Die ultimative Geburtstagsdekoration f\u00fcr Erwachsene. Dieses Partyset bringt den Geburtstagsk\u00f6nig zum Lachen und sorgt f\u00fcr Diskussionen unter Ihren G\u00e4sten. Der freche Spruch hebt sich durch eine Hei\u00dffolienpr\u00e4gung in vibrierendem Blau ab, und die Konfettiballons verleihen jedem Ort einen Farbtupfer. Stellen Sie sicher, dass Sie die Geschenke des Geburtstagsk\u00f6nigs in unser &#8222;Fuck you&#8217;re old&#8220;-Packpapier einwickeln, um eine wahrhaft freche Party zu veranstalten! Jedes Set besteht aus einer 2,5 m langen Girlande, 2 Pompons und 5 mehrfarbigen, mit Konfetti gef\u00fcllten 12&#8243;-Ballons.<\/p>\n","protected":false},"excerpt":{"rendered":"<p><span style=\"font-family: futura-pt, sans-serif;font-size: 16px;font-style: normal;font-weight: 400;letter-spacing: 1px;text-align: start;text-indent: 0px;text-transform: none;text-decoration: none;float: none\">Bringen Sie jemanden zum Lachen mit diesem Partyset Happy Birthday von Dickhead. Jede Packung enth\u00e4lt 1 Girlande von 2,5 m L\u00e4nge, 2 Pompons und 5 Girlanden von 12 Zoll L\u00e4nge. Luftballons gef\u00fcllt mit buntem Konfetti.<\/span><\/p>\n","protected":false},"featured_media":37523,"comment_status":"open","ping_status":"closed","template":"","meta":[],"product_cat":[163,175,181],"product_tag":[],"class_list":{"0":"post-41951","1":"product","2":"type-product","3":"status-publish","4":"has-post-thumbnail","6":"product_cat-dekoration","7":"product_cat-girlanden","8":"product_cat-saisonal","10":"first","11":"instock","12":"taxable","13":"shipping-taxable","14":"purchasable","15":"product-type-simple"},"_links":{"self":[{"href":"https:\/\/camaleoparty.ch\/de\/wp-json\/wp\/v2\/product\/41951","targetHints":{"allow":["GET"]}}],"collection":[{"href":"https:\/\/camaleoparty.ch\/de\/wp-json\/wp\/v2\/product"}],"about":[{"href":"https:\/\/camaleoparty.ch\/de\/wp-json\/wp\/v2\/types\/product"}],"replies":[{"embeddable":true,"href":"https:\/\/camaleoparty.ch\/de\/wp-json\/wp\/v2\/comments?post=41951"}],"wp:featuredmedia":[{"embeddable":true,"href":"https:\/\/camaleoparty.ch\/de\/wp-json\/wp\/v2\/media\/37523"}],"wp:attachment":[{"href":"https:\/\/camaleoparty.ch\/de\/wp-json\/wp\/v2\/media?parent=41951"}],"wp:term":[{"taxonomy":"product_cat","embeddable":true,"href":"https:\/\/camaleoparty.ch\/de\/wp-json\/wp\/v2\/product_cat?post=41951"},{"taxonomy":"product_tag","embeddable":true,"href":"https:\/\/camaleoparty.ch\/de\/wp-json\/wp\/v2\/product_tag?post=41951"}],"curies":[{"name":"wp","href":"https:\/\/api.w.org\/{rel}","templated":true}]}}