{"id":41950,"date":"2023-12-14T23:53:19","date_gmt":"2024-07-15T00:07:00","guid":{"rendered":"https:\/\/pikasworld.ch\/product\/goldenes-hochzeitsplanungsbuch\/"},"modified":"2024-11-08T13:42:35","modified_gmt":"2024-11-08T12:42:35","slug":"goldenes-hochzeitsplanungsbuch","status":"publish","type":"product","link":"https:\/\/camaleoparty.ch\/de\/produkt\/goldenes-hochzeitsplanungsbuch\/","title":{"rendered":"Goldenes Hochzeitsplanungsbuch"},"content":{"rendered":"<p style=\"margin: 0px;padding: 0px;border: 0px;font-size: 16px;font-family: futura-pt, sans-serif;font-weight: 400;vertical-align: initial;text-transform: none;border-radius: 0px;font-style: normal;letter-spacing: 1px;text-align: left;text-indent: 0px;text-decoration: none\"><font style=\"vertical-align: inherit\"><font style=\"vertical-align: inherit\">Stellen Sie sicher, dass alles nach Plan verl\u00e4uft, mit unserem Buch zur Planung einer Luxushochzeit f\u00fcr Ihren Traumtag. Die Planung einer Hochzeit kann einsch\u00fcchternd sein. Dieser wundersch\u00f6ne goldene Hochzeitsplaner ist genau das, was Sie brauchen, um organisiert zu bleiben. Alles, was Sie brauchen, in einem einzigen praktischen Buch!<\/font><\/font><\/p>\n<p><span style=\"font-family: futura-pt, sans-serif;font-size: 16px;font-style: normal;font-weight: 400;letter-spacing: 1px;text-align: left;text-indent: 0px;text-transform: none;text-decoration: none;float: none\"> <\/span><\/p>\n<p style=\"margin: 0px;padding: 0px;border: 0px;font-size: 16px;font-family: futura-pt, sans-serif;font-weight: 400;vertical-align: initial;text-transform: none;border-radius: 0px;font-style: normal;letter-spacing: 1px;text-align: left;text-indent: 0px;text-decoration: none\"><font style=\"vertical-align: inherit\"><font style=\"vertical-align: inherit\">Der Planer enth\u00e4lt alles, was Sie brauchen, einschlie\u00dflich Checklisten, einen Hochzeitsbudgetplaner, G\u00e4stelisten und vieles mehr, damit Ihr gro\u00dfer Tag reibungslos verl\u00e4uft.<\/font><\/font><\/p>\n<p><span style=\"font-family: futura-pt, sans-serif;font-size: 16px;font-style: normal;font-weight: 400;letter-spacing: 1px;text-align: left;text-indent: 0px;text-transform: none;text-decoration: none;float: none\"> <\/span><\/p>\n<p style=\"margin: 0px;padding: 0px;border: 0px;font-size: 16px;font-family: futura-pt, sans-serif;font-weight: 400;vertical-align: initial;text-transform: none;border-radius: 0px;font-style: normal;letter-spacing: 1px;text-align: left;text-indent: 0px;text-decoration: none\"><font style=\"vertical-align: inherit\"><font style=\"vertical-align: inherit\">Jede Packung enth\u00e4lt einen Hochzeitsplaner mit den Ma\u00dfen 23 cm (H), 22 cm (B) und 3 cm (T).<\/font><\/font><\/p>\n","protected":false},"excerpt":{"rendered":"<p><span style=\"font-family: futura-pt, sans-serif;font-size: 16px;font-style: normal;font-weight: 400;letter-spacing: 1px;text-align: start;text-indent: 0px;text-transform: none;text-decoration: none;float: none\">Wundersch\u00f6nes, umfassendes Hochzeitsplanungsbuch in rosa und goldenem Blatt, perfekt f\u00fcr die zuk\u00fcnftige Braut! Der Hochzeitsplaner Deluxe enth\u00e4lt 70 Seiten.<\/span><\/p>\n","protected":false},"featured_media":37530,"comment_status":"open","ping_status":"closed","template":"","meta":[],"product_cat":[403,391,191,199,181],"product_tag":[],"class_list":{"0":"post-41950","1":"product","2":"type-product","3":"status-publish","4":"has-post-thumbnail","6":"product_cat-gaestebuch","7":"product_cat-hen-party-polter-abend","8":"product_cat-hochzeit","9":"product_cat-papierwaren","10":"product_cat-saisonal","12":"first","13":"instock","14":"taxable","15":"shipping-taxable","16":"purchasable","17":"product-type-simple"},"_links":{"self":[{"href":"https:\/\/camaleoparty.ch\/de\/wp-json\/wp\/v2\/product\/41950","targetHints":{"allow":["GET"]}}],"collection":[{"href":"https:\/\/camaleoparty.ch\/de\/wp-json\/wp\/v2\/product"}],"about":[{"href":"https:\/\/camaleoparty.ch\/de\/wp-json\/wp\/v2\/types\/product"}],"replies":[{"embeddable":true,"href":"https:\/\/camaleoparty.ch\/de\/wp-json\/wp\/v2\/comments?post=41950"}],"wp:featuredmedia":[{"embeddable":true,"href":"https:\/\/camaleoparty.ch\/de\/wp-json\/wp\/v2\/media\/37530"}],"wp:attachment":[{"href":"https:\/\/camaleoparty.ch\/de\/wp-json\/wp\/v2\/media?parent=41950"}],"wp:term":[{"taxonomy":"product_cat","embeddable":true,"href":"https:\/\/camaleoparty.ch\/de\/wp-json\/wp\/v2\/product_cat?post=41950"},{"taxonomy":"product_tag","embeddable":true,"href":"https:\/\/camaleoparty.ch\/de\/wp-json\/wp\/v2\/product_tag?post=41950"}],"curies":[{"name":"wp","href":"https:\/\/api.w.org\/{rel}","templated":true}]}}