{"id":41947,"date":"2023-12-18T09:23:00","date_gmt":"2024-07-14T19:39:01","guid":{"rendered":"https:\/\/pikasworld.ch\/product\/willkommensschild-anpassbar\/"},"modified":"2024-11-08T13:42:28","modified_gmt":"2024-11-08T12:42:28","slug":"willkommensschild-anpassbar","status":"publish","type":"product","link":"https:\/\/camaleoparty.ch\/de\/produkt\/willkommensschild-anpassbar\/","title":{"rendered":"Willkommensschild, anpassbar"},"content":{"rendered":"<p style=\"margin: 0px; padding: 0px; border: 0px; font-size: 16px; font-family: futura-pt, sans-serif; font-weight: 400; vertical-align: initial; text-transform: none; border-radius: 0px; font-style: normal; letter-spacing: 1px; text-align: left; text-indent: 0px; text-decoration: none;\"><span style=\"vertical-align: inherit;\"><span style=\"vertical-align: inherit;\">Beeindrucken Sie Ihre G\u00e4ste mit einem grandiosen Auftritt, indem Sie unsere anpassbare transparente Acrylfolie verwenden, um ein wirklich einzigartiges Hochzeitsbegr\u00fc\u00dfungsschild zu produzieren. Die transparente Acrylfolie eignet sich perfekt, um pers\u00f6nliche Botschaften zu entwerfen. Wenn Sie sich kreativ f\u00fchlen, versuchen Sie, Ihre eigenen Botschaften zu entwerfen. Alternativ dazu bieten wir separat erh\u00e4ltliche Schablonen in einer Vielzahl von Buchstaben, Zahlen, Schriftarten und Gr\u00f6\u00dfen an, mit denen Sie Ihrem Schild leicht ein professionelles Finish verleihen k\u00f6nnen.<\/span><\/span><\/p>\n<p>&nbsp;<\/p>\n<p style=\"margin: 0px; padding: 0px; border: 0px; font-size: 16px; font-family: futura-pt, sans-serif; font-weight: 400; vertical-align: initial; text-transform: none; border-radius: 0px; font-style: normal; letter-spacing: 1px; text-align: left; text-indent: 0px; text-decoration: none;\"><span style=\"vertical-align: inherit;\"><span style=\"vertical-align: inherit;\">Unser Willkommensschild f\u00fcr die Hochzeit ist vielseitig und kann an jedes Hochzeitsthema angepasst werden. Warum schauen Sie sich nicht unsere neuesten Hochzeitszug\u00e4nge mit unserer Kollektion &#8222;A Touch of Pampas&#8220; an? Sortiment, in dem Sie sch\u00f6ne Hochzeitsdekorationen im Boh\u00e8me-Stil finden, die Sie mit Ihrem Schild kombinieren k\u00f6nnen.<\/span><\/span><\/p>\n<p>&nbsp;<\/p>\n<p style=\"margin: 0px; padding: 0px; border: 0px; font-size: 16px; font-family: futura-pt, sans-serif; font-weight: 400; vertical-align: initial; text-transform: none; border-radius: 0px; font-style: normal; letter-spacing: 1px; text-align: left; text-indent: 0px; text-decoration: none;\"><span style=\"vertical-align: inherit;\"><span style=\"vertical-align: inherit;\">Jede Packung enth\u00e4lt :<\/span><\/span><br \/>\n<span style=\"vertical-align: inherit;\"><span style=\"vertical-align: inherit;\">1 x transparente Acrylplatte A2 mit den Ma\u00dfen 59,4 cm (B) x 42 cm (L), 3 mm dick<\/span><\/span><br \/>\n<span style=\"vertical-align: inherit;\"><span style=\"vertical-align: inherit;\">Das Panel kann sowohl im Hoch- als auch im Querformat verwendet werden.<\/span><\/span><\/p>\n<p>&nbsp;<\/p>\n<p style=\"margin: 0px; padding: 0px; border: 0px; font-size: 16px; font-family: futura-pt, sans-serif; font-weight: 400; vertical-align: initial; text-transform: none; border-radius: 0px; font-style: normal; letter-spacing: 1px; text-align: left; text-indent: 0px; text-decoration: none;\"><span style=\"vertical-align: inherit;\"><span style=\"vertical-align: inherit;\">Stylos nicht inbegriffen.<br \/>\nF\u00fcr dieses Produkt werden Acrylmarker empfohlen.<\/span><\/span><\/p>\n","protected":false},"excerpt":{"rendered":"<p>Unsere fabelhaft vielseitige Acrylfolie ist die perfekte dekorative Erg\u00e4nzung, um eine pers\u00f6nliche Note zu schaffen. Wunderbar vielseitig, Sie k\u00f6nnen es so gestalten, wie Sie wollen!<\/p>\n","protected":false},"featured_media":37565,"comment_status":"open","ping_status":"closed","template":"","meta":[],"product_cat":[185,163,1289,554,183,385,258,391,191,875,553,195,199,181,189,841,193],"product_tag":[],"class_list":{"0":"post-41947","1":"product","2":"type-product","3":"status-publish","4":"has-post-thumbnail","6":"product_brand-gingerray-de","7":"product_cat-baby-shower-de","8":"product_cat-dekoration","9":"product_cat-evjf-dekoration","10":"product_cat-fruhling","11":"product_cat-geburtstag","12":"product_cat-gender-reveal-party-de","13":"product_cat-halloween-de-2","14":"product_cat-hen-party-polter-abend","15":"product_cat-hochzeit","16":"product_cat-kommunion","17":"product_cat-muttertag","18":"product_cat-ostern","19":"product_cat-papierwaren","20":"product_cat-saisonal","21":"product_cat-sommer","22":"product_cat-taufe","23":"product_cat-weihnachten","25":"first","26":"instock","27":"sale","28":"taxable","29":"shipping-taxable","30":"purchasable","31":"product-type-simple"},"_links":{"self":[{"href":"https:\/\/camaleoparty.ch\/de\/wp-json\/wp\/v2\/product\/41947","targetHints":{"allow":["GET"]}}],"collection":[{"href":"https:\/\/camaleoparty.ch\/de\/wp-json\/wp\/v2\/product"}],"about":[{"href":"https:\/\/camaleoparty.ch\/de\/wp-json\/wp\/v2\/types\/product"}],"replies":[{"embeddable":true,"href":"https:\/\/camaleoparty.ch\/de\/wp-json\/wp\/v2\/comments?post=41947"}],"wp:featuredmedia":[{"embeddable":true,"href":"https:\/\/camaleoparty.ch\/de\/wp-json\/wp\/v2\/media\/37565"}],"wp:attachment":[{"href":"https:\/\/camaleoparty.ch\/de\/wp-json\/wp\/v2\/media?parent=41947"}],"wp:term":[{"taxonomy":"product_cat","embeddable":true,"href":"https:\/\/camaleoparty.ch\/de\/wp-json\/wp\/v2\/product_cat?post=41947"},{"taxonomy":"product_tag","embeddable":true,"href":"https:\/\/camaleoparty.ch\/de\/wp-json\/wp\/v2\/product_tag?post=41947"}],"curies":[{"name":"wp","href":"https:\/\/api.w.org\/{rel}","templated":true}]}}