{"id":41944,"date":"2024-01-24T20:25:06","date_gmt":"2024-01-24T19:25:06","guid":{"rendered":"https:\/\/pikasworld.ch\/product\/kartenherstellungskit\/"},"modified":"2024-11-08T13:38:32","modified_gmt":"2024-11-08T12:38:32","slug":"kartenherstellungskit","status":"publish","type":"product","link":"https:\/\/camaleoparty.ch\/de\/produkt\/kartenherstellungskit\/","title":{"rendered":"Kartenherstellungskit"},"content":{"rendered":"<p style=\"margin-top: 0px;margin-bottom: 1rem;font-size: 16px;font-weight: 400;font-style: normal;font-family: Roboto, sans-serif;line-height: inherit !important;letter-spacing: normal;text-align: start;text-indent: 0px;text-transform: none;text-decoration: none\"><font style=\"vertical-align: inherit\"><font style=\"vertical-align: inherit\">Die Tiger Tribe Kartengestaltungssets enthalten alles, was du brauchst, um 20 selbst gestaltete Karten zu erstellen.<\/font><\/font><\/p>\n<p style=\"margin-top: 0px;margin-bottom: 1rem;font-size: 16px;font-weight: 400;font-style: normal;font-family: Roboto, sans-serif;line-height: inherit !important;letter-spacing: normal;text-align: start;text-indent: 0px;text-transform: none;text-decoration: none\"><font style=\"vertical-align: inherit\"><font style=\"vertical-align: inherit\">Gestalten Sie sch\u00f6ne Karten mit Ihrer eigenen kreativen Note f\u00fcr Freunde und Familie.<span class=\"Apple-converted-space\">&nbsp;<\/span><\/font><font style=\"vertical-align: inherit\">Ideal f\u00fcr angehende Designer und pfiffige Kinder&nbsp;!<\/font><\/font><\/p>\n<p style=\"margin-top: 0px;margin-bottom: 1rem;font-size: 16px;font-weight: 400;font-style: normal;font-family: Roboto, sans-serif;line-height: inherit !important;letter-spacing: normal;text-align: start;text-indent: 0px;text-transform: none;text-decoration: none\"><font style=\"vertical-align: inherit\"><font style=\"vertical-align: inherit\">Jedes Set enth\u00e4lt :<\/font><\/font><\/p>\n<p style=\"margin-top: 0px;margin-bottom: 1rem;font-size: 16px;font-weight: 400;font-style: normal;font-family: Roboto, sans-serif;line-height: inherit !important;letter-spacing: normal;text-align: start;text-indent: 0px;text-transform: none;text-decoration: none\"><font style=\"vertical-align: inherit\"><font style=\"vertical-align: inherit\">20 gedruckte Karten<span class=\"Apple-converted-space\">&nbsp;<\/span><\/font><\/font><br \/>\n<font style=\"vertical-align: inherit\"><font style=\"vertical-align: inherit\">20 bedruckte Umschl\u00e4ge<span class=\"Apple-converted-space\">&nbsp;<\/span><\/font><\/font><br \/>\n<font style=\"vertical-align: inherit\"><font style=\"vertical-align: inherit\">2 Stylos-Gel<span class=\"Apple-converted-space\">&nbsp;<\/span><\/font><\/font><br \/>\n<font style=\"vertical-align: inherit\"><font style=\"vertical-align: inherit\">3 Qualit\u00e4tsfarbstifte mit doppeltem Ende (6 Farben!)<span class=\"Apple-converted-space\">&nbsp;<\/span><\/font><\/font><br \/>\n<font style=\"vertical-align: inherit\"><font style=\"vertical-align: inherit\">\u00dcber 70 hochwertige Farbsticker<span class=\"Apple-converted-space\">&nbsp;<\/span><\/font><\/font><br \/>\n<font style=\"vertical-align: inherit\"><font style=\"vertical-align: inherit\">Unsere Verpackung f\u00fcr dieses Set kreativer Aktivit\u00e4ten wurde speziell mit Stauf\u00e4chern versehen, um Schreibwaren und Kunstwerke sicher aufzubewahren, sodass es sich perfekt f\u00fcr ein tragbares Spiel eignet, ohne Verschwendung und ohne Chichi.<\/font><\/font><\/p>\n","protected":false},"excerpt":{"rendered":"<p>Die Tiger Tribe Kartengestaltungssets enthalten alles, was du brauchst, um 20 selbst gestaltete Karten zu erstellen. Gestalten Sie sch\u00f6ne Karten mit Ihrer eigenen kreativen Note f\u00fcr Freunde und Familie.&nbsp;Ideal f\u00fcr angehende Designer und pfiffige Kinder&nbsp;! Jedes Set enth\u00e4lt : 20 gedruckte Karten&nbsp; 20 bedruckte Umschl\u00e4ge&nbsp; 2 Stylos-Gel&nbsp; 3 Qualit\u00e4tsfarbstifte mit doppeltem Ende (6 Farben!)&nbsp; \u00dcber [&hellip;]<\/p>\n","protected":false},"featured_media":37862,"comment_status":"open","ping_status":"closed","template":"","meta":[],"product_cat":[201,366,370],"product_tag":[],"class_list":{"0":"post-41944","1":"product","2":"type-product","3":"status-publish","4":"has-post-thumbnail","6":"product_cat-einladungen-karten","7":"product_cat-geschenk-ecke","8":"product_cat-kinder","10":"first","11":"instock","12":"taxable","13":"shipping-taxable","14":"purchasable","15":"product-type-simple"},"_links":{"self":[{"href":"https:\/\/camaleoparty.ch\/de\/wp-json\/wp\/v2\/product\/41944","targetHints":{"allow":["GET"]}}],"collection":[{"href":"https:\/\/camaleoparty.ch\/de\/wp-json\/wp\/v2\/product"}],"about":[{"href":"https:\/\/camaleoparty.ch\/de\/wp-json\/wp\/v2\/types\/product"}],"replies":[{"embeddable":true,"href":"https:\/\/camaleoparty.ch\/de\/wp-json\/wp\/v2\/comments?post=41944"}],"wp:featuredmedia":[{"embeddable":true,"href":"https:\/\/camaleoparty.ch\/de\/wp-json\/wp\/v2\/media\/37862"}],"wp:attachment":[{"href":"https:\/\/camaleoparty.ch\/de\/wp-json\/wp\/v2\/media?parent=41944"}],"wp:term":[{"taxonomy":"product_cat","embeddable":true,"href":"https:\/\/camaleoparty.ch\/de\/wp-json\/wp\/v2\/product_cat?post=41944"},{"taxonomy":"product_tag","embeddable":true,"href":"https:\/\/camaleoparty.ch\/de\/wp-json\/wp\/v2\/product_tag?post=41944"}],"curies":[{"name":"wp","href":"https:\/\/api.w.org\/{rel}","templated":true}]}}