{"id":41928,"date":"2024-04-19T13:37:44","date_gmt":"2024-07-14T16:03:59","guid":{"rendered":"https:\/\/pikasworld.ch\/product\/muffinboxen-weiss-10st\/"},"modified":"2024-11-08T13:25:31","modified_gmt":"2024-11-08T12:25:31","slug":"muffinboxen-weiss-10st","status":"publish","type":"product","link":"https:\/\/camaleoparty.ch\/de\/produkt\/muffinboxen-weiss-10st\/","title":{"rendered":"Muffinboxen, wei\u00df, 10St."},"content":{"rendered":"<p>Muffinboxen, wei\u00df, mit ausgestanztem Ornament, Gr\u00f6\u00dfe 5,5&#215;8,5 cm.<br \/>\n(1 pqt. \/ 10 pc.)<\/p>\n","protected":false},"excerpt":{"rendered":"<p>Muffinboxen, wei\u00df, mit ausgeschnittenem Ornament.<\/p>\n","protected":false},"featured_media":39971,"comment_status":"open","ping_status":"closed","template":"","meta":[],"product_cat":[185,330,554,191,327,195,841],"product_tag":[],"class_list":{"0":"post-41928","1":"product","2":"type-product","3":"status-publish","4":"has-post-thumbnail","6":"product_brand-partydeco-de","7":"product_cat-baby-shower-de","8":"product_cat-cupcakes-de","9":"product_cat-fruhling","10":"product_cat-hochzeit","11":"product_cat-kochen","12":"product_cat-ostern","13":"product_cat-taufe","15":"first","16":"instock","17":"taxable","18":"shipping-taxable","19":"purchasable","20":"product-type-simple"},"_links":{"self":[{"href":"https:\/\/camaleoparty.ch\/de\/wp-json\/wp\/v2\/product\/41928","targetHints":{"allow":["GET"]}}],"collection":[{"href":"https:\/\/camaleoparty.ch\/de\/wp-json\/wp\/v2\/product"}],"about":[{"href":"https:\/\/camaleoparty.ch\/de\/wp-json\/wp\/v2\/types\/product"}],"replies":[{"embeddable":true,"href":"https:\/\/camaleoparty.ch\/de\/wp-json\/wp\/v2\/comments?post=41928"}],"wp:featuredmedia":[{"embeddable":true,"href":"https:\/\/camaleoparty.ch\/de\/wp-json\/wp\/v2\/media\/39971"}],"wp:attachment":[{"href":"https:\/\/camaleoparty.ch\/de\/wp-json\/wp\/v2\/media?parent=41928"}],"wp:term":[{"taxonomy":"product_cat","embeddable":true,"href":"https:\/\/camaleoparty.ch\/de\/wp-json\/wp\/v2\/product_cat?post=41928"},{"taxonomy":"product_tag","embeddable":true,"href":"https:\/\/camaleoparty.ch\/de\/wp-json\/wp\/v2\/product_tag?post=41928"}],"curies":[{"name":"wp","href":"https:\/\/api.w.org\/{rel}","templated":true}]}}