{"id":41909,"date":"2023-12-17T19:43:00","date_gmt":"2024-07-13T12:51:05","guid":{"rendered":"https:\/\/pikasworld.ch\/product\/schwimmende-hexenhuete-3tlg\/"},"modified":"2024-11-08T13:42:34","modified_gmt":"2024-11-08T12:42:34","slug":"schwimmende-hexenhuete-3tlg","status":"publish","type":"product","link":"https:\/\/camaleoparty.ch\/de\/produkt\/schwimmende-hexenhuete-3tlg\/","title":{"rendered":"Schwimmende Hexenh\u00fcte &#8211; 3tlg."},"content":{"rendered":"<p>Erzeugen Sie die Illusion einer unsichtbaren Hexe oder einfach nur ihres schwebenden Hutes mit diesen gruseligen Dekorationen zum Aufh\u00e4ngen f\u00fcr Halloween.<\/p>\n<p>?\u200d\u2640\ufe0f Wie von Zauberhand erscheinen diese traditionellen Hexenh\u00fcte, die an einer durchsichtigen Schnur aufgeh\u00e4ngt sind und einen gruseligen und mystischen Effekt f\u00fcr Ihre Halloween-Dekorationen erzeugen.<\/p>\n<p><strong>Produktdetails :<\/strong><\/p>\n<ul>\n<li><strong>Inhalt<\/strong>: Jede Packung enth\u00e4lt 3 Hexenh\u00fcte.<\/li>\n<li><strong>Aufh\u00e4ngung<\/strong>: 50 cm durchsichtiges Garn, das an der Spitze jedes Hutes befestigt wird, um sie leicht aufzuh\u00e4ngen.<\/li>\n<\/ul>\n<p>\u2728 Verleihen Sie Ihrer Dekoration mit diesen schwebenden H\u00fcten einen Hauch von Geheimnis und Grusel. Diese H\u00fcte sind perfekt f\u00fcr eine bezaubernde Atmosph\u00e4re und lassen alle Ihre G\u00e4ste glauben, dass sich Hexen in der N\u00e4he herumtreiben!<\/p>\n","protected":false},"excerpt":{"rendered":"<p>Diese gruseligen Dekorationen f\u00fcr einen Halloween-Hexenhut werden jedem, der sie sieht, einen geh\u00f6rigen Schrecken einjagen. Jede Packung enth\u00e4lt drei Halloween-Partydekorationen in Form von Hexenh\u00fcten und 50 cm durchsichtiger Schnur, die an der Spitze jeder Dekoration befestigt ist.<\/p>\n","protected":false},"featured_media":37537,"comment_status":"open","ping_status":"closed","template":"","meta":[],"product_cat":[258,1079,582],"product_tag":[],"class_list":{"0":"post-41909","1":"product","2":"type-product","3":"status-publish","4":"has-post-thumbnail","6":"product_brand-gingerray-de","7":"product_cat-halloween-de-2","8":"product_cat-halloween-raum-und-ausendekoration","9":"product_cat-magier","11":"first","12":"instock","13":"featured","14":"taxable","15":"shipping-taxable","16":"purchasable","17":"product-type-simple"},"_links":{"self":[{"href":"https:\/\/camaleoparty.ch\/de\/wp-json\/wp\/v2\/product\/41909","targetHints":{"allow":["GET"]}}],"collection":[{"href":"https:\/\/camaleoparty.ch\/de\/wp-json\/wp\/v2\/product"}],"about":[{"href":"https:\/\/camaleoparty.ch\/de\/wp-json\/wp\/v2\/types\/product"}],"replies":[{"embeddable":true,"href":"https:\/\/camaleoparty.ch\/de\/wp-json\/wp\/v2\/comments?post=41909"}],"wp:featuredmedia":[{"embeddable":true,"href":"https:\/\/camaleoparty.ch\/de\/wp-json\/wp\/v2\/media\/37537"}],"wp:attachment":[{"href":"https:\/\/camaleoparty.ch\/de\/wp-json\/wp\/v2\/media?parent=41909"}],"wp:term":[{"taxonomy":"product_cat","embeddable":true,"href":"https:\/\/camaleoparty.ch\/de\/wp-json\/wp\/v2\/product_cat?post=41909"},{"taxonomy":"product_tag","embeddable":true,"href":"https:\/\/camaleoparty.ch\/de\/wp-json\/wp\/v2\/product_tag?post=41909"}],"curies":[{"name":"wp","href":"https:\/\/api.w.org\/{rel}","templated":true}]}}