{"id":41862,"date":"2024-07-10T15:57:00","date_gmt":"2024-07-10T15:09:59","guid":{"rendered":"https:\/\/pikasworld.ch\/product\/deko-rosetten-blush-pink-3-stk\/"},"modified":"2024-11-08T13:23:13","modified_gmt":"2024-11-08T12:23:13","slug":"deko-rosetten-blush-pink-3-stk","status":"publish","type":"product","link":"https:\/\/camaleoparty.ch\/de\/produkt\/deko-rosetten-blush-pink-3-stk\/","title":{"rendered":"Deko-Rosetten, Blush Pink, 3 Stk."},"content":{"rendered":"<div class=\"flex-shrink-0 flex flex-col relative items-end\">\n<div>\n<div class=\"pt-0.5 juice:pt-0\">\n<div class=\"gizmo-bot-avatar flex h-6 w-6 items-center justify-center overflow-hidden rounded-full juice:h-8 juice:w-8\">\n<div class=\"relative p-1 rounded-sm flex items-center justify-center bg-token-main-surface-primary text-token-text-primary h-8 w-8\"><\/div>\n<\/div>\n<\/div>\n<\/div>\n<\/div>\n<div class=\"group\/conversation-turn relative flex w-full min-w-0 flex-col agent-turn\">\n<div class=\"flex-col gap-1 md:gap-3\">\n<div class=\"flex flex-grow flex-col max-w-full\">\n<div class=\"min-h-[20px] text-message flex flex-col items-start whitespace-pre-wrap break-words [.text-message+&amp;]:mt-5 juice:w-full juice:items-end overflow-x-auto gap-2\" dir=\"auto\" data-message-author-role=\"assistant\" data-message-id=\"1c9b0c49-a762-45ca-8bc7-80462d507878\">\n<div class=\"flex w-full flex-col gap-1 juice:empty:hidden juice:first:pt-[3px]\">\n<div class=\"markdown prose w-full break-words dark:prose-invert dark\">\n<p>Verleihen Sie Ihrer Veranstaltung einen Hauch von S\u00fc\u00dfe und Charme mit unseren wundersch\u00f6nen Deko-Rosetten in Blush Pink. Diese Rosetten eignen sich perfekt f\u00fcr jeden Anlass und verleihen Ihrer Dekoration eine elegante und romantische Atmosph\u00e4re.<\/p>\n<p><strong>Produktmerkmale :<\/strong><\/p>\n<ul>\n<li><strong>Durchmesser<\/strong>: 23 cm, 32 cm, und 40 cm &#8211; eine Auswahl an Gr\u00f6\u00dfen f\u00fcr eine harmonische Komposition<\/li>\n<li><strong>Inhalt<\/strong>: 1 Packung mit 3 St\u00fcck &#8211; alles, was Sie f\u00fcr eine gelungene Dekoration brauchen<\/li>\n<li><strong>Farbe<\/strong>: Blush Pink &#8211; ein sanfter, eleganter Farbton<\/li>\n<\/ul>\n<p>Diese Rosetten k\u00f6nnen an die Wand geh\u00e4ngt werden, von der Decke h\u00e4ngen oder als Tafelaufsatz f\u00fcr einen garantierten Wow-Effekt verwendet werden. Sie sind ideal f\u00fcr eine Hochzeit, einen Geburtstag, eine Baby Shower oder andere besondere Anl\u00e4sse. Kombinieren Sie sie mit anderen Dekorationselementen f\u00fcr eine unvergessliche Party.<\/p>\n<p>Schaffen Sie eine romantische und stilvolle Atmosph\u00e4re mit diesen wundersch\u00f6nen Deko-Rosetten in Blush Pink!<\/p>\n<\/div>\n<\/div>\n<\/div>\n<\/div>\n<\/div>\n<\/div>\n","protected":false},"excerpt":{"rendered":"<p>Diese Rosetten k\u00f6nnen an die Wand geh\u00e4ngt werden, von der Decke h\u00e4ngen oder als Tafelaufsatz f\u00fcr einen garantierten Wow-Effekt verwendet werden. Sie sind ideal f\u00fcr eine Hochzeit, einen Geburtstag, eine Baby Shower oder andere besondere Anl\u00e4sse.<\/p>\n","protected":false},"featured_media":41860,"comment_status":"open","ping_status":"closed","template":"","meta":[],"product_cat":[591,1204,169],"product_tag":[],"class_list":{"0":"post-41862","1":"product","2":"type-product","3":"status-publish","4":"has-post-thumbnail","6":"product_brand-partydeco-de","7":"product_cat-prinzessin-de","8":"product_cat-rosa","9":"product_cat-wabenball","11":"first","12":"instock","13":"taxable","14":"shipping-taxable","15":"purchasable","16":"product-type-simple"},"_links":{"self":[{"href":"https:\/\/camaleoparty.ch\/de\/wp-json\/wp\/v2\/product\/41862","targetHints":{"allow":["GET"]}}],"collection":[{"href":"https:\/\/camaleoparty.ch\/de\/wp-json\/wp\/v2\/product"}],"about":[{"href":"https:\/\/camaleoparty.ch\/de\/wp-json\/wp\/v2\/types\/product"}],"replies":[{"embeddable":true,"href":"https:\/\/camaleoparty.ch\/de\/wp-json\/wp\/v2\/comments?post=41862"}],"wp:featuredmedia":[{"embeddable":true,"href":"https:\/\/camaleoparty.ch\/de\/wp-json\/wp\/v2\/media\/41860"}],"wp:attachment":[{"href":"https:\/\/camaleoparty.ch\/de\/wp-json\/wp\/v2\/media?parent=41862"}],"wp:term":[{"taxonomy":"product_cat","embeddable":true,"href":"https:\/\/camaleoparty.ch\/de\/wp-json\/wp\/v2\/product_cat?post=41862"},{"taxonomy":"product_tag","embeddable":true,"href":"https:\/\/camaleoparty.ch\/de\/wp-json\/wp\/v2\/product_tag?post=41862"}],"curies":[{"name":"wp","href":"https:\/\/api.w.org\/{rel}","templated":true}]}}