{"id":41746,"date":"2024-02-03T00:37:00","date_gmt":"2024-07-08T17:27:56","guid":{"rendered":"https:\/\/pikasworld.ch\/product\/venus-goettin-l\/"},"modified":"2024-11-08T13:37:14","modified_gmt":"2024-11-08T12:37:14","slug":"venus-goettin-l","status":"publish","type":"product","link":"https:\/\/camaleoparty.ch\/de\/produkt\/venus-goettin-l\/","title":{"rendered":"Venus G\u00f6ttin (L)"},"content":{"rendered":"<p class=\"_28cEs\" data-hook=\"description\">Halten Sie sich f\u00fcr eine G\u00f6ttin<br \/>\nDieses G\u00f6ttin-Venus-Kost\u00fcm ist f\u00fcr Frauen und besteht aus einem kurzen, tief ausgeschnittenen Kleid.<br \/>\nVon asymmetrischem Aussehen, eine violette Toga ist von der rechten Schulter aus angen\u00e4ht. Sie bedeckt diagonal einen Teil Ihres Oberk\u00f6rpers und den unteren Teil Ihrer Kleidung. Die Tr\u00e4ger sind d\u00fcnn und aus wei\u00dfem und violettem Stoff geflochten. Ein violettes Stirnband mit goldenen Motiven wird Ihre Unterbrust kaschieren.<br \/>\nF\u00fcr Ihren Komfort sorgt ein Gummiband im R\u00fccken, das Ihnen eine deutliche Bewegungsfreiheit erm\u00f6glicht. Auf dem R\u00fccken wurden lange Streifen aus wei\u00dfem T\u00fcll gen\u00e4ht. Sie werden bei Ihren Bewegungen einen sehr eleganten Faltenwurf erzeugen.<br \/>\nDie R\u00e4nder des Kleides und der Tulpen sind aus goldenem Satinstoff gen\u00e4ht.<br \/>\nAuf Ihrer Kost\u00fcmparty heute Abend werden Sie Liebe und Gl\u00fcck unter Ihren G\u00e4sten verbreiten.<\/p>\n<p data-hook=\"description\">\n<p data-hook=\"description\">Gr\u00f6\u00dfe L<\/p>\n","protected":false},"excerpt":{"rendered":"<p class=\"_28cEs\" data-hook=\"description\">Halten Sie sich f\u00fcr eine G\u00f6ttin<br \/>\nDieses G\u00f6ttin-Venus-Kost\u00fcm ist f\u00fcr Frauen und besteht aus einem kurzen, tief ausgeschnittenen Kleid.<br \/>\nVon asymmetrischem Aussehen, eine violette Toga ist von der rechten Schulter aus angen\u00e4ht. Sie bedeckt diagonal einen Teil Ihres Oberk\u00f6rpers und den unteren Teil Ihrer Kleidung. Die Tr\u00e4ger sind d\u00fcnn und aus wei\u00dfem und violettem Stoff geflochten. Ein violettes Stirnband mit goldenen Motiven wird Ihre Unterbrust kaschieren.<br \/>\nF\u00fcr Ihren Komfort sorgt ein Gummiband im R\u00fccken, das Ihnen eine deutliche Bewegungsfreiheit erm\u00f6glicht. Auf dem R\u00fccken wurden lange Streifen aus wei\u00dfem T\u00fcll gen\u00e4ht. Sie werden bei Ihren Bewegungen einen sehr eleganten Faltenwurf erzeugen.<br \/>\nDie R\u00e4nder des Kleides und der Tulpen sind aus goldenem Satinstoff gen\u00e4ht.<br \/>\nAuf Ihrer Kost\u00fcmparty heute Abend werden Sie Liebe und Gl\u00fcck unter Ihren G\u00e4sten verbreiten.<\/p>\n<p data-hook=\"description\">\n<p data-hook=\"description\">Gr\u00f6\u00dfe L<\/p>\n","protected":false},"featured_media":33880,"comment_status":"open","ping_status":"closed","template":"","meta":[],"product_cat":[132,716,136],"product_tag":[],"class_list":{"0":"post-41746","1":"product","2":"type-product","3":"status-publish","4":"has-post-thumbnail","6":"product_cat-animationen","7":"product_cat-frau","8":"product_cat-kostueme","10":"first","11":"instock","12":"sale","13":"taxable","14":"shipping-taxable","15":"purchasable","16":"product-type-simple"},"_links":{"self":[{"href":"https:\/\/camaleoparty.ch\/de\/wp-json\/wp\/v2\/product\/41746","targetHints":{"allow":["GET"]}}],"collection":[{"href":"https:\/\/camaleoparty.ch\/de\/wp-json\/wp\/v2\/product"}],"about":[{"href":"https:\/\/camaleoparty.ch\/de\/wp-json\/wp\/v2\/types\/product"}],"replies":[{"embeddable":true,"href":"https:\/\/camaleoparty.ch\/de\/wp-json\/wp\/v2\/comments?post=41746"}],"wp:featuredmedia":[{"embeddable":true,"href":"https:\/\/camaleoparty.ch\/de\/wp-json\/wp\/v2\/media\/33880"}],"wp:attachment":[{"href":"https:\/\/camaleoparty.ch\/de\/wp-json\/wp\/v2\/media?parent=41746"}],"wp:term":[{"taxonomy":"product_cat","embeddable":true,"href":"https:\/\/camaleoparty.ch\/de\/wp-json\/wp\/v2\/product_cat?post=41746"},{"taxonomy":"product_tag","embeddable":true,"href":"https:\/\/camaleoparty.ch\/de\/wp-json\/wp\/v2\/product_tag?post=41746"}],"curies":[{"name":"wp","href":"https:\/\/api.w.org\/{rel}","templated":true}]}}