{"id":41551,"date":"2023-10-22T19:58:00","date_gmt":"2024-07-06T12:37:53","guid":{"rendered":"https:\/\/pikasworld.ch\/product\/8-tassen-zauberer\/"},"modified":"2024-11-08T13:46:34","modified_gmt":"2024-11-08T12:46:34","slug":"8-tassen-zauberer","status":"publish","type":"product","link":"https:\/\/camaleoparty.ch\/de\/produkt\/8-tassen-zauberer\/","title":{"rendered":"8 TASSEN &#8211; ZAUBERER"},"content":{"rendered":"<p><span style=\"font-family: filson_softbook, Helvetica, Times, sans-serif;font-size: 16.332315px;font-style: normal;font-weight: 400;letter-spacing: normal;text-align: start;text-indent: 0px;text-transform: none;text-decoration: none;float: none\">Abrakadabra, hebt eure St\u00e4bchen und reitet auf euren Besen! Haben Sie schon immer davon getr\u00e4umt, einer ber\u00fchmten Zauberschule beizutreten und zu lernen, wie man die erstaunlichsten Zauberspr\u00fcche ausf\u00fchrt? Bis Sie Ihre Aufnahmebest\u00e4tigung erhalten, k\u00f6nnen Sie sich in unsere Zauberer-Kollektion verlieben, die sich sowohl f\u00fcr einen Geburtstag als auch f\u00fcr Halloween eignet.&nbsp;8 von My Little Day entworfene Pappbecher mit zauberhaften Motiven&nbsp;&nbsp; kombinieren Sie mit den Tellern und Servietten der Zauberer-Kollektion f\u00fcr einen selbstbewussten Total-Look. Die Sorcerer-Becher wurden in Paris entworfen, in Europa aus FSC-Papier hergestellt und mit pflanzlicher Tinte gef\u00e4rbt.<\/span><\/p>\n","protected":false},"excerpt":{"rendered":"<p>Abrakadabra, hebt eure St\u00e4bchen und reitet auf euren Besen! Haben Sie schon immer davon getr\u00e4umt, einer ber\u00fchmten Zauberschule beizutreten und zu lernen, wie man die erstaunlichsten Zauberspr\u00fcche ausf\u00fchrt? Bis Sie Ihre Aufnahmebest\u00e4tigung erhalten, k\u00f6nnen Sie sich in unsere Zauberer-Kollektion verlieben, die sich sowohl f\u00fcr einen Geburtstag als auch f\u00fcr Halloween eignet.&nbsp;8 von My Little Day [&hellip;]<\/p>\n","protected":false},"featured_media":35873,"comment_status":"open","ping_status":"closed","template":"","meta":[],"product_cat":[157,183,258,1081,582,181],"product_tag":[],"class_list":{"0":"post-41551","1":"product","2":"type-product","3":"status-publish","4":"has-post-thumbnail","6":"product_brand-mylittleday-de","7":"product_cat-becher","8":"product_cat-geburtstag","9":"product_cat-halloween-de-2","10":"product_cat-halloween-tischdekoration","11":"product_cat-magier","12":"product_cat-saisonal","14":"first","15":"instock","16":"taxable","17":"shipping-taxable","18":"purchasable","19":"product-type-simple"},"_links":{"self":[{"href":"https:\/\/camaleoparty.ch\/de\/wp-json\/wp\/v2\/product\/41551","targetHints":{"allow":["GET"]}}],"collection":[{"href":"https:\/\/camaleoparty.ch\/de\/wp-json\/wp\/v2\/product"}],"about":[{"href":"https:\/\/camaleoparty.ch\/de\/wp-json\/wp\/v2\/types\/product"}],"replies":[{"embeddable":true,"href":"https:\/\/camaleoparty.ch\/de\/wp-json\/wp\/v2\/comments?post=41551"}],"wp:featuredmedia":[{"embeddable":true,"href":"https:\/\/camaleoparty.ch\/de\/wp-json\/wp\/v2\/media\/35873"}],"wp:attachment":[{"href":"https:\/\/camaleoparty.ch\/de\/wp-json\/wp\/v2\/media?parent=41551"}],"wp:term":[{"taxonomy":"product_cat","embeddable":true,"href":"https:\/\/camaleoparty.ch\/de\/wp-json\/wp\/v2\/product_cat?post=41551"},{"taxonomy":"product_tag","embeddable":true,"href":"https:\/\/camaleoparty.ch\/de\/wp-json\/wp\/v2\/product_tag?post=41551"}],"curies":[{"name":"wp","href":"https:\/\/api.w.org\/{rel}","templated":true}]}}