{"id":41550,"date":"2023-10-22T21:11:00","date_gmt":"2024-07-06T12:37:12","guid":{"rendered":"https:\/\/pikasworld.ch\/product\/20-servietten-zauberer\/"},"modified":"2024-11-08T13:46:32","modified_gmt":"2024-11-08T12:46:32","slug":"20-servietten-zauberer","status":"publish","type":"product","link":"https:\/\/camaleoparty.ch\/de\/produkt\/20-servietten-zauberer\/","title":{"rendered":"20 Servietten \u2013 Zauberer"},"content":{"rendered":"<p><span style=\"font-family: filson_softbook, Helvetica, Times, sans-serif;font-size: 16.332315px;font-style: normal;font-weight: 400;letter-spacing: normal;text-align: start;text-indent: 0px;text-transform: none;text-decoration: none;float: none\">Abrakadabra, hebt eure St\u00e4bchen und reitet auf euren Besen! Haben Sie schon immer davon getr\u00e4umt, einer ber\u00fchmten Zauberschule beizutreten und zu lernen, wie man die erstaunlichsten Zauberspr\u00fcche ausf\u00fchrt? Bis Sie Ihren Aufnahmebrief erhalten, k\u00f6nnen Sie sich in unsere Hexenkollektion verlieben, die sich sowohl f\u00fcr einen Geburtstag als auch f\u00fcr Halloween eignet.&nbsp;20 von My Little Day&nbsp;entworfene Papierservietten mit zauberhaften Motiven&nbsp;&nbsp; kombinieren Sie mit den Bechern und Tellern der Hexenkollektion f\u00fcr einen selbstbewussten Total-Look. Die Hexer-Servietten wurden in Paris entworfen, in Europa aus FSC-Papier hergestellt, mit pflanzlicher Tinte gef\u00e4rbt und sind recycelbar.<\/span><\/p>\n","protected":false},"excerpt":{"rendered":"<p>Abrakadabra, hebt eure St\u00e4bchen und reitet auf euren Besen! Haben Sie schon immer davon getr\u00e4umt, einer ber\u00fchmten Zauberschule beizutreten und zu lernen, wie man die erstaunlichsten Zauberspr\u00fcche ausf\u00fchrt? Bis Sie Ihren Aufnahmebrief erhalten, k\u00f6nnen Sie sich in unsere Hexenkollektion verlieben, die sich sowohl f\u00fcr einen Geburtstag als auch f\u00fcr Halloween eignet.&nbsp;20 von My Little Day&nbsp;entworfene [&hellip;]<\/p>\n","protected":false},"featured_media":35886,"comment_status":"open","ping_status":"closed","template":"","meta":[],"product_cat":[183,258,582,181,161,147],"product_tag":[],"class_list":{"0":"post-41550","1":"product","2":"type-product","3":"status-publish","4":"has-post-thumbnail","6":"product_brand-mylittleday-de","7":"product_cat-geburtstag","8":"product_cat-halloween-de-2","9":"product_cat-magier","10":"product_cat-saisonal","11":"product_cat-servietten","12":"product_cat-verjaardags-en-feesttafelversieringen","14":"first","15":"instock","16":"taxable","17":"shipping-taxable","18":"purchasable","19":"product-type-simple"},"_links":{"self":[{"href":"https:\/\/camaleoparty.ch\/de\/wp-json\/wp\/v2\/product\/41550","targetHints":{"allow":["GET"]}}],"collection":[{"href":"https:\/\/camaleoparty.ch\/de\/wp-json\/wp\/v2\/product"}],"about":[{"href":"https:\/\/camaleoparty.ch\/de\/wp-json\/wp\/v2\/types\/product"}],"replies":[{"embeddable":true,"href":"https:\/\/camaleoparty.ch\/de\/wp-json\/wp\/v2\/comments?post=41550"}],"wp:featuredmedia":[{"embeddable":true,"href":"https:\/\/camaleoparty.ch\/de\/wp-json\/wp\/v2\/media\/35886"}],"wp:attachment":[{"href":"https:\/\/camaleoparty.ch\/de\/wp-json\/wp\/v2\/media?parent=41550"}],"wp:term":[{"taxonomy":"product_cat","embeddable":true,"href":"https:\/\/camaleoparty.ch\/de\/wp-json\/wp\/v2\/product_cat?post=41550"},{"taxonomy":"product_tag","embeddable":true,"href":"https:\/\/camaleoparty.ch\/de\/wp-json\/wp\/v2\/product_tag?post=41550"}],"curies":[{"name":"wp","href":"https:\/\/api.w.org\/{rel}","templated":true}]}}