{"id":41501,"date":"2023-11-26T01:48:03","date_gmt":"2024-07-05T19:32:13","guid":{"rendered":"https:\/\/pikasworld.ch\/product\/teller-prinzessinnenschloss\/"},"modified":"2024-11-08T13:44:16","modified_gmt":"2024-11-08T12:44:16","slug":"teller-prinzessinnenschloss","status":"publish","type":"product","link":"https:\/\/camaleoparty.ch\/de\/produkt\/teller-prinzessinnenschloss\/","title":{"rendered":"Teller Prinzessinnenschloss"},"content":{"rendered":"<p><font style=\"font-family: futura-pt, sans-serif;font-size: 16px;font-style: normal;font-weight: 400;letter-spacing: 1px;text-align: left;text-indent: 0px;text-transform: none;text-decoration: none;vertical-align: inherit\"><font style=\"vertical-align: inherit\">Diese Prinzessinnenteller sind sowohl sch\u00f6n als auch umweltfreundlich. Sie sind ein Muss f\u00fcr ihre Geburtstagsparty und werden auf Ihrem S\u00fc\u00dfigkeitentisch unglaublich gut aussehen. <\/font><\/font><\/p>\n<p><font style=\"font-family: futura-pt, sans-serif;font-size: 16px;font-style: normal;font-weight: 400;letter-spacing: 1px;text-align: left;text-indent: 0px;text-transform: none;text-decoration: none;vertical-align: inherit\"><font style=\"vertical-align: inherit\">Kombinieren Sie diese Teller mit dem Partygeschirr aus unserer Princess Party-Kollektion voller h\u00fcbscher rosa- und goldfarbener Ballons und Dekorationen. <\/font><\/font><\/p>\n<p><font style=\"font-family: futura-pt, sans-serif;font-size: 16px;font-style: normal;font-weight: 400;letter-spacing: 1px;text-align: left;text-indent: 0px;text-transform: none;text-decoration: none;vertical-align: inherit\"><font style=\"vertical-align: inherit\">Jede Packung enth\u00e4lt 8 Partyteller mit den Ma\u00dfen 21 cm (H) x 14 cm (B).<\/font><\/font><\/p>\n","protected":false},"excerpt":{"rendered":"<p><font style=\"font-family: futura-pt, sans-serif;font-size: 16px;font-style: normal;font-weight: 400;letter-spacing: 1px;text-align: start;text-indent: 0px;text-transform: none;text-decoration: none;vertical-align: inherit\">Servieren Sie einen k\u00f6stlichen Brotaufstrich mit unseren Prinzessinnenschloss-Papiertellern.<span class=\"Apple-converted-space\">&nbsp;<\/span><\/font><font style=\"font-family: futura-pt, sans-serif;font-size: 16px;font-style: normal;font-weight: 400;letter-spacing: 1px;text-align: start;text-indent: 0px;text-transform: none;text-decoration: none;vertical-align: inherit\">Jede Packung enth\u00e4lt 8 Partyteller mit den Ma\u00dfen 21 cm (H) x 14 cm (B).<\/font><\/p>\n","protected":false},"featured_media":36899,"comment_status":"open","ping_status":"closed","template":"","meta":[],"product_cat":[183,591,181,149,147],"product_tag":[],"class_list":{"0":"post-41501","1":"product","2":"type-product","3":"status-publish","4":"has-post-thumbnail","6":"product_brand-gingerray-de","7":"product_cat-geburtstag","8":"product_cat-prinzessin-de","9":"product_cat-saisonal","10":"product_cat-teller","11":"product_cat-verjaardags-en-feesttafelversieringen","13":"first","14":"instock","15":"taxable","16":"shipping-taxable","17":"purchasable","18":"product-type-simple"},"_links":{"self":[{"href":"https:\/\/camaleoparty.ch\/de\/wp-json\/wp\/v2\/product\/41501","targetHints":{"allow":["GET"]}}],"collection":[{"href":"https:\/\/camaleoparty.ch\/de\/wp-json\/wp\/v2\/product"}],"about":[{"href":"https:\/\/camaleoparty.ch\/de\/wp-json\/wp\/v2\/types\/product"}],"replies":[{"embeddable":true,"href":"https:\/\/camaleoparty.ch\/de\/wp-json\/wp\/v2\/comments?post=41501"}],"wp:featuredmedia":[{"embeddable":true,"href":"https:\/\/camaleoparty.ch\/de\/wp-json\/wp\/v2\/media\/36899"}],"wp:attachment":[{"href":"https:\/\/camaleoparty.ch\/de\/wp-json\/wp\/v2\/media?parent=41501"}],"wp:term":[{"taxonomy":"product_cat","embeddable":true,"href":"https:\/\/camaleoparty.ch\/de\/wp-json\/wp\/v2\/product_cat?post=41501"},{"taxonomy":"product_tag","embeddable":true,"href":"https:\/\/camaleoparty.ch\/de\/wp-json\/wp\/v2\/product_tag?post=41501"}],"curies":[{"name":"wp","href":"https:\/\/api.w.org\/{rel}","templated":true}]}}