{"id":41499,"date":"2023-11-24T18:07:05","date_gmt":"2024-07-05T19:22:58","guid":{"rendered":"https:\/\/pikasworld.ch\/product\/gemischte-ballons-junggesellinnenabschied\/"},"modified":"2024-11-08T13:44:33","modified_gmt":"2024-11-08T12:44:33","slug":"gemischte-ballons-junggesellinnenabschied","status":"publish","type":"product","link":"https:\/\/camaleoparty.ch\/de\/produkt\/gemischte-ballons-junggesellinnenabschied\/","title":{"rendered":"gemischte Ballons Junggesellinnenabschied"},"content":{"rendered":"<p style=\"margin: 0px;padding: 0px;border: 0px;font-size: 16px;font-family: futura-pt, sans-serif;font-weight: 400;vertical-align: initial;text-transform: none;border-radius: 0px;font-style: normal;letter-spacing: 1px;text-align: left;text-indent: 0px;text-decoration: none\"><font style=\"vertical-align: inherit\"><font style=\"vertical-align: inherit\">Die perfekte Braut, um Ballons zu sein <\/font><font style=\"vertical-align: inherit\">Zu den Slogans geh\u00f6ren: She Said Yes Love Future Mrs und I Do. <\/font><font style=\"vertical-align: inherit\">Kombinieren Sie die Ballons mit anderen Artikeln aus unserem Sortiment f\u00fcr den Junggesellinnenabschied, um eine unvergessliche Party zu feiern.<\/font><\/font><\/p>\n<p><span style=\"font-family: futura-pt, sans-serif;font-size: 16px;font-style: normal;font-weight: 400;letter-spacing: 1px;text-align: left;text-indent: 0px;text-transform: none;text-decoration: none;float: none\"> <\/span><\/p>\n<p style=\"margin: 0px;padding: 0px;border: 0px;font-size: 16px;font-family: futura-pt, sans-serif;font-weight: 400;vertical-align: initial;text-transform: none;border-radius: 0px;font-style: normal;letter-spacing: 1px;text-align: left;text-indent: 0px;text-decoration: none\"><font style=\"vertical-align: inherit\"><font style=\"vertical-align: inherit\">Jede Packung enth\u00e4lt 5 Slogan-Ballons und 3 mit Konfetti gef\u00fcllte Ballons, die alle 12 cm gro\u00df sind.<\/font><\/font><\/p>\n","protected":false},"excerpt":{"rendered":"<p><font style=\"font-family: futura-pt, sans-serif;font-size: 16px;font-style: normal;font-weight: 400;letter-spacing: 1px;text-align: start;text-indent: 0px;text-transform: none;text-decoration: none;vertical-align: inherit\">Denken Sie rosa mit diesen fabelhaften Ballons f\u00fcr den Junggesellinnenabschied.<span class=\"Apple-converted-space\">&nbsp;<\/span><\/font><font style=\"font-family: futura-pt, sans-serif;font-size: 16px;font-style: normal;font-weight: 400;letter-spacing: 1px;text-align: start;text-indent: 0px;text-transform: none;text-decoration: none;vertical-align: inherit\">Jede Packung enth\u00e4lt 5 x 12 Slogan-Ballons und 3 x 12 mit Konfetti gef\u00fcllte Ballons.<\/font><\/p>\n","protected":false},"featured_media":36804,"comment_status":"open","ping_status":"closed","template":"","meta":[],"product_cat":[1289,391],"product_tag":[],"class_list":{"0":"post-41499","1":"product","2":"type-product","3":"status-publish","4":"has-post-thumbnail","6":"product_brand-gingerray-de","7":"product_cat-evjf-dekoration","8":"product_cat-hen-party-polter-abend","10":"first","11":"instock","12":"taxable","13":"shipping-taxable","14":"purchasable","15":"product-type-simple"},"_links":{"self":[{"href":"https:\/\/camaleoparty.ch\/de\/wp-json\/wp\/v2\/product\/41499","targetHints":{"allow":["GET"]}}],"collection":[{"href":"https:\/\/camaleoparty.ch\/de\/wp-json\/wp\/v2\/product"}],"about":[{"href":"https:\/\/camaleoparty.ch\/de\/wp-json\/wp\/v2\/types\/product"}],"replies":[{"embeddable":true,"href":"https:\/\/camaleoparty.ch\/de\/wp-json\/wp\/v2\/comments?post=41499"}],"wp:featuredmedia":[{"embeddable":true,"href":"https:\/\/camaleoparty.ch\/de\/wp-json\/wp\/v2\/media\/36804"}],"wp:attachment":[{"href":"https:\/\/camaleoparty.ch\/de\/wp-json\/wp\/v2\/media?parent=41499"}],"wp:term":[{"taxonomy":"product_cat","embeddable":true,"href":"https:\/\/camaleoparty.ch\/de\/wp-json\/wp\/v2\/product_cat?post=41499"},{"taxonomy":"product_tag","embeddable":true,"href":"https:\/\/camaleoparty.ch\/de\/wp-json\/wp\/v2\/product_tag?post=41499"}],"curies":[{"name":"wp","href":"https:\/\/api.w.org\/{rel}","templated":true}]}}