{"id":41496,"date":"2023-11-23T13:19:01","date_gmt":"2024-07-05T19:19:50","guid":{"rendered":"https:\/\/pikasworld.ch\/product\/tragetasche-bride-to-be\/"},"modified":"2024-11-08T13:44:36","modified_gmt":"2024-11-08T12:44:36","slug":"tragetasche-bride-to-be","status":"publish","type":"product","link":"https:\/\/camaleoparty.ch\/de\/produkt\/tragetasche-bride-to-be\/","title":{"rendered":"Tragetasche &#8220; BRIDE TO BE &#8222;"},"content":{"rendered":"<p><font style=\"font-family: futura-pt, sans-serif;font-size: 16px;font-style: normal;font-weight: 400;letter-spacing: 1px;text-align: left;text-indent: 0px;text-transform: none;text-decoration: none;vertical-align: inherit\"><font style=\"vertical-align: inherit\">Mit einem wundersch\u00f6nen &#8222;Bride to be&#8220;-Schriftzug ist diese Tasche perfekt f\u00fcr die Verwendung bei einem Junggesellinnenabschied, zur Aufbewahrung von Geschenken f\u00fcr die Braut sowie als h\u00fcbsches Souvenir zur Erinnerung an das M\u00e4dchenwochenende. <\/font><\/font><br \/>\n<font style=\"font-family: futura-pt, sans-serif;font-size: 16px;font-style: normal;font-weight: 400;letter-spacing: 1px;text-align: left;text-indent: 0px;text-transform: none;text-decoration: none;vertical-align: inherit\"><font style=\"vertical-align: inherit\">Kombinieren Sie diese Tote Bag mit Accessoires f\u00fcr den Junggesellinnenabschied aus unserer neuen Future Mrs-Kollektion. <\/font><\/font><br \/>\n<font style=\"font-family: futura-pt, sans-serif;font-size: 16px;font-style: normal;font-weight: 400;letter-spacing: 1px;text-align: left;text-indent: 0px;text-transform: none;text-decoration: none;vertical-align: inherit\"><font style=\"vertical-align: inherit\">Jede Packung enth\u00e4lt 1 x Hen Party Canvas Tote Bag mit den Ma\u00dfen 36 cm (H) x 31 cm (B).<\/font><\/font><\/p>\n","protected":false},"excerpt":{"rendered":"<p><span class=\"p1 w-11 m-t-6 m-b-6\" style=\"margin: 1.5rem 0px;padding: 0px;border: 0px;font-size: 1rem;font-family: inherit;font-weight: inherit;vertical-align: top;color: inherit;text-transform: none;border-radius: 0px;width: 879.921875px;letter-spacing: 0.0625rem;line-height: 1.25rem\"><font style=\"vertical-align: inherit\"><font style=\"vertical-align: inherit\">Sorgen Sie daf\u00fcr, dass die Braut mit dieser wundersch\u00f6nen Tote Bag stilvoll gefeiert wird.<span class=\"Apple-converted-space\">&nbsp;<\/span><\/font><font style=\"vertical-align: inherit\">Jede Packung enth\u00e4lt 1 x Hen Party Tasche mit den Ma\u00dfen 36 cm (H) x 31 cm (B).<\/font><\/font><\/span><\/p>\n<p><button class=\"w-12 flex flex-middle flex-justify-between b-b p-t-5 p-b-5 ng-star-inserted\" aria-label=\"Plateau de d\u00e9tails du produit\" style=\"margin: 0px;padding: 1.25rem 0px;border-width: 0px 0px 1px;border-style: none none solid;font-size: inherit;font-family: inherit;font-weight: inherit;vertical-align: top;color: inherit;text-transform: none;border-radius: 0px;overflow: visible;cursor: pointer;background-color: transparent;align-items: center;justify-content: space-between;width: 960px\"><br class=\"Apple-interchange-newline\"><\/button><\/p>\n","protected":false},"featured_media":36786,"comment_status":"open","ping_status":"closed","template":"","meta":[],"product_cat":[391],"product_tag":[],"class_list":{"0":"post-41496","1":"product","2":"type-product","3":"status-publish","4":"has-post-thumbnail","6":"product_brand-gingerray-de","7":"product_cat-hen-party-polter-abend","9":"first","10":"instock","11":"taxable","12":"shipping-taxable","13":"purchasable","14":"product-type-simple"},"_links":{"self":[{"href":"https:\/\/camaleoparty.ch\/de\/wp-json\/wp\/v2\/product\/41496","targetHints":{"allow":["GET"]}}],"collection":[{"href":"https:\/\/camaleoparty.ch\/de\/wp-json\/wp\/v2\/product"}],"about":[{"href":"https:\/\/camaleoparty.ch\/de\/wp-json\/wp\/v2\/types\/product"}],"replies":[{"embeddable":true,"href":"https:\/\/camaleoparty.ch\/de\/wp-json\/wp\/v2\/comments?post=41496"}],"wp:featuredmedia":[{"embeddable":true,"href":"https:\/\/camaleoparty.ch\/de\/wp-json\/wp\/v2\/media\/36786"}],"wp:attachment":[{"href":"https:\/\/camaleoparty.ch\/de\/wp-json\/wp\/v2\/media?parent=41496"}],"wp:term":[{"taxonomy":"product_cat","embeddable":true,"href":"https:\/\/camaleoparty.ch\/de\/wp-json\/wp\/v2\/product_cat?post=41496"},{"taxonomy":"product_tag","embeddable":true,"href":"https:\/\/camaleoparty.ch\/de\/wp-json\/wp\/v2\/product_tag?post=41496"}],"curies":[{"name":"wp","href":"https:\/\/api.w.org\/{rel}","templated":true}]}}