{"id":41495,"date":"2023-11-23T13:12:00","date_gmt":"2024-07-05T19:16:53","guid":{"rendered":"https:\/\/pikasworld.ch\/product\/5-junggesellinnenabschied-ballons-silbern-weiss-und-nackt\/"},"modified":"2024-11-08T13:44:39","modified_gmt":"2024-11-08T12:44:39","slug":"5-junggesellinnenabschied-ballons-silbern-weiss-und-nackt","status":"publish","type":"product","link":"https:\/\/camaleoparty.ch\/de\/produkt\/5-junggesellinnenabschied-ballons-silbern-weiss-und-nackt\/","title":{"rendered":"5 Junggesellinnenabschied-Ballons &#8211; silbern, wei\u00df und nackt"},"content":{"rendered":"<p><font style=\"font-family: futura-pt, sans-serif;font-size: 16px;font-style: normal;font-weight: 400;letter-spacing: 1px;text-align: left;text-indent: 0px;text-transform: none;text-decoration: none;vertical-align: inherit\"><font style=\"vertical-align: inherit\">Dekorieren Sie ihren Junggesellinnenabschied mit diesem wundersch\u00f6nen Ballonset. <\/font><font style=\"vertical-align: inherit\">Diese glamour\u00f6sen Ballons werden an jedem Ort unglaublich aussehen! <\/font><\/font><\/p>\n<p><font style=\"font-family: futura-pt, sans-serif;font-size: 16px;font-style: normal;font-weight: 400;letter-spacing: 1px;text-align: left;text-indent: 0px;text-transform: none;text-decoration: none;vertical-align: inherit\"><font style=\"vertical-align: inherit\">Kombinieren Sie diese Ballons f\u00fcr den Junggesellinnenabschied mit den Dekorationen aus unserer Hen Weekend-Kollektion &#8211; perfekt f\u00fcr Br\u00e4ute, die aus dem Alltag ausbrechen wollen! <\/font><\/font><\/p>\n<p><font style=\"font-family: futura-pt, sans-serif;font-size: 16px;font-style: normal;font-weight: 400;letter-spacing: 1px;text-align: left;text-indent: 0px;text-transform: none;text-decoration: none;vertical-align: inherit\"><font style=\"vertical-align: inherit\">Diese Ballongruppe wird mit nackten, wei\u00dfen und transparenten 5 x 12-Zoll-Ballons geliefert, die mit Engelshaar gef\u00fcllt sind und mit &#8222;Hen Party&#8220;, &#8222;Team Bride&#8220; und &#8222;She Said Yes&#8220; bedruckt sind.<\/font><\/font><\/p>\n","protected":false},"excerpt":{"rendered":"<p><font style=\"font-family: futura-pt, sans-serif;font-size: 16px;font-style: normal;font-weight: 400;letter-spacing: 1px;text-align: start;text-indent: 0px;text-transform: none;text-decoration: none;vertical-align: inherit\">Dekorieren Sie ihren Junggesellinnenabschied mit diesem wundersch\u00f6nen Ballonset.<span class=\"Apple-converted-space\">&nbsp;<\/span><\/font><font style=\"font-family: futura-pt, sans-serif;font-size: 16px;font-style: normal;font-weight: 400;letter-spacing: 1px;text-align: start;text-indent: 0px;text-transform: none;text-decoration: none;vertical-align: inherit\">Diese Ballongruppe kommt mit nackten, wei\u00dfen und transparenten 5 x 12-Zoll-Ballons, die mit Engelshaar gef\u00fcllt sind und mit &#8222;Hen Party&#8220;, &#8222;Team Bride&#8220; und &#8222;She Said Yes&#8220; bedruckt sind.<\/font><\/p>\n","protected":false},"featured_media":36776,"comment_status":"open","ping_status":"closed","template":"","meta":[],"product_cat":[1289,391],"product_tag":[],"class_list":{"0":"post-41495","1":"product","2":"type-product","3":"status-publish","4":"has-post-thumbnail","6":"product_brand-gingerray-de","7":"product_cat-evjf-dekoration","8":"product_cat-hen-party-polter-abend","10":"first","11":"instock","12":"taxable","13":"shipping-taxable","14":"purchasable","15":"product-type-simple"},"_links":{"self":[{"href":"https:\/\/camaleoparty.ch\/de\/wp-json\/wp\/v2\/product\/41495","targetHints":{"allow":["GET"]}}],"collection":[{"href":"https:\/\/camaleoparty.ch\/de\/wp-json\/wp\/v2\/product"}],"about":[{"href":"https:\/\/camaleoparty.ch\/de\/wp-json\/wp\/v2\/types\/product"}],"replies":[{"embeddable":true,"href":"https:\/\/camaleoparty.ch\/de\/wp-json\/wp\/v2\/comments?post=41495"}],"wp:featuredmedia":[{"embeddable":true,"href":"https:\/\/camaleoparty.ch\/de\/wp-json\/wp\/v2\/media\/36776"}],"wp:attachment":[{"href":"https:\/\/camaleoparty.ch\/de\/wp-json\/wp\/v2\/media?parent=41495"}],"wp:term":[{"taxonomy":"product_cat","embeddable":true,"href":"https:\/\/camaleoparty.ch\/de\/wp-json\/wp\/v2\/product_cat?post=41495"},{"taxonomy":"product_tag","embeddable":true,"href":"https:\/\/camaleoparty.ch\/de\/wp-json\/wp\/v2\/product_tag?post=41495"}],"curies":[{"name":"wp","href":"https:\/\/api.w.org\/{rel}","templated":true}]}}