{"id":41494,"date":"2023-11-21T08:24:32","date_gmt":"2024-07-05T19:15:29","guid":{"rendered":"https:\/\/pikasworld.ch\/product\/bride-to-be-brille-mit-perlen\/"},"modified":"2024-11-08T13:44:40","modified_gmt":"2024-11-08T12:44:40","slug":"bride-to-be-brille-mit-perlen","status":"publish","type":"product","link":"https:\/\/camaleoparty.ch\/de\/produkt\/bride-to-be-brille-mit-perlen\/","title":{"rendered":"\u201eBride to be\u201c-Brille \u2013 mit Perlen"},"content":{"rendered":"<p><font style=\"font-family: futura-pt, sans-serif;font-size: 16px;font-style: normal;font-weight: 400;letter-spacing: 1px;text-align: left;text-indent: 0px;text-transform: none;text-decoration: none;vertical-align: inherit\"><font style=\"vertical-align: inherit\">Perfekt f\u00fcr M\u00e4dchenwochenenden und an warmen, sonnigen Tagen. Kombinieren Sie sie mit einer wundersch\u00f6nen, lustigen Team Bride-Brille f\u00fcr alle Ihre H\u00fchner. <\/font><\/font><\/p>\n<p><font style=\"font-family: futura-pt, sans-serif;font-size: 16px;font-style: normal;font-weight: 400;letter-spacing: 1px;text-align: left;text-indent: 0px;text-transform: none;text-decoration: none;vertical-align: inherit\"><font style=\"vertical-align: inherit\">Tragen Sie diese wundersch\u00f6ne Sonnenbrille mit Accessoires f\u00fcr den Junggesellinnenabschied aus unserer Hen Weekend-Kollektion &#8211; perfekt f\u00fcr Br\u00e4ute, die aus dem Alltag ausbrechen wollen! <\/font><\/font><\/p>\n<p><font style=\"font-family: futura-pt, sans-serif;font-size: 16px;font-style: normal;font-weight: 400;letter-spacing: 1px;text-align: left;text-indent: 0px;text-transform: none;text-decoration: none;vertical-align: inherit\"><font style=\"vertical-align: inherit\">Jede Packung enth\u00e4lt 1 x lustige Gl\u00e4ser f\u00fcr den Junggesellinnenabschied mit den Ma\u00dfen 9,2 cm (H) x 43,2 cm (B).<\/font><\/font><\/p>\n","protected":false},"excerpt":{"rendered":"<p><font style=\"font-family: futura-pt, sans-serif;font-size: 16px;font-style: normal;font-weight: 400;letter-spacing: 1px;text-align: start;text-indent: 0px;text-transform: none;text-decoration: none;vertical-align: inherit\">Diese wundersch\u00f6ne, mit Perlen besetzte Brautbrille wird von der Braut geliebt werden!<span class=\"Apple-converted-space\">&nbsp;<\/span><\/font><font style=\"font-family: futura-pt, sans-serif;font-size: 16px;font-style: normal;font-weight: 400;letter-spacing: 1px;text-align: start;text-indent: 0px;text-transform: none;text-decoration: none;vertical-align: inherit\">Jede Packung enth\u00e4lt 1 x lustige Gl\u00e4ser f\u00fcr den Junggesellinnenabschied mit den Ma\u00dfen 9,2 cm (H) x 43,2 cm (B).<\/font><\/p>\n","protected":false},"featured_media":36766,"comment_status":"open","ping_status":"closed","template":"","meta":[],"product_cat":[391],"product_tag":[],"class_list":{"0":"post-41494","1":"product","2":"type-product","3":"status-publish","4":"has-post-thumbnail","6":"product_brand-gingerray-de","7":"product_cat-hen-party-polter-abend","9":"first","10":"instock","11":"taxable","12":"shipping-taxable","13":"purchasable","14":"product-type-simple"},"_links":{"self":[{"href":"https:\/\/camaleoparty.ch\/de\/wp-json\/wp\/v2\/product\/41494","targetHints":{"allow":["GET"]}}],"collection":[{"href":"https:\/\/camaleoparty.ch\/de\/wp-json\/wp\/v2\/product"}],"about":[{"href":"https:\/\/camaleoparty.ch\/de\/wp-json\/wp\/v2\/types\/product"}],"replies":[{"embeddable":true,"href":"https:\/\/camaleoparty.ch\/de\/wp-json\/wp\/v2\/comments?post=41494"}],"wp:featuredmedia":[{"embeddable":true,"href":"https:\/\/camaleoparty.ch\/de\/wp-json\/wp\/v2\/media\/36766"}],"wp:attachment":[{"href":"https:\/\/camaleoparty.ch\/de\/wp-json\/wp\/v2\/media?parent=41494"}],"wp:term":[{"taxonomy":"product_cat","embeddable":true,"href":"https:\/\/camaleoparty.ch\/de\/wp-json\/wp\/v2\/product_cat?post=41494"},{"taxonomy":"product_tag","embeddable":true,"href":"https:\/\/camaleoparty.ch\/de\/wp-json\/wp\/v2\/product_tag?post=41494"}],"curies":[{"name":"wp","href":"https:\/\/api.w.org\/{rel}","templated":true}]}}