{"id":41491,"date":"2023-11-20T23:54:36","date_gmt":"2024-07-05T19:12:56","guid":{"rendered":"https:\/\/pikasworld.ch\/product\/kopfbuegel-bride-mit-schleier\/"},"modified":"2024-11-08T13:44:44","modified_gmt":"2024-11-08T12:44:44","slug":"kopfbuegel-bride-mit-schleier","status":"publish","type":"product","link":"https:\/\/camaleoparty.ch\/de\/produkt\/kopfbuegel-bride-mit-schleier\/","title":{"rendered":"Kopfb\u00fcgel &#8222;BRIDE&#8220; mit Schleier"},"content":{"rendered":"<p><font style=\"font-family: futura-pt, sans-serif;font-size: 16px;font-style: normal;font-weight: 400;letter-spacing: 1px;text-align: left;text-indent: 0px;text-transform: none;text-decoration: none;vertical-align: inherit\"><font style=\"vertical-align: inherit\">Dieses wundersch\u00f6ne Perlen-Hochzeitsband mit Schleier ist ein unverzichtbares Accessoire f\u00fcr die sch\u00f6ne zuk\u00fcnftige Braut! <\/font><\/font><\/p>\n<p><font style=\"font-family: futura-pt, sans-serif;font-size: 16px;font-style: normal;font-weight: 400;letter-spacing: 1px;text-align: left;text-indent: 0px;text-transform: none;text-decoration: none;vertical-align: inherit\"><font style=\"vertical-align: inherit\">Dieser elegante Schleier wird neben dem Rest Ihrer H\u00fchnerparty-Accessoires sicherlich gut aussehen. <\/font><\/font><\/p>\n<p><font style=\"font-family: futura-pt, sans-serif;font-size: 16px;font-style: normal;font-weight: 400;letter-spacing: 1px;text-align: left;text-indent: 0px;text-transform: none;text-decoration: none;vertical-align: inherit\"><font style=\"vertical-align: inherit\">Tragen Sie diesen glamour\u00f6sen Schleier mit den Junggesellinnenabschiedsdekorationen aus unserer Hen Weekend-Kollektion. <\/font><\/font><\/p>\n<p><font style=\"font-family: futura-pt, sans-serif;font-size: 16px;font-style: normal;font-weight: 400;letter-spacing: 1px;text-align: left;text-indent: 0px;text-transform: none;text-decoration: none;vertical-align: inherit\"><font style=\"vertical-align: inherit\">Chaque paquet contient 1 bandeau de mari\u00e9e mesurant 17,3 cm (H) x 13,5 cm (l) avec de fausses perles attach\u00e9es au tissu. <\/font><font style=\"vertical-align: inherit\">Die L\u00e4nge des Schleiers betr\u00e4gt 70 cm<\/font><\/font><\/p>\n","protected":false},"excerpt":{"rendered":"<p><font style=\"font-family: futura-pt, sans-serif;font-size: 16px;font-style: normal;font-weight: 400;letter-spacing: 1px;text-align: start;text-indent: 0px;text-transform: none;text-decoration: none;vertical-align: inherit\">Dieses wundersch\u00f6ne Perlen-Brautband mit Schleier ist ein unverzichtbares Accessoire f\u00fcr die sch\u00f6ne zuk\u00fcnftige Braut!<span class=\"Apple-converted-space\">&nbsp;<\/span><\/font><font style=\"font-family: futura-pt, sans-serif;font-size: 16px;font-style: normal;font-weight: 400;letter-spacing: 1px;text-align: start;text-indent: 0px;text-transform: none;text-decoration: none;vertical-align: inherit\">Jede Packung enth\u00e4lt 1 Braut-Haarband mit den Ma\u00dfen 17,3 cm (H) x 13,5 cm (B) mit Perlen, die am Stoff befestigt sind.<span class=\"Apple-converted-space\">&nbsp;<\/span><\/font><font style=\"font-family: futura-pt, sans-serif;font-size: 16px;font-style: normal;font-weight: 400;letter-spacing: 1px;text-align: start;text-indent: 0px;text-transform: none;text-decoration: none;vertical-align: inherit\">Die L\u00e4nge des Schleiers betr\u00e4gt 70 cm<\/font><\/p>\n","protected":false},"featured_media":36729,"comment_status":"open","ping_status":"closed","template":"","meta":[],"product_cat":[391,870],"product_tag":[],"class_list":{"0":"post-41491","1":"product","2":"type-product","3":"status-publish","4":"has-post-thumbnail","6":"product_brand-gingerray-de","7":"product_cat-hen-party-polter-abend","8":"product_cat-kopfbuegel","10":"first","11":"instock","12":"taxable","13":"shipping-taxable","14":"purchasable","15":"product-type-simple"},"_links":{"self":[{"href":"https:\/\/camaleoparty.ch\/de\/wp-json\/wp\/v2\/product\/41491","targetHints":{"allow":["GET"]}}],"collection":[{"href":"https:\/\/camaleoparty.ch\/de\/wp-json\/wp\/v2\/product"}],"about":[{"href":"https:\/\/camaleoparty.ch\/de\/wp-json\/wp\/v2\/types\/product"}],"replies":[{"embeddable":true,"href":"https:\/\/camaleoparty.ch\/de\/wp-json\/wp\/v2\/comments?post=41491"}],"wp:featuredmedia":[{"embeddable":true,"href":"https:\/\/camaleoparty.ch\/de\/wp-json\/wp\/v2\/media\/36729"}],"wp:attachment":[{"href":"https:\/\/camaleoparty.ch\/de\/wp-json\/wp\/v2\/media?parent=41491"}],"wp:term":[{"taxonomy":"product_cat","embeddable":true,"href":"https:\/\/camaleoparty.ch\/de\/wp-json\/wp\/v2\/product_cat?post=41491"},{"taxonomy":"product_tag","embeddable":true,"href":"https:\/\/camaleoparty.ch\/de\/wp-json\/wp\/v2\/product_tag?post=41491"}],"curies":[{"name":"wp","href":"https:\/\/api.w.org\/{rel}","templated":true}]}}