{"id":41490,"date":"2023-12-02T03:38:25","date_gmt":"2024-07-05T19:12:19","guid":{"rendered":"https:\/\/pikasworld.ch\/product\/haengende-weihnachtsdekorationen-baeume\/"},"modified":"2024-11-08T13:44:00","modified_gmt":"2024-11-08T12:44:00","slug":"haengende-weihnachtsdekorationen-baeume","status":"publish","type":"product","link":"https:\/\/camaleoparty.ch\/de\/produkt\/haengende-weihnachtsdekorationen-baeume\/","title":{"rendered":"H\u00e4ngende Weihnachtsdekorationen &#8211; B\u00e4ume"},"content":{"rendered":"<p style=\"margin: 0px;padding: 0px;border: 0px;font-size: 16px;font-family: futura-pt, sans-serif;font-weight: 400;vertical-align: initial;text-transform: none;border-radius: 0px;font-style: normal;letter-spacing: 1px;text-align: left;text-indent: 0px;text-decoration: none\"><font style=\"vertical-align: inherit\"><font style=\"vertical-align: inherit\">Machen Sie den Weihnachtstisch noch besonderer mit diesem Weihnachtsschmuck aus Holz und den Weihnachtsdekorationen aus Waben &#8211; sie werden unglaublich gut an Ihrem Weihnachtsbaum aussehen und funktionieren auch perfekt mit unseren Tischklammern!<\/font><\/font><\/p>\n<p><span style=\"font-family: futura-pt, sans-serif;font-size: 16px;font-style: normal;font-weight: 400;letter-spacing: 1px;text-align: left;text-indent: 0px;text-transform: none;text-decoration: none;float: none\"> <\/span><\/p>\n<p style=\"margin: 0px;padding: 0px;border: 0px;font-size: 16px;font-family: futura-pt, sans-serif;font-weight: 400;vertical-align: initial;text-transform: none;border-radius: 0px;font-style: normal;letter-spacing: 1px;text-align: left;text-indent: 0px;text-decoration: none\">\n<font style=\"vertical-align: inherit\"><font style=\"vertical-align: inherit\">F\u00fcgen Sie dekorative Holzb\u00e4ume, Schneeflocken und Wabenb\u00e4ume in verschiedenen H\u00f6hen auf Ihrer Tischklammer hinzu, um eine wundersch\u00f6ne festliche Dekoration zu schaffen. <\/font><font style=\"vertical-align: inherit\">Sie k\u00f6nnen \u00fcberall verwendet werden, sogar zum Aufh\u00e4ngen an Ihrem Weihnachtsbaum. <\/font><font style=\"vertical-align: inherit\">F\u00fcgen Sie einen Hauch von Laub hinzu, um Ihre warme Weihnachtsdekoration zu erg\u00e4nzen.<\/font><\/font><\/p>\n<p><span style=\"font-family: futura-pt, sans-serif;font-size: 16px;font-style: normal;font-weight: 400;letter-spacing: 1px;text-align: left;text-indent: 0px;text-transform: none;text-decoration: none;float: none\"> <\/span><\/p>\n<p style=\"margin: 0px;padding: 0px;border: 0px;font-size: 16px;font-family: futura-pt, sans-serif;font-weight: 400;vertical-align: initial;text-transform: none;border-radius: 0px;font-style: normal;letter-spacing: 1px;text-align: left;text-indent: 0px;text-decoration: none\">\n<font style=\"vertical-align: inherit\"><font style=\"vertical-align: inherit\">Kombinieren Sie diese Dekoration mit unserer wundersch\u00f6nen Kollektion Rustic Red, die vor Rot- und Gr\u00fcnt\u00f6nen nur so strotzt, und schaffen Sie so unsere bislang eleganteste Weihnachtsdekoration.<\/font><\/font><\/p>\n<p><span style=\"font-family: futura-pt, sans-serif;font-size: 16px;font-style: normal;font-weight: 400;letter-spacing: 1px;text-align: left;text-indent: 0px;text-transform: none;text-decoration: none;float: none\"> <\/span><\/p>\n<p style=\"margin: 0px;padding: 0px;border: 0px;font-size: 16px;font-family: futura-pt, sans-serif;font-weight: 400;vertical-align: initial;text-transform: none;border-radius: 0px;font-style: normal;letter-spacing: 1px;text-align: left;text-indent: 0px;text-decoration: none\">\n<font style=\"vertical-align: inherit\"><font style=\"vertical-align: inherit\">Jede Packung enth\u00e4lt: 3 B\u00e4ume aus Holz, 3 Schneeflocken aus Holz, 4 B\u00e4ume aus rotem Wabenpapier und 5 m Jutegarn.<\/font><\/font><\/p>\n<p><span style=\"font-family: futura-pt, sans-serif;font-size: 16px;font-style: normal;font-weight: 400;letter-spacing: 1px;text-align: left;text-indent: 0px;text-transform: none;text-decoration: none;float: none\"> <\/span><\/p>\n<p style=\"margin: 0px;padding: 0px;border: 0px;font-size: 16px;font-family: futura-pt, sans-serif;font-weight: 400;vertical-align: initial;text-transform: none;border-radius: 0px;font-style: normal;letter-spacing: 1px;text-align: left;text-indent: 0px;text-decoration: none\"><font style=\"vertical-align: inherit\"><font style=\"vertical-align: inherit\">Die Verpackung ist recycelbar und FSC-zertifiziert.<\/font><\/font><\/p>\n","protected":false},"excerpt":{"rendered":"<p><font style=\"font-family: futura-pt, sans-serif;font-size: 16px;font-style: normal;font-weight: 400;letter-spacing: 1px;text-align: start;text-indent: 0px;text-transform: none;text-decoration: none;vertical-align: inherit\">Machen Sie den Weihnachtstisch mit diesen Weihnachtsbaumdekorationen zu etwas ganz Besonderem.<span class=\"Apple-converted-space\">&nbsp;<\/span><\/font><font style=\"font-family: futura-pt, sans-serif;font-size: 16px;font-style: normal;font-weight: 400;letter-spacing: 1px;text-align: start;text-indent: 0px;text-transform: none;text-decoration: none;vertical-align: inherit\">Diese Weihnachtsbaumdekorationen enthalten: 3 x Holzb\u00e4ume, 3 x Holzschneeflocken, 4 x B\u00e4ume aus rotem Wabenpapier und 5 m Jutegarn.<\/font><\/p>\n","protected":false},"featured_media":36985,"comment_status":"open","ping_status":"closed","template":"","meta":[],"product_cat":[912,163,193],"product_tag":[],"class_list":{"0":"post-41490","1":"product","2":"type-product","3":"status-publish","4":"has-post-thumbnail","6":"product_brand-gingerray-de","7":"product_cat-weihnachtsdekoration","8":"product_cat-dekoration","9":"product_cat-weihnachten","11":"first","12":"instock","13":"featured","14":"taxable","15":"shipping-taxable","16":"purchasable","17":"product-type-simple"},"_links":{"self":[{"href":"https:\/\/camaleoparty.ch\/de\/wp-json\/wp\/v2\/product\/41490","targetHints":{"allow":["GET"]}}],"collection":[{"href":"https:\/\/camaleoparty.ch\/de\/wp-json\/wp\/v2\/product"}],"about":[{"href":"https:\/\/camaleoparty.ch\/de\/wp-json\/wp\/v2\/types\/product"}],"replies":[{"embeddable":true,"href":"https:\/\/camaleoparty.ch\/de\/wp-json\/wp\/v2\/comments?post=41490"}],"wp:featuredmedia":[{"embeddable":true,"href":"https:\/\/camaleoparty.ch\/de\/wp-json\/wp\/v2\/media\/36985"}],"wp:attachment":[{"href":"https:\/\/camaleoparty.ch\/de\/wp-json\/wp\/v2\/media?parent=41490"}],"wp:term":[{"taxonomy":"product_cat","embeddable":true,"href":"https:\/\/camaleoparty.ch\/de\/wp-json\/wp\/v2\/product_cat?post=41490"},{"taxonomy":"product_tag","embeddable":true,"href":"https:\/\/camaleoparty.ch\/de\/wp-json\/wp\/v2\/product_tag?post=41490"}],"curies":[{"name":"wp","href":"https:\/\/api.w.org\/{rel}","templated":true}]}}