{"id":41488,"date":"2023-11-25T04:48:23","date_gmt":"2024-07-05T19:10:56","guid":{"rendered":"https:\/\/pikasworld.ch\/product\/hintergrundtuch-palme-salbei-und-creme\/"},"modified":"2024-11-08T13:44:29","modified_gmt":"2024-11-08T12:44:29","slug":"hintergrundtuch-palme-salbei-und-creme","status":"publish","type":"product","link":"https:\/\/camaleoparty.ch\/de\/produkt\/hintergrundtuch-palme-salbei-und-creme\/","title":{"rendered":"Hintergrundtuch Palme Salbei und Creme"},"content":{"rendered":"<p><font style=\"font-family: futura-pt, sans-serif;font-size: 16px;font-style: normal;font-weight: 400;letter-spacing: 1px;text-align: left;text-indent: 0px;text-transform: none;text-decoration: none;vertical-align: inherit\"><font style=\"vertical-align: inherit\">Schaffen Sie mit dieser eleganten Leinwand in Creme und Salbei einen tollen Partyhintergrund oder einen Mittelpunkt bei jeder Veranstaltung. <\/font><font style=\"vertical-align: inherit\">Die botanische Farbpalette passt perfekt zu jedem Thema und die Palmenbl\u00e4tter in verschiedenen Gr\u00f6\u00dfen sorgen f\u00fcr eine zeitgem\u00e4\u00dfe F\u00e4cherdekoration. <\/font><\/font><\/p>\n<p><font style=\"font-family: futura-pt, sans-serif;font-size: 16px;font-style: normal;font-weight: 400;letter-spacing: 1px;text-align: left;text-indent: 0px;text-transform: none;text-decoration: none;vertical-align: inherit\"><font style=\"vertical-align: inherit\">Kombinieren Sie sie mit unserem passenden Ballonbogen, um den ultimativen Fotohintergrund f\u00fcr Ihre Veranstaltung zu schaffen. <\/font><font style=\"vertical-align: inherit\">Oder wie w\u00e4re es, wenn Sie sich den Rest unseres &#8222;Eco Mix It Up&#8220;-Sortiments ansehen und die F\u00e4cherdekorationen mit einem der erg\u00e4nzenden Artikel kombinieren? <\/font><font style=\"vertical-align: inherit\">Sie k\u00f6nnen an unserem Kupferrahmen aufgeh\u00e4ngt werden, um eine tolle Kulisse f\u00fcr jede Feier zu schaffen. <\/font><\/font><\/p>\n<p><font style=\"font-family: futura-pt, sans-serif;font-size: 16px;font-style: normal;font-weight: 400;letter-spacing: 1px;text-align: left;text-indent: 0px;text-transform: none;text-decoration: none;vertical-align: inherit\"><font style=\"vertical-align: inherit\">Jede Packung enth\u00e4lt : <\/font><\/font><br \/>\n<font style=\"font-family: futura-pt, sans-serif;font-size: 16px;font-style: normal;font-weight: 400;letter-spacing: 1px;text-align: left;text-indent: 0px;text-transform: none;text-decoration: none;vertical-align: inherit\"><font style=\"vertical-align: inherit\">25 x F\u00e4cherdekorationen aus cremefarbenem Papier und Salbei, die zwischen 10 cm und 30 cm (H) messen. <\/font><\/font><br \/>\n<font style=\"font-family: futura-pt, sans-serif;font-size: 16px;font-style: normal;font-weight: 400;letter-spacing: 1px;text-align: left;text-indent: 0px;text-transform: none;text-decoration: none;vertical-align: inherit\"><font style=\"vertical-align: inherit\">Die Schnur wird f\u00fcr eine einfache Montage mitgeliefert. <\/font><\/font><\/p>\n<p><font style=\"font-family: futura-pt, sans-serif;font-size: 16px;font-style: normal;font-weight: 400;letter-spacing: 1px;text-align: left;text-indent: 0px;text-transform: none;text-decoration: none;vertical-align: inherit\"><font style=\"vertical-align: inherit\">Das Produkt und die Verpackung sind recycelbar und FSC-zertifiziert.<\/font><\/font><\/p>\n","protected":false},"excerpt":{"rendered":"<p><font style=\"font-family: futura-pt, sans-serif;font-size: 16px;font-style: normal;font-weight: 400;letter-spacing: 1px;text-align: start;text-indent: 0px;text-transform: none;text-decoration: none;vertical-align: inherit\">Dieser elegante Hintergrund aus Salbei und cremefarbenen Palmen schafft die perfekte Kulisse f\u00fcr die Party!<span class=\"Apple-converted-space\">&nbsp;<\/span><\/font><font style=\"font-family: futura-pt, sans-serif;font-size: 16px;font-style: normal;font-weight: 400;letter-spacing: 1px;text-align: start;text-indent: 0px;text-transform: none;text-decoration: none;vertical-align: inherit\">Jede Packung enth\u00e4lt 25 F\u00e4cherdekorationen aus Papier.<\/font><\/p>\n","protected":false},"featured_media":36834,"comment_status":"open","ping_status":"closed","template":"","meta":[],"product_cat":[163,185,215,554,183,385,1206,191,553,181,189,169],"product_tag":[],"class_list":{"0":"post-41488","1":"product","2":"type-product","3":"status-publish","4":"has-post-thumbnail","6":"product_brand-gingerray-de","7":"product_cat-dekoration","8":"product_cat-baby-shower-de","9":"product_cat-dinosaurier","10":"product_cat-fruhling","11":"product_cat-geburtstag","12":"product_cat-gender-reveal-party-de","13":"product_cat-farbe-gruen","14":"product_cat-hochzeit","15":"product_cat-muttertag","16":"product_cat-saisonal","17":"product_cat-sommer","18":"product_cat-wabenball","20":"first","21":"instock","22":"taxable","23":"shipping-taxable","24":"purchasable","25":"product-type-simple"},"_links":{"self":[{"href":"https:\/\/camaleoparty.ch\/de\/wp-json\/wp\/v2\/product\/41488","targetHints":{"allow":["GET"]}}],"collection":[{"href":"https:\/\/camaleoparty.ch\/de\/wp-json\/wp\/v2\/product"}],"about":[{"href":"https:\/\/camaleoparty.ch\/de\/wp-json\/wp\/v2\/types\/product"}],"replies":[{"embeddable":true,"href":"https:\/\/camaleoparty.ch\/de\/wp-json\/wp\/v2\/comments?post=41488"}],"wp:featuredmedia":[{"embeddable":true,"href":"https:\/\/camaleoparty.ch\/de\/wp-json\/wp\/v2\/media\/36834"}],"wp:attachment":[{"href":"https:\/\/camaleoparty.ch\/de\/wp-json\/wp\/v2\/media?parent=41488"}],"wp:term":[{"taxonomy":"product_cat","embeddable":true,"href":"https:\/\/camaleoparty.ch\/de\/wp-json\/wp\/v2\/product_cat?post=41488"},{"taxonomy":"product_tag","embeddable":true,"href":"https:\/\/camaleoparty.ch\/de\/wp-json\/wp\/v2\/product_tag?post=41488"}],"curies":[{"name":"wp","href":"https:\/\/api.w.org\/{rel}","templated":true}]}}