{"id":41487,"date":"2023-12-02T21:48:01","date_gmt":"2024-07-05T19:09:55","guid":{"rendered":"https:\/\/pikasworld.ch\/product\/baby-shower-gaestebuch-ideen\/"},"modified":"2024-11-08T13:43:55","modified_gmt":"2024-11-08T12:43:55","slug":"baby-shower-gaestebuch-ideen","status":"publish","type":"product","link":"https:\/\/camaleoparty.ch\/de\/produkt\/baby-shower-gaestebuch-ideen\/","title":{"rendered":"Baby Shower G\u00e4stebuch &#8211; Ideen"},"content":{"rendered":"<p><font style=\"font-family: futura-pt, sans-serif;font-size: 16px;font-style: normal;font-weight: 400;letter-spacing: 1px;text-align: left;text-indent: 0px;text-transform: none;text-decoration: none;vertical-align: inherit\"><font style=\"vertical-align: inherit\">H\u00e4ngen Sie dieses niedliche Babyparty-G\u00e4stebuch bei Ihrer Babyparty auf, damit Ihre G\u00e4ste Ideen und lustige Aktivit\u00e4ten f\u00fcr werdende Eltern aufschreiben k\u00f6nnen. <\/font><\/font><\/p>\n<p><font style=\"font-family: futura-pt, sans-serif;font-size: 16px;font-style: normal;font-weight: 400;letter-spacing: 1px;text-align: left;text-indent: 0px;text-transform: none;text-decoration: none;vertical-align: inherit\"><font style=\"vertical-align: inherit\">Wir alle wissen, dass, wenn ein Kind kommt, jegliche Planung verschwindet &#8211; seien Sie also im Voraus so gut wie m\u00f6glich organisiert mit den romantischen Abenden und den Ideen Ihrer G\u00e4ste f\u00fcr Familienausfl\u00fcge. <\/font><font style=\"vertical-align: inherit\">Diese Box ist auch ein sch\u00f6nes Geschenk <\/font><\/font><u style=\"margin: 0px;padding: 0px;border: 0px;font-size: 16px;font-family: futura-pt, sans-serif;font-weight: 400;vertical-align: initial;text-transform: none;border-radius: 0px;font-style: normal;letter-spacing: 1px;text-align: left;text-indent: 0px\"><a href=\"https:\/\/www.gingerray.eu\/baby\/baby-shower\" target=\"_blank\" style=\"margin: 0px;padding: 0px;border: 0px;font-size: inherit;font-family: inherit;font-weight: inherit;vertical-align: initial;color: inherit;text-transform: none;border-radius: 0px;background-color: transparent;text-decoration: none;cursor: pointer\" rel=\"noopener\"><font style=\"vertical-align: inherit\"><font style=\"vertical-align: inherit\">de Babyparty<\/font><\/font><\/a><\/u><font style=\"font-family: futura-pt, sans-serif;font-size: 16px;font-style: normal;font-weight: 400;letter-spacing: 1px;text-align: left;text-indent: 0px;text-transform: none;text-decoration: none;vertical-align: inherit\"><font style=\"vertical-align: inherit\"> f\u00fcr neue Eltern. <\/font><\/font><\/p>\n<p><font style=\"font-family: futura-pt, sans-serif;font-size: 16px;font-style: normal;font-weight: 400;letter-spacing: 1px;text-align: left;text-indent: 0px;text-transform: none;text-decoration: none;vertical-align: inherit\"><font style=\"vertical-align: inherit\">Jede Packung enth\u00e4lt : <\/font><\/font><br \/>\n<font style=\"font-family: futura-pt, sans-serif;font-size: 16px;font-style: normal;font-weight: 400;letter-spacing: 1px;text-align: left;text-indent: 0px;text-transform: none;text-decoration: none;vertical-align: inherit\"><font style=\"vertical-align: inherit\">1 x Alternatives G\u00e4stebuch in Holzbox mit den Ma\u00dfen 11,5 cm (H) x 12,5 cm (B) x 6,5 cm (T) <\/font><\/font><br \/>\n<font style=\"font-family: futura-pt, sans-serif;font-size: 16px;font-style: normal;font-weight: 400;letter-spacing: 1px;text-align: left;text-indent: 0px;text-transform: none;text-decoration: none;vertical-align: inherit\"><font style=\"vertical-align: inherit\">75 gedruckte Karten mit Ideen f\u00fcr: romantische Abende zu zweit, Familienausfl\u00fcge und Tipps f\u00fcr Eltern. sein! <\/font><\/font><\/p>\n<p><font style=\"font-family: futura-pt, sans-serif;font-size: 16px;font-style: normal;font-weight: 400;letter-spacing: 1px;text-align: left;text-indent: 0px;text-transform: none;text-decoration: none;vertical-align: inherit\"><font style=\"vertical-align: inherit\">Die Verpackung ist recycelbar und FSC-zertifiziert.<\/font><\/font><\/p>\n","protected":false},"excerpt":{"rendered":"<p><font style=\"font-family: futura-pt, sans-serif;font-size: 16px;font-style: normal;font-weight: 400;letter-spacing: 1px;text-align: start;text-indent: 0px;text-transform: none;text-decoration: none;vertical-align: inherit\">H\u00e4ngen Sie dieses entz\u00fcckende G\u00e4stebuch f\u00fcr die Babyparty aus, damit Ihre G\u00e4ste lustige Ideen und Aktivit\u00e4ten f\u00fcr werdende Eltern aufschreiben k\u00f6nnen.<span class=\"Apple-converted-space\">&nbsp;<\/span><\/font><font style=\"font-family: futura-pt, sans-serif;font-size: 16px;font-style: normal;font-weight: 400;letter-spacing: 1px;text-align: start;text-indent: 0px;text-transform: none;text-decoration: none;vertical-align: inherit\">Jede Packung enth\u00e4lt 1 x Holzbox als Alternative zum G\u00e4stebuch, die Sie bei Ihrer Babyparty aufh\u00e4ngen k\u00f6nnen.<\/font><\/p>\n","protected":false},"featured_media":37006,"comment_status":"open","ping_status":"closed","template":"","meta":[],"product_cat":[185,854,403,385,181],"product_tag":[],"class_list":{"0":"post-41487","1":"product","2":"type-product","3":"status-publish","4":"has-post-thumbnail","6":"product_brand-gingerray-de","7":"product_cat-baby-shower-de","8":"product_cat-gaestebuch-de","9":"product_cat-gaestebuch","10":"product_cat-gender-reveal-party-de","11":"product_cat-saisonal","13":"first","14":"instock","15":"featured","16":"taxable","17":"shipping-taxable","18":"purchasable","19":"product-type-simple"},"_links":{"self":[{"href":"https:\/\/camaleoparty.ch\/de\/wp-json\/wp\/v2\/product\/41487","targetHints":{"allow":["GET"]}}],"collection":[{"href":"https:\/\/camaleoparty.ch\/de\/wp-json\/wp\/v2\/product"}],"about":[{"href":"https:\/\/camaleoparty.ch\/de\/wp-json\/wp\/v2\/types\/product"}],"replies":[{"embeddable":true,"href":"https:\/\/camaleoparty.ch\/de\/wp-json\/wp\/v2\/comments?post=41487"}],"wp:featuredmedia":[{"embeddable":true,"href":"https:\/\/camaleoparty.ch\/de\/wp-json\/wp\/v2\/media\/37006"}],"wp:attachment":[{"href":"https:\/\/camaleoparty.ch\/de\/wp-json\/wp\/v2\/media?parent=41487"}],"wp:term":[{"taxonomy":"product_cat","embeddable":true,"href":"https:\/\/camaleoparty.ch\/de\/wp-json\/wp\/v2\/product_cat?post=41487"},{"taxonomy":"product_tag","embeddable":true,"href":"https:\/\/camaleoparty.ch\/de\/wp-json\/wp\/v2\/product_tag?post=41487"}],"curies":[{"name":"wp","href":"https:\/\/api.w.org\/{rel}","templated":true}]}}