{"id":41473,"date":"2024-01-12T12:27:19","date_gmt":"2024-07-05T18:10:34","guid":{"rendered":"https:\/\/pikasworld.ch\/product\/5-wiederverwendbare-stahlstrohhalme-regenbogen\/"},"modified":"2024-11-08T13:39:18","modified_gmt":"2024-11-08T12:39:18","slug":"5-wiederverwendbare-stahlstrohhalme-regenbogen","status":"publish","type":"product","link":"https:\/\/camaleoparty.ch\/de\/produkt\/5-wiederverwendbare-stahlstrohhalme-regenbogen\/","title":{"rendered":"5 wiederverwendbare Stahlstrohhalme Regenbogen"},"content":{"rendered":"<p>? Tr\u00e4umen Sie von einer trendigen Party, die gleichzeitig umweltbewusst ist? Das ist m\u00f6glich! ?<\/p>\n<p>Entscheiden Sie sich f\u00fcr nat\u00fcrliche, biologisch abbaubare und wiederverwendbare Produkte. Wir lieben diese Trinkhalme aus Edelstahl mit Regenbogeneffekt. Sie eignen sich perfekt, um Ihren Getr\u00e4nken einen Hauch von Farbe und Stil zu verleihen.<\/p>\n<p>\u2728 Diese Strohhalme, die im 5er-Set verkauft werden, sind nicht nur sch\u00f6n, sondern auch praktisch. Sie kommen mit einer kleinen Flaschenb\u00fcrste, um die Innenreinigung zu erleichtern, sodass Sie sie immer wieder verwenden k\u00f6nnen. \u2728<\/p>\n<p><strong>Merkmale<\/strong><\/p>\n<ul>\n<li>Material: Rostfreier Stahl<\/li>\n<li>Wirkung: Regenbogen<\/li>\n<li>H\u00f6he: 21,50 cm<\/li>\n<li>Inklusive: 5 Strohhalme + 1 Flaschenb\u00fcrste<\/li>\n<\/ul>\n<p>Verleihen Sie Ihren Partys mit diesen wiederverwendbaren Regenbogenstrohhalmen einen Hauch von Magie und Umweltverantwortung. Tun Sie etwas f\u00fcr den Planeten und halten Sie Ihre Getr\u00e4nke stilvoll und trendy!<\/p>\n","protected":false},"excerpt":{"rendered":"<p>Wir lieben diese Trinkhalme aus Edelstahl mit Regenbogeneffekt. Sie eignen sich perfekt, um Ihren Getr\u00e4nken einen Hauch von Farbe und Stil zu verleihen.<\/p>\n","protected":false},"featured_media":30519,"comment_status":"open","ping_status":"closed","template":"","meta":[],"product_cat":[159,147],"product_tag":[],"class_list":{"0":"post-41473","1":"product","2":"type-product","3":"status-publish","4":"has-post-thumbnail","6":"product_cat-strohhalme","7":"product_cat-verjaardags-en-feesttafelversieringen","9":"first","10":"instock","11":"taxable","12":"shipping-taxable","13":"purchasable","14":"product-type-simple"},"_links":{"self":[{"href":"https:\/\/camaleoparty.ch\/de\/wp-json\/wp\/v2\/product\/41473","targetHints":{"allow":["GET"]}}],"collection":[{"href":"https:\/\/camaleoparty.ch\/de\/wp-json\/wp\/v2\/product"}],"about":[{"href":"https:\/\/camaleoparty.ch\/de\/wp-json\/wp\/v2\/types\/product"}],"replies":[{"embeddable":true,"href":"https:\/\/camaleoparty.ch\/de\/wp-json\/wp\/v2\/comments?post=41473"}],"wp:featuredmedia":[{"embeddable":true,"href":"https:\/\/camaleoparty.ch\/de\/wp-json\/wp\/v2\/media\/30519"}],"wp:attachment":[{"href":"https:\/\/camaleoparty.ch\/de\/wp-json\/wp\/v2\/media?parent=41473"}],"wp:term":[{"taxonomy":"product_cat","embeddable":true,"href":"https:\/\/camaleoparty.ch\/de\/wp-json\/wp\/v2\/product_cat?post=41473"},{"taxonomy":"product_tag","embeddable":true,"href":"https:\/\/camaleoparty.ch\/de\/wp-json\/wp\/v2\/product_tag?post=41473"}],"curies":[{"name":"wp","href":"https:\/\/api.w.org\/{rel}","templated":true}]}}