{"id":41468,"date":"2024-01-30T13:35:56","date_gmt":"2024-07-05T17:58:32","guid":{"rendered":"https:\/\/pikasworld.ch\/product\/assietten-mehrfarbig-8-stueck\/"},"modified":"2024-11-08T13:37:57","modified_gmt":"2024-11-08T12:37:57","slug":"assietten-mehrfarbig-8-stueck","status":"publish","type":"product","link":"https:\/\/camaleoparty.ch\/de\/produkt\/assietten-mehrfarbig-8-stueck\/","title":{"rendered":"Assietten &#8211; mehrfarbig, 8 St\u00fcck"},"content":{"rendered":"<p>? Bring mit diesen bunten Tellern eine Farbexplosion auf deinen Tisch! ?<\/p>\n<p>Mit einem Durchmesser von etwa 18 Zentimetern bringen diese Teller eine einzigartige Schwingung auf Ihren Tisch. Die leuchtenden Farben machen es Ihnen leicht, sie mit der Palette zu kombinieren, die am besten zu Ihrer Feier passt.<\/p>\n<p>? Ob f\u00fcr ein lebhaftes Abendessen, eine lockere Veranstaltung oder jeden besonderen Anlass, diese Teller sind die perfekte Wahl. Ihre Fr\u00f6hlichkeit und Lebendigkeit wird jede Mahlzeit in ein festliches Erlebnis verwandeln. ?<\/p>\n<p>Verleihen Sie Ihrer Party einen Farbtupfer mit diesen superbunten Tellern, die Stil und Spa\u00df auf den Tisch bringen! Sie sind ideal, um Ihre Mahlzeiten aufzupeppen und Ihre G\u00e4ste mit einer spritzigen und fr\u00f6hlichen Dekoration zu \u00fcberraschen.<\/p>\n","protected":false},"excerpt":{"rendered":"<p>? Bring mit diesen bunten Tellern eine Farbexplosion auf deinen Tisch! ?<\/p>\n","protected":false},"featured_media":37988,"comment_status":"open","ping_status":"closed","template":"","meta":[],"product_cat":[149,147],"product_tag":[],"class_list":{"0":"post-41468","1":"product","2":"type-product","3":"status-publish","4":"has-post-thumbnail","6":"product_brand-ohhappyday-de","7":"product_cat-teller","8":"product_cat-verjaardags-en-feesttafelversieringen","10":"first","11":"instock","12":"taxable","13":"shipping-taxable","14":"purchasable","15":"product-type-simple"},"_links":{"self":[{"href":"https:\/\/camaleoparty.ch\/de\/wp-json\/wp\/v2\/product\/41468","targetHints":{"allow":["GET"]}}],"collection":[{"href":"https:\/\/camaleoparty.ch\/de\/wp-json\/wp\/v2\/product"}],"about":[{"href":"https:\/\/camaleoparty.ch\/de\/wp-json\/wp\/v2\/types\/product"}],"replies":[{"embeddable":true,"href":"https:\/\/camaleoparty.ch\/de\/wp-json\/wp\/v2\/comments?post=41468"}],"wp:featuredmedia":[{"embeddable":true,"href":"https:\/\/camaleoparty.ch\/de\/wp-json\/wp\/v2\/media\/37988"}],"wp:attachment":[{"href":"https:\/\/camaleoparty.ch\/de\/wp-json\/wp\/v2\/media?parent=41468"}],"wp:term":[{"taxonomy":"product_cat","embeddable":true,"href":"https:\/\/camaleoparty.ch\/de\/wp-json\/wp\/v2\/product_cat?post=41468"},{"taxonomy":"product_tag","embeddable":true,"href":"https:\/\/camaleoparty.ch\/de\/wp-json\/wp\/v2\/product_tag?post=41468"}],"curies":[{"name":"wp","href":"https:\/\/api.w.org\/{rel}","templated":true}]}}