{"id":41430,"date":"2024-01-24T20:40:21","date_gmt":"2024-01-24T19:40:21","guid":{"rendered":"https:\/\/pikasworld.ch\/product\/wandspielzeug-tuerklopfer-frosch\/"},"modified":"2024-11-08T13:38:26","modified_gmt":"2024-11-08T12:38:26","slug":"wandspielzeug-tuerklopfer-frosch","status":"publish","type":"product","link":"https:\/\/camaleoparty.ch\/de\/produkt\/wandspielzeug-tuerklopfer-frosch\/","title":{"rendered":"Wandspielzeug : T\u00fcrklopfer Frosch"},"content":{"rendered":"<p>Dieser niedliche T\u00fcrklopfer verleiht T\u00fcren ein individuelles Aussehen und animiert Kinder dazu, anzuklopfen, bevor sie eintreten.<\/p>\n<p>Sie ist auch ein hervorragendes Schlaginstrument oder eine Rufglocke.<\/p>\n<p>Geeignetes Alter: 9 Monate +<\/p>\n","protected":false},"excerpt":{"rendered":"<p>Dieser niedliche T\u00fcrklopfer verkleidet und personalisiert T\u00fcren und regt Kinder dazu an.<\/p>\n","protected":false},"featured_media":37882,"comment_status":"open","ping_status":"closed","template":"","meta":[],"product_cat":[1303,366,370,895],"product_tag":[],"class_list":{"0":"post-41430","1":"product","2":"type-product","3":"status-publish","4":"has-post-thumbnail","6":"product_cat-cadeaux","7":"product_cat-geschenk-ecke","8":"product_cat-kinder","9":"product_cat-lagerabbau","11":"first","12":"instock","13":"sale","14":"taxable","15":"shipping-taxable","16":"purchasable","17":"product-type-simple"},"_links":{"self":[{"href":"https:\/\/camaleoparty.ch\/de\/wp-json\/wp\/v2\/product\/41430","targetHints":{"allow":["GET"]}}],"collection":[{"href":"https:\/\/camaleoparty.ch\/de\/wp-json\/wp\/v2\/product"}],"about":[{"href":"https:\/\/camaleoparty.ch\/de\/wp-json\/wp\/v2\/types\/product"}],"replies":[{"embeddable":true,"href":"https:\/\/camaleoparty.ch\/de\/wp-json\/wp\/v2\/comments?post=41430"}],"wp:featuredmedia":[{"embeddable":true,"href":"https:\/\/camaleoparty.ch\/de\/wp-json\/wp\/v2\/media\/37882"}],"wp:attachment":[{"href":"https:\/\/camaleoparty.ch\/de\/wp-json\/wp\/v2\/media?parent=41430"}],"wp:term":[{"taxonomy":"product_cat","embeddable":true,"href":"https:\/\/camaleoparty.ch\/de\/wp-json\/wp\/v2\/product_cat?post=41430"},{"taxonomy":"product_tag","embeddable":true,"href":"https:\/\/camaleoparty.ch\/de\/wp-json\/wp\/v2\/product_tag?post=41430"}],"curies":[{"name":"wp","href":"https:\/\/api.w.org\/{rel}","templated":true}]}}