{"id":41422,"date":"2024-04-25T22:24:48","date_gmt":"2024-07-05T14:51:19","guid":{"rendered":"https:\/\/pikasworld.ch\/product\/guirlande-colombes-oder-oder-86cm\/"},"modified":"2024-11-08T13:25:11","modified_gmt":"2024-11-08T12:25:11","slug":"guirlande-colombes-oder-oder-86cm","status":"publish","type":"product","link":"https:\/\/camaleoparty.ch\/de\/produkt\/guirlande-colombes-oder-oder-86cm\/","title":{"rendered":"Guirlande Colombes oder, oder, 86cm"},"content":{"rendered":"<p>Verleihen Sie Ihrer Dekoration einen eleganten und symbolischen Touch mit der Taubengirlande aus goldenem Spiegelpapier. Dieser sch\u00f6ne Raum umfasst :<\/p>\n<ul>\n<li><strong>Charmantes Design <\/strong> : Aus goldenem Spiegelpapier ausgeschnittene Tauben, die das Licht auf zarte und raffinierte Weise reflektieren.<\/li>\n<li><strong>Idealma\u00dfe:<\/strong> Misst ca. 86 cm in der L\u00e4nge und 8,1 cm in der H\u00f6he. Perfekt, um Tische, W\u00e4nde oder bestimmte Bereiche w\u00e4hrend Ihrer Kommunionsfeier zu dekorieren.<\/li>\n<li><strong>Dekorative Vielseitigkeit<\/strong>: Ideal nicht nur f\u00fcr Kommunionen, sondern auch f\u00fcr Hochzeiten, Geburtstage und andere Feiern, die einen Hauch von Glanz und Eleganz verleihen.<\/li>\n<\/ul>\n<p>Verwandeln Sie mit dieser einzigartigen Girlande, die \u00e4sthetische Sch\u00f6nheit und Symbolik vereint, jeden Raum in einen besonderen Ort &#8211; perfekt f\u00fcr die Feier einer Kommunion.<\/p>\n","protected":false},"excerpt":{"rendered":"<p>Verwandeln Sie mit dieser Girlande jeden Raum in einen besonderen Ort. Sie vereint \u00e4sthetische Sch\u00f6nheit und Symbolik und eignet sich perfekt f\u00fcr die Feier einer Kommunion.<\/p>\n","protected":false},"featured_media":40108,"comment_status":"open","ping_status":"closed","template":"","meta":[],"product_cat":[175,191,875,195,841],"product_tag":[],"class_list":{"0":"post-41422","1":"product","2":"type-product","3":"status-publish","4":"has-post-thumbnail","6":"product_brand-partydeco-de","7":"product_cat-girlanden","8":"product_cat-hochzeit","9":"product_cat-kommunion","10":"product_cat-ostern","11":"product_cat-taufe","13":"first","14":"instock","15":"taxable","16":"shipping-taxable","17":"purchasable","18":"product-type-simple"},"_links":{"self":[{"href":"https:\/\/camaleoparty.ch\/de\/wp-json\/wp\/v2\/product\/41422","targetHints":{"allow":["GET"]}}],"collection":[{"href":"https:\/\/camaleoparty.ch\/de\/wp-json\/wp\/v2\/product"}],"about":[{"href":"https:\/\/camaleoparty.ch\/de\/wp-json\/wp\/v2\/types\/product"}],"replies":[{"embeddable":true,"href":"https:\/\/camaleoparty.ch\/de\/wp-json\/wp\/v2\/comments?post=41422"}],"wp:featuredmedia":[{"embeddable":true,"href":"https:\/\/camaleoparty.ch\/de\/wp-json\/wp\/v2\/media\/40108"}],"wp:attachment":[{"href":"https:\/\/camaleoparty.ch\/de\/wp-json\/wp\/v2\/media?parent=41422"}],"wp:term":[{"taxonomy":"product_cat","embeddable":true,"href":"https:\/\/camaleoparty.ch\/de\/wp-json\/wp\/v2\/product_cat?post=41422"},{"taxonomy":"product_tag","embeddable":true,"href":"https:\/\/camaleoparty.ch\/de\/wp-json\/wp\/v2\/product_tag?post=41422"}],"curies":[{"name":"wp","href":"https:\/\/api.w.org\/{rel}","templated":true}]}}