{"id":41401,"date":"2023-11-19T12:56:00","date_gmt":"2024-07-04T17:14:57","guid":{"rendered":"https:\/\/pikasworld.ch\/product\/hello-baby-holzkuchendekoration-mit-wolken\/"},"modified":"2024-11-08T13:44:48","modified_gmt":"2024-11-08T12:44:48","slug":"hello-baby-holzkuchendekoration-mit-wolken","status":"publish","type":"product","link":"https:\/\/camaleoparty.ch\/de\/produkt\/hello-baby-holzkuchendekoration-mit-wolken\/","title":{"rendered":"Hello Baby Holzkuchendekoration mit Wolken"},"content":{"rendered":"<p>? Verleihe deiner Torte den perfekten letzten Schliff mit dieser tollen Holzdekoration f\u00fcr die Babyparty! ?<\/p>\n<p>Dieser elegante Topper passt perfekt zu den wundersch\u00f6nen Dekorationen f\u00fcr Babypartys aus unserer &#8222;Hello Baby&#8220;-Kollektion. Stellen Sie sich Elemente aus Holz und Weide vor, die neutral und wirklich ein Geschenk sind, f\u00fcr eine schicke und nat\u00fcrliche Babyparty.<\/p>\n<p>Jede Packung enth\u00e4lt :<\/p>\n<ul>\n<li>1 x Kuchendekoration &#8222;Hello Baby&#8220; mit den Ma\u00dfen 12 cm (H) x 12 cm (B)<\/li>\n<li>3 x Wolkendekorationen aus Holz mit den Ma\u00dfen 3,8 cm (H) x 6 cm (B) mit 3 x Holzst\u00e4ben in verschiedenen Gr\u00f6\u00dfen<\/li>\n<\/ul>\n<p>Schaffen Sie eine zauberhafte und s\u00fc\u00dfe Atmosph\u00e4re, um die Ankunft Ihres kleinen Schatzes zu feiern. Lasst die Party beginnen!<\/p>\n","protected":false},"excerpt":{"rendered":"<p>? Verleihe deiner Torte den perfekten letzten Schliff mit dieser tollen Holzdekoration f\u00fcr die Babyparty! ?<\/p>\n","protected":false},"featured_media":36699,"comment_status":"open","ping_status":"closed","template":"","meta":[],"product_cat":[185,151,330,147],"product_tag":[],"class_list":{"0":"post-41401","1":"product","2":"type-product","3":"status-publish","4":"has-post-thumbnail","6":"product_brand-gingerray-de","7":"product_cat-baby-shower-de","8":"product_cat-cake-toppers-de","9":"product_cat-cupcakes-de","10":"product_cat-verjaardags-en-feesttafelversieringen","12":"first","13":"instock","14":"taxable","15":"shipping-taxable","16":"purchasable","17":"product-type-simple"},"_links":{"self":[{"href":"https:\/\/camaleoparty.ch\/de\/wp-json\/wp\/v2\/product\/41401","targetHints":{"allow":["GET"]}}],"collection":[{"href":"https:\/\/camaleoparty.ch\/de\/wp-json\/wp\/v2\/product"}],"about":[{"href":"https:\/\/camaleoparty.ch\/de\/wp-json\/wp\/v2\/types\/product"}],"replies":[{"embeddable":true,"href":"https:\/\/camaleoparty.ch\/de\/wp-json\/wp\/v2\/comments?post=41401"}],"wp:featuredmedia":[{"embeddable":true,"href":"https:\/\/camaleoparty.ch\/de\/wp-json\/wp\/v2\/media\/36699"}],"wp:attachment":[{"href":"https:\/\/camaleoparty.ch\/de\/wp-json\/wp\/v2\/media?parent=41401"}],"wp:term":[{"taxonomy":"product_cat","embeddable":true,"href":"https:\/\/camaleoparty.ch\/de\/wp-json\/wp\/v2\/product_cat?post=41401"},{"taxonomy":"product_tag","embeddable":true,"href":"https:\/\/camaleoparty.ch\/de\/wp-json\/wp\/v2\/product_tag?post=41401"}],"curies":[{"name":"wp","href":"https:\/\/api.w.org\/{rel}","templated":true}]}}