{"id":41400,"date":"2024-06-04T19:52:56","date_gmt":"2024-07-04T17:13:38","guid":{"rendered":"https:\/\/pikasworld.ch\/product\/becher-fuer-eis-woodland-8tlg\/"},"modified":"2024-11-08T13:23:47","modified_gmt":"2024-11-08T12:23:47","slug":"becher-fuer-eis-woodland-8tlg","status":"publish","type":"product","link":"https:\/\/camaleoparty.ch\/de\/produkt\/becher-fuer-eis-woodland-8tlg\/","title":{"rendered":"Becher f\u00fcr Eis Woodland, 8tlg."},"content":{"rendered":"<p>Modern und minimalistisch: Die Papierbecher der Woodland-Kollektion eignen sich perfekt, um Babyshowers, Geburtstagen und anderen Festen einen Hauch von Spa\u00df zu verleihen. Diese Becher sind von den Tieren des Waldes und der Geschichte von Rotk\u00e4ppchen inspiriert und versetzen Sie in eine Waldatmosph\u00e4re voller niedlicher kleiner Tiere, Blumen und s\u00fc\u00dfer B\u00e4ume.<\/p>\n<p>Produktmerkmale :<\/p>\n<ul>\n<li>Typ: Papierbecher f\u00fcr Eiscreme<\/li>\n<li>Set: 8 Partybecher<\/li>\n<li>Ma\u00dfe: Jeder Becher ist ca. 5,2 cm (2 Zoll) hoch und hat einen Durchmesser von 8,5 cm (3,34 Zoll).<\/li>\n<li>Koordination: Mit denselben Designs von Tellern, Tassen und Partyservietten zu kombinieren.<\/li>\n<li>Mikrowelle: Nicht f\u00fcr die Mikrowelle geeignet<\/li>\n<\/ul>\n<p>Diese Becher eignen sich perfekt zum Servieren von Eisdesserts und verleihen Ihrer Party einen Hauch von Magie. Stellen Sie sich vor, wie Ihre G\u00e4ste diese mit kleinen Waldtieren verzierten Becher entdecken &#8211; sie werden begeistert sein! Ob f\u00fcr eine Babyshower, einen Geburtstag oder einen anderen besonderen Anlass, diese Becher werden Ihre Party noch lustiger und unvergesslicher machen. Tauchen Sie mit der Woodland-Kollektion in die Atmosph\u00e4re des Waldes ein und machen Sie Ihre Veranstaltung zu einem unvergesslichen Erlebnis!<\/p>\n","protected":false},"excerpt":{"rendered":"<p>Diese Becher eignen sich perfekt zum Servieren von Eisdesserts und verleihen Ihrer Party einen Hauch von Magie.<\/p>\n","protected":false},"featured_media":40874,"comment_status":"open","ping_status":"closed","template":"","meta":[],"product_cat":[708,183,598],"product_tag":[],"class_list":{"0":"post-41400","1":"product","2":"type-product","3":"status-publish","4":"has-post-thumbnail","6":"product_brand-loop-by-frankie-de","7":"product_cat-blumen","8":"product_cat-geburtstag","9":"product_cat-waldgebiet","11":"first","12":"instock","13":"taxable","14":"shipping-taxable","15":"product-type-simple"},"_links":{"self":[{"href":"https:\/\/camaleoparty.ch\/de\/wp-json\/wp\/v2\/product\/41400","targetHints":{"allow":["GET"]}}],"collection":[{"href":"https:\/\/camaleoparty.ch\/de\/wp-json\/wp\/v2\/product"}],"about":[{"href":"https:\/\/camaleoparty.ch\/de\/wp-json\/wp\/v2\/types\/product"}],"replies":[{"embeddable":true,"href":"https:\/\/camaleoparty.ch\/de\/wp-json\/wp\/v2\/comments?post=41400"}],"wp:featuredmedia":[{"embeddable":true,"href":"https:\/\/camaleoparty.ch\/de\/wp-json\/wp\/v2\/media\/40874"}],"wp:attachment":[{"href":"https:\/\/camaleoparty.ch\/de\/wp-json\/wp\/v2\/media?parent=41400"}],"wp:term":[{"taxonomy":"product_cat","embeddable":true,"href":"https:\/\/camaleoparty.ch\/de\/wp-json\/wp\/v2\/product_cat?post=41400"},{"taxonomy":"product_tag","embeddable":true,"href":"https:\/\/camaleoparty.ch\/de\/wp-json\/wp\/v2\/product_tag?post=41400"}],"curies":[{"name":"wp","href":"https:\/\/api.w.org\/{rel}","templated":true}]}}