{"id":41389,"date":"2023-11-25T04:55:56","date_gmt":"2024-07-04T16:20:44","guid":{"rendered":"https:\/\/pikasworld.ch\/product\/partygirlande-gruen-salbei\/"},"modified":"2024-11-08T13:44:26","modified_gmt":"2024-11-08T12:44:26","slug":"partygirlande-gruen-salbei","status":"publish","type":"product","link":"https:\/\/camaleoparty.ch\/de\/produkt\/partygirlande-gruen-salbei\/","title":{"rendered":"Partygirlande gr\u00fcn Salbei"},"content":{"rendered":"<p>? Heben Sie die Stimmung auf Ihrer Feier mit dieser wundersch\u00f6nen salbeigr\u00fcnen Partygirlande! ?<\/p>\n<p>Sein raffinierter Farbton schafft einen au\u00dfergew\u00f6hnlichen Hintergrund, der sich perfekt f\u00fcr alle Veranstaltungen eignet, von sommerlichen Gartenpartys bis hin zu festlichen Geburtstagen. Der umweltfreundliche Aspekt dieser Girlande verleiht Ihrer Dekoration einen Hauch von Verantwortung, w\u00e4hrend ihre schicke Schlichtheit zu einer Vielzahl von Themen passt.<\/p>\n<p>Jede Packung enth\u00e4lt eine 5 Meter lange H\u00e4ngedekoration, die bereit ist, Ihren Feierraum zu versch\u00f6nern!<\/p>\n","protected":false},"excerpt":{"rendered":"<p>? Heben Sie die Stimmung auf Ihrer Feier mit dieser wundersch\u00f6nen, umweltfreundlichen Girlande.<\/p>\n","protected":false},"featured_media":36841,"comment_status":"open","ping_status":"closed","template":"","meta":[],"product_cat":[175,185,554,183,385,1206,191,195,181,189],"product_tag":[],"class_list":{"0":"post-41389","1":"product","2":"type-product","3":"status-publish","4":"has-post-thumbnail","6":"product_brand-gingerray-de","7":"product_cat-girlanden","8":"product_cat-baby-shower-de","9":"product_cat-fruhling","10":"product_cat-geburtstag","11":"product_cat-gender-reveal-party-de","12":"product_cat-farbe-gruen","13":"product_cat-hochzeit","14":"product_cat-ostern","15":"product_cat-saisonal","16":"product_cat-sommer","18":"first","19":"instock","20":"taxable","21":"shipping-taxable","22":"purchasable","23":"product-type-simple"},"_links":{"self":[{"href":"https:\/\/camaleoparty.ch\/de\/wp-json\/wp\/v2\/product\/41389","targetHints":{"allow":["GET"]}}],"collection":[{"href":"https:\/\/camaleoparty.ch\/de\/wp-json\/wp\/v2\/product"}],"about":[{"href":"https:\/\/camaleoparty.ch\/de\/wp-json\/wp\/v2\/types\/product"}],"replies":[{"embeddable":true,"href":"https:\/\/camaleoparty.ch\/de\/wp-json\/wp\/v2\/comments?post=41389"}],"wp:featuredmedia":[{"embeddable":true,"href":"https:\/\/camaleoparty.ch\/de\/wp-json\/wp\/v2\/media\/36841"}],"wp:attachment":[{"href":"https:\/\/camaleoparty.ch\/de\/wp-json\/wp\/v2\/media?parent=41389"}],"wp:term":[{"taxonomy":"product_cat","embeddable":true,"href":"https:\/\/camaleoparty.ch\/de\/wp-json\/wp\/v2\/product_cat?post=41389"},{"taxonomy":"product_tag","embeddable":true,"href":"https:\/\/camaleoparty.ch\/de\/wp-json\/wp\/v2\/product_tag?post=41389"}],"curies":[{"name":"wp","href":"https:\/\/api.w.org\/{rel}","templated":true}]}}