{"id":41387,"date":"2023-11-25T18:27:04","date_gmt":"2024-07-04T16:12:15","guid":{"rendered":"https:\/\/pikasworld.ch\/product\/schreibtischparty-kit-happy-birthday\/"},"modified":"2024-11-08T13:44:23","modified_gmt":"2024-11-08T12:44:23","slug":"schreibtischparty-kit-happy-birthday","status":"publish","type":"product","link":"https:\/\/camaleoparty.ch\/de\/produkt\/schreibtischparty-kit-happy-birthday\/","title":{"rendered":"Schreibtischparty-Kit &#8222;Happy Birthday"},"content":{"rendered":"<p>? Arbeite hart und spiele noch h\u00e4rter mit diesem Partyset f\u00fcr das B\u00fcro! Gestalten Sie ein Geburtstagsgeschenk f\u00fcr Ihren Kollegen und machen Sie seinen Tag zu etwas ganz Besonderem! ?<\/p>\n<p>Jedes Paket enth\u00e4lt alles, was Sie f\u00fcr eine unvergessliche Party brauchen :<\/p>\n<ul>\n<li>3 Ballonbanderolen von 30,5 cm<\/li>\n<li>Glitzerndes Konfetti<\/li>\n<li>Ein lustiger Partyhut<\/li>\n<li>Eine strahlende Geburtstagsrosette<\/li>\n<\/ul>\n<p>Verwandeln Sie das B\u00fcro in einen Ort des Feierns und bringen Sie das L\u00e4cheln Ihres Kollegen mit diesem &#8222;Happy Birthday&#8220;-Partyset zum Strahlen!<\/p>\n","protected":false},"excerpt":{"rendered":"<p>Verwandeln Sie das B\u00fcro in einen Ort des Feierns und bringen Sie das L\u00e4cheln Ihres Kollegen mit diesem &#8222;Happy Birthday&#8220;-Partyset zum Strahlen!<\/p>\n","protected":false},"featured_media":36861,"comment_status":"open","ping_status":"closed","template":"","meta":[],"product_cat":[163,183,181],"product_tag":[],"class_list":{"0":"post-41387","1":"product","2":"type-product","3":"status-publish","4":"has-post-thumbnail","6":"product_brand-gingerray-de","7":"product_cat-dekoration","8":"product_cat-geburtstag","9":"product_cat-saisonal","11":"first","12":"instock","13":"taxable","14":"shipping-taxable","15":"purchasable","16":"product-type-simple"},"_links":{"self":[{"href":"https:\/\/camaleoparty.ch\/de\/wp-json\/wp\/v2\/product\/41387","targetHints":{"allow":["GET"]}}],"collection":[{"href":"https:\/\/camaleoparty.ch\/de\/wp-json\/wp\/v2\/product"}],"about":[{"href":"https:\/\/camaleoparty.ch\/de\/wp-json\/wp\/v2\/types\/product"}],"replies":[{"embeddable":true,"href":"https:\/\/camaleoparty.ch\/de\/wp-json\/wp\/v2\/comments?post=41387"}],"wp:featuredmedia":[{"embeddable":true,"href":"https:\/\/camaleoparty.ch\/de\/wp-json\/wp\/v2\/media\/36861"}],"wp:attachment":[{"href":"https:\/\/camaleoparty.ch\/de\/wp-json\/wp\/v2\/media?parent=41387"}],"wp:term":[{"taxonomy":"product_cat","embeddable":true,"href":"https:\/\/camaleoparty.ch\/de\/wp-json\/wp\/v2\/product_cat?post=41387"},{"taxonomy":"product_tag","embeddable":true,"href":"https:\/\/camaleoparty.ch\/de\/wp-json\/wp\/v2\/product_tag?post=41387"}],"curies":[{"name":"wp","href":"https:\/\/api.w.org\/{rel}","templated":true}]}}