{"id":41376,"date":"2024-01-29T22:16:00","date_gmt":"2024-01-29T21:16:00","guid":{"rendered":"https:\/\/pikasworld.ch\/product\/teller-mit-streifen-in-mint-8-stueck\/"},"modified":"2024-11-08T13:38:22","modified_gmt":"2024-11-08T12:38:22","slug":"teller-mit-streifen-in-mint-8-stueck","status":"publish","type":"product","link":"https:\/\/camaleoparty.ch\/de\/produkt\/teller-mit-streifen-in-mint-8-stueck\/","title":{"rendered":"Teller mit Streifen in Mint, 8 St\u00fcck"},"content":{"rendered":"<p>? Verleihen Sie Ihrer Party einen frischen und lustigen Touch mit unserem 8-teiligen Tellerset mit Mintstreifen! ?<\/p>\n<p>Jeder Teller misst etwa 18 cm reines Minzgl\u00fcck. Sie eignen sich perfekt f\u00fcr jede Art von Feier, sei es ein kleines Treffen mit Freunden oder eine gro\u00dfe Feier. Diese Teller sind nicht nur farbenfroh, sondern auch superpraktisch.<\/p>\n<p>? Bereiten Sie sich auf eine stilvolle Party ohne l\u00e4stiges Geschirr vor!<\/p>\n","protected":false},"excerpt":{"rendered":"<p>? Verleihen Sie Ihrer Party einen frischen und lustigen Touch mit unserem 8-teiligen Tellerset mit Mintstreifen! ?<\/p>\n","protected":false},"featured_media":37900,"comment_status":"open","ping_status":"closed","template":"","meta":[],"product_cat":[183,1206,1285,149,147],"product_tag":[],"class_list":{"0":"post-41376","1":"product","2":"type-product","3":"status-publish","4":"has-post-thumbnail","6":"product_brand-ohhappyday-de","7":"product_cat-geburtstag","8":"product_cat-farbe-gruen","9":"product_cat-menthe-de","10":"product_cat-teller","11":"product_cat-verjaardags-en-feesttafelversieringen","13":"first","14":"instock","15":"taxable","16":"shipping-taxable","17":"purchasable","18":"product-type-simple"},"_links":{"self":[{"href":"https:\/\/camaleoparty.ch\/de\/wp-json\/wp\/v2\/product\/41376","targetHints":{"allow":["GET"]}}],"collection":[{"href":"https:\/\/camaleoparty.ch\/de\/wp-json\/wp\/v2\/product"}],"about":[{"href":"https:\/\/camaleoparty.ch\/de\/wp-json\/wp\/v2\/types\/product"}],"replies":[{"embeddable":true,"href":"https:\/\/camaleoparty.ch\/de\/wp-json\/wp\/v2\/comments?post=41376"}],"wp:featuredmedia":[{"embeddable":true,"href":"https:\/\/camaleoparty.ch\/de\/wp-json\/wp\/v2\/media\/37900"}],"wp:attachment":[{"href":"https:\/\/camaleoparty.ch\/de\/wp-json\/wp\/v2\/media?parent=41376"}],"wp:term":[{"taxonomy":"product_cat","embeddable":true,"href":"https:\/\/camaleoparty.ch\/de\/wp-json\/wp\/v2\/product_cat?post=41376"},{"taxonomy":"product_tag","embeddable":true,"href":"https:\/\/camaleoparty.ch\/de\/wp-json\/wp\/v2\/product_tag?post=41376"}],"curies":[{"name":"wp","href":"https:\/\/api.w.org\/{rel}","templated":true}]}}