{"id":41365,"date":"2023-09-17T18:00:54","date_gmt":"2024-07-03T12:50:24","guid":{"rendered":"https:\/\/pikasworld.ch\/product\/ballon-en-mylar-pingouin\/"},"modified":"2025-10-21T09:04:48","modified_gmt":"2025-10-21T08:04:48","slug":"ballon-en-mylar-pingouin","status":"publish","type":"product","link":"https:\/\/camaleoparty.ch\/de\/produkt\/ballon-en-mylar-pingouin\/","title":{"rendered":"Ballon en Mylar Pingouin"},"content":{"rendered":"<p>\u2744\ufe0f Sorgen Sie mit diesem glitzernden Mylar-Ballon in Pinguinform f\u00fcr Aufsehen! \u2744\ufe0f<\/p>\n<p>Mit seinen gemischten Farben und seinem unwiderstehlichen Glanz ist dieser Ballon perfekt, um all Ihren Partys und Feiern einen Hauch von Spa\u00df zu verleihen. Ob f\u00fcr einen Geburtstag, eine Mottoparty oder einfach nur zum Spa\u00df, dieser s\u00fc\u00dfe Pinguin wird Jung und Alt begeistern.<\/p>\n<p><strong>Abmessungen :<\/strong><\/p>\n<ul>\n<li>Gr\u00f6\u00dfe: ca. 29 x 42 cm (11,5 x 16,5&#8220;)<\/li>\n<\/ul>\n<p>Fertig zum Aufblasen, bringt er einen glitzernden Polar-Touch in Ihre Dekoration!<\/p>\n","protected":false},"excerpt":{"rendered":"<p>dieser Pinguinballon ist perfekt, um all Ihren Partys und Feiern einen Hauch von Spa\u00df zu verleihen.<\/p>\n","protected":false},"featured_media":35078,"comment_status":"open","ping_status":"closed","template":"","meta":[],"product_cat":[193,912],"product_tag":[],"class_list":{"0":"post-41365","1":"product","2":"type-product","3":"status-publish","4":"has-post-thumbnail","6":"product_brand-partydeco-de","7":"product_cat-weihnachten","8":"product_cat-weihnachtsdekoration","10":"first","11":"instock","12":"taxable","13":"shipping-taxable","14":"purchasable","15":"product-type-simple"},"_links":{"self":[{"href":"https:\/\/camaleoparty.ch\/de\/wp-json\/wp\/v2\/product\/41365","targetHints":{"allow":["GET"]}}],"collection":[{"href":"https:\/\/camaleoparty.ch\/de\/wp-json\/wp\/v2\/product"}],"about":[{"href":"https:\/\/camaleoparty.ch\/de\/wp-json\/wp\/v2\/types\/product"}],"replies":[{"embeddable":true,"href":"https:\/\/camaleoparty.ch\/de\/wp-json\/wp\/v2\/comments?post=41365"}],"wp:featuredmedia":[{"embeddable":true,"href":"https:\/\/camaleoparty.ch\/de\/wp-json\/wp\/v2\/media\/35078"}],"wp:attachment":[{"href":"https:\/\/camaleoparty.ch\/de\/wp-json\/wp\/v2\/media?parent=41365"}],"wp:term":[{"taxonomy":"product_cat","embeddable":true,"href":"https:\/\/camaleoparty.ch\/de\/wp-json\/wp\/v2\/product_cat?post=41365"},{"taxonomy":"product_tag","embeddable":true,"href":"https:\/\/camaleoparty.ch\/de\/wp-json\/wp\/v2\/product_tag?post=41365"}],"curies":[{"name":"wp","href":"https:\/\/api.w.org\/{rel}","templated":true}]}}